{"id":67134,"date":"2022-10-21T11:00:21","date_gmt":"2022-10-21T09:00:21","guid":{"rendered":"https:\/\/83725a6903.nxcli.io\/?post_type=product&#038;p=67134"},"modified":"2023-08-10T07:48:16","modified_gmt":"2023-08-10T05:48:16","slug":"loofah-rings","status":"publish","type":"product","link":"https:\/\/pim.fuglebutikken.no\/nb\/produkt\/loofah-rings\/","title":{"rendered":"Loofah rings, Trixie"},"content":{"rendered":"<h2>Loofah rings, Trixie<\/h2>\n<p>Gnagernes tenner vokser hele livet og de er derfor avhengig av \u00e5 ha noe \u00e5 gnage p\u00e5 for at tennene ikke skal bli for lange. Disse tyggelekene hjelper til med \u00e5 slipe ned tennene.<\/p>","protected":false},"excerpt":{"rendered":"<h3>Loofah rings, Trixie<\/h3>\n<ul>\n<li>Rotting og maisblanding<\/li>\n<li>laget av 100 % naturlige materialer<\/li>\n<li>loofah\/rotting\/maisskal<\/li>\n<li>Popul\u00e6rt for marsvin, kaniner og hamster<\/li>\n<li>Tyggeleker som sliper tennene<\/li>\n<li>\u00d813 cm<\/li>\n<\/ul>","protected":false},"featured_media":67339,"comment_status":"closed","ping_status":"closed","template":"","meta":{"_uf_show_specific_survey":0,"_uf_disable_surveys":false},"pwb-brand":[3899],"product_brand":[],"product_cat":[166,168,4063],"product_tag":[],"class_list":{"0":"post-67134","1":"product","2":"type-product","3":"status-publish","4":"has-post-thumbnail","6":"pwb-brand-trixie","7":"product_cat-burinventar","8":"product_cat-leke-og-aktivitet","9":"product_cat-smadyr","11":"first","12":"instock","13":"taxable","14":"shipping-taxable","15":"purchasable","16":"product-type-simple"},"exclude_global_add_ons":[],"addons":[],"brands":[{"id":3899,"name":"Trixie","slug":"trixie"}],"_links":{"self":[{"href":"https:\/\/pim.fuglebutikken.no\/nb\/wp-json\/wp\/v2\/product\/67134","targetHints":{"allow":["GET"]}}],"collection":[{"href":"https:\/\/pim.fuglebutikken.no\/nb\/wp-json\/wp\/v2\/product"}],"about":[{"href":"https:\/\/pim.fuglebutikken.no\/nb\/wp-json\/wp\/v2\/types\/product"}],"replies":[{"embeddable":true,"href":"https:\/\/pim.fuglebutikken.no\/nb\/wp-json\/wp\/v2\/comments?post=67134"}],"wp:featuredmedia":[{"embeddable":true,"href":"https:\/\/pim.fuglebutikken.no\/nb\/wp-json\/wp\/v2\/media\/67339"}],"wp:attachment":[{"href":"https:\/\/pim.fuglebutikken.no\/nb\/wp-json\/wp\/v2\/media?parent=67134"}],"wp:term":[{"taxonomy":"pwb-brand","embeddable":true,"href":"https:\/\/pim.fuglebutikken.no\/nb\/wp-json\/wp\/v2\/pwb-brand?post=67134"},{"taxonomy":"product_brand","embeddable":true,"href":"https:\/\/pim.fuglebutikken.no\/nb\/wp-json\/wp\/v2\/product_brand?post=67134"},{"taxonomy":"product_cat","embeddable":true,"href":"https:\/\/pim.fuglebutikken.no\/nb\/wp-json\/wp\/v2\/product_cat?post=67134"},{"taxonomy":"product_tag","embeddable":true,"href":"https:\/\/pim.fuglebutikken.no\/nb\/wp-json\/wp\/v2\/product_tag?post=67134"}],"curies":[{"name":"wp","href":"https:\/\/api.w.org\/{rel}","templated":true}]}}