{"id":67011,"date":"2022-10-20T11:44:20","date_gmt":"2022-10-20T09:44:20","guid":{"rendered":"https:\/\/83725a6903.nxcli.io\/?post_type=product&#038;p=67011"},"modified":"2023-08-10T07:49:15","modified_gmt":"2023-08-10T05:49:15","slug":"ferplast-rotte-ilder-boyd-ror","status":"publish","type":"product","link":"https:\/\/pim.fuglebutikken.no\/nb\/produkt\/ferplast-rotte-ilder-boyd-ror\/","title":{"rendered":"Ferplast rotte-ilder b\u00f8yd r\u00f8r"},"content":{"rendered":"<h2>Ferplast rotte-ilder b\u00f8yd r\u00f8r<\/h2>","protected":false},"excerpt":{"rendered":"<h3>Ferplast rotte-ilder b\u00f8yd r\u00f8r<\/h3>\n<ul>\n<li>Leke for ildere, med form som et r\u00f8r<\/li>\n<li>Laget av gjennomsiktig plast<\/li>\n<li>Med metallkjede som skal festes til ilderbur<\/li>\n<\/ul>","protected":false},"featured_media":67059,"comment_status":"closed","ping_status":"closed","template":"","meta":{"_uf_show_specific_survey":0,"_uf_disable_surveys":false},"pwb-brand":[3861],"product_brand":[],"product_cat":[166,168,4063,6033],"product_tag":[],"class_list":{"0":"post-67011","1":"product","2":"type-product","3":"status-publish","4":"has-post-thumbnail","6":"pwb-brand-ferplast","7":"product_cat-burinventar","8":"product_cat-leke-og-aktivitet","9":"product_cat-smadyr","10":"product_cat-tunneler-og-ror","12":"first","13":"instock","14":"taxable","15":"shipping-taxable","16":"purchasable","17":"product-type-simple"},"exclude_global_add_ons":[],"addons":[],"brands":[{"id":3861,"name":"Ferplast","slug":"ferplast"}],"_links":{"self":[{"href":"https:\/\/pim.fuglebutikken.no\/nb\/wp-json\/wp\/v2\/product\/67011","targetHints":{"allow":["GET"]}}],"collection":[{"href":"https:\/\/pim.fuglebutikken.no\/nb\/wp-json\/wp\/v2\/product"}],"about":[{"href":"https:\/\/pim.fuglebutikken.no\/nb\/wp-json\/wp\/v2\/types\/product"}],"replies":[{"embeddable":true,"href":"https:\/\/pim.fuglebutikken.no\/nb\/wp-json\/wp\/v2\/comments?post=67011"}],"wp:featuredmedia":[{"embeddable":true,"href":"https:\/\/pim.fuglebutikken.no\/nb\/wp-json\/wp\/v2\/media\/67059"}],"wp:attachment":[{"href":"https:\/\/pim.fuglebutikken.no\/nb\/wp-json\/wp\/v2\/media?parent=67011"}],"wp:term":[{"taxonomy":"pwb-brand","embeddable":true,"href":"https:\/\/pim.fuglebutikken.no\/nb\/wp-json\/wp\/v2\/pwb-brand?post=67011"},{"taxonomy":"product_brand","embeddable":true,"href":"https:\/\/pim.fuglebutikken.no\/nb\/wp-json\/wp\/v2\/product_brand?post=67011"},{"taxonomy":"product_cat","embeddable":true,"href":"https:\/\/pim.fuglebutikken.no\/nb\/wp-json\/wp\/v2\/product_cat?post=67011"},{"taxonomy":"product_tag","embeddable":true,"href":"https:\/\/pim.fuglebutikken.no\/nb\/wp-json\/wp\/v2\/product_tag?post=67011"}],"curies":[{"name":"wp","href":"https:\/\/api.w.org\/{rel}","templated":true}]}}