{"id":67001,"date":"2022-10-20T11:23:55","date_gmt":"2022-10-20T09:23:55","guid":{"rendered":"https:\/\/83725a6903.nxcli.io\/?post_type=product&#038;p=67001"},"modified":"2023-08-10T07:49:42","modified_gmt":"2023-08-10T05:49:42","slug":"ferplast-burtilkobling","status":"publish","type":"product","link":"https:\/\/pim.fuglebutikken.no\/nb\/produkt\/ferplast-burtilkobling\/","title":{"rendered":"Ferplast burtilkobling-stopp p\u00e5 r\u00f8r"},"content":{"rendered":"<h2>Ferplast burtilkobling-stopp p\u00e5 r\u00f8r<\/h2>\n<p>Hit men ikke lengre! Tubline stopp blokkerer det firkantede hullet i Ferplast-burene som du kan feste r\u00f8r i om du \u00f8nsker, eller bruke plastlokket som f\u00f8lger med og blokkere bur\u00e5pningen ved rengj\u00f8ring eller flytting av r\u00f8rene.<\/p>","protected":false},"excerpt":{"rendered":"<h3>Ferplast burtilkobling-stopp p\u00e5 r\u00f8r<\/h3>\n<p>Deksel til hamsterbur<br \/>\nLaget av gjennomsiktig plast<br \/>\nDet ideelle tilbeh\u00f8ret for alle modul\u00e6re bur for hamstere<br \/>\nAssorterte farger<\/p>","protected":false},"featured_media":67090,"comment_status":"closed","ping_status":"closed","template":"","meta":{"_uf_show_specific_survey":0,"_uf_disable_surveys":false},"pwb-brand":[3861],"product_brand":[],"product_cat":[166,168,4063,6033],"product_tag":[],"class_list":{"0":"post-67001","1":"product","2":"type-product","3":"status-publish","4":"has-post-thumbnail","6":"pwb-brand-ferplast","7":"product_cat-burinventar","8":"product_cat-leke-og-aktivitet","9":"product_cat-smadyr","10":"product_cat-tunneler-og-ror","12":"first","13":"instock","14":"taxable","15":"shipping-taxable","16":"purchasable","17":"product-type-simple"},"exclude_global_add_ons":[],"addons":[],"brands":[{"id":3861,"name":"Ferplast","slug":"ferplast"}],"_links":{"self":[{"href":"https:\/\/pim.fuglebutikken.no\/nb\/wp-json\/wp\/v2\/product\/67001","targetHints":{"allow":["GET"]}}],"collection":[{"href":"https:\/\/pim.fuglebutikken.no\/nb\/wp-json\/wp\/v2\/product"}],"about":[{"href":"https:\/\/pim.fuglebutikken.no\/nb\/wp-json\/wp\/v2\/types\/product"}],"replies":[{"embeddable":true,"href":"https:\/\/pim.fuglebutikken.no\/nb\/wp-json\/wp\/v2\/comments?post=67001"}],"wp:featuredmedia":[{"embeddable":true,"href":"https:\/\/pim.fuglebutikken.no\/nb\/wp-json\/wp\/v2\/media\/67090"}],"wp:attachment":[{"href":"https:\/\/pim.fuglebutikken.no\/nb\/wp-json\/wp\/v2\/media?parent=67001"}],"wp:term":[{"taxonomy":"pwb-brand","embeddable":true,"href":"https:\/\/pim.fuglebutikken.no\/nb\/wp-json\/wp\/v2\/pwb-brand?post=67001"},{"taxonomy":"product_brand","embeddable":true,"href":"https:\/\/pim.fuglebutikken.no\/nb\/wp-json\/wp\/v2\/product_brand?post=67001"},{"taxonomy":"product_cat","embeddable":true,"href":"https:\/\/pim.fuglebutikken.no\/nb\/wp-json\/wp\/v2\/product_cat?post=67001"},{"taxonomy":"product_tag","embeddable":true,"href":"https:\/\/pim.fuglebutikken.no\/nb\/wp-json\/wp\/v2\/product_tag?post=67001"}],"curies":[{"name":"wp","href":"https:\/\/api.w.org\/{rel}","templated":true}]}}