{"id":66795,"date":"2022-10-18T15:10:44","date_gmt":"2022-10-18T13:10:44","guid":{"rendered":"https:\/\/83725a6903.nxcli.io\/?post_type=product&#038;p=66795"},"modified":"2023-08-10T07:52:22","modified_gmt":"2023-08-10T05:52:22","slug":"vitapol-drops-med-gulrot-75g","status":"publish","type":"product","link":"https:\/\/pim.fuglebutikken.no\/nb\/produkt\/vitapol-drops-med-gulrot-75g\/","title":{"rendered":"Vitapol Drops med Gulrot 75g"},"content":{"rendered":"<h2>Vitapol Drops med Gulrot 75g<\/h2>\n<p>Kompletterende f\u00f4r.<\/p>\n<p>Ingredienser: Sukker 39 %, vegetabilsk fett 34 %, meieriprodukter 21 %, gr\u00f8nnsaker 6 %.<\/p>\n<p>Analyse: Protein 7,1 %, fiber 0,8 %, fett 25,5 %, aske 2,4 %. Inneholder naturlige vitaminer.<\/p>\n<p>Smaksatt drops er beregnet til gnagere som: hamstere, marsvin, chinchillaer og tamme kaniner. Et bredt utvalg av smaker gj\u00f8re at du kan pr\u00f8ve deg frem til du finner dine dyrs favorittsmak. Dette produktet til et utmerket f\u00f4r som supplement til kj\u00e6ledyrets diett.<\/p>\n<p>Kostholdsanbefalinger: bruk 1-2 ganger om dagen<\/p>\n<p>Dropsene er laget av frukt og matprodukter av h\u00f8yeste kvalitet, og produksjonen deres er under konstant veterin\u00e6rkontroll.<\/p>\n<p>B\u00f8r gis i sm\u00e5 mengder 1-2 ganger daglig.<\/p>","protected":false},"excerpt":{"rendered":"<h3>Vitapol Drops med Gulrot 75g<\/h3>\n<div class=\"woocommerce-product-details__short-description\">\n<p>Gi som et mellomm\u00e5ltid eller treningssnacks for \u00e5 komplementere hovedmaten.<\/p>\n<\/div>","protected":false},"featured_media":66796,"comment_status":"closed","ping_status":"closed","template":"","meta":{"_uf_show_specific_survey":0,"_uf_disable_surveys":false},"pwb-brand":[3985],"product_brand":[],"product_cat":[162,182,4063],"product_tag":[],"class_list":{"0":"post-66795","1":"product","2":"type-product","3":"status-publish","4":"has-post-thumbnail","6":"pwb-brand-vitapol","7":"product_cat-mat-dyr","8":"product_cat-godbit-og-snacks","9":"product_cat-smadyr","11":"first","12":"instock","13":"taxable","14":"shipping-taxable","15":"purchasable","16":"product-type-simple"},"exclude_global_add_ons":[],"addons":[],"brands":[{"id":3985,"name":"Vitapol","slug":"vitapol"}],"_links":{"self":[{"href":"https:\/\/pim.fuglebutikken.no\/nb\/wp-json\/wp\/v2\/product\/66795","targetHints":{"allow":["GET"]}}],"collection":[{"href":"https:\/\/pim.fuglebutikken.no\/nb\/wp-json\/wp\/v2\/product"}],"about":[{"href":"https:\/\/pim.fuglebutikken.no\/nb\/wp-json\/wp\/v2\/types\/product"}],"replies":[{"embeddable":true,"href":"https:\/\/pim.fuglebutikken.no\/nb\/wp-json\/wp\/v2\/comments?post=66795"}],"wp:featuredmedia":[{"embeddable":true,"href":"https:\/\/pim.fuglebutikken.no\/nb\/wp-json\/wp\/v2\/media\/66796"}],"wp:attachment":[{"href":"https:\/\/pim.fuglebutikken.no\/nb\/wp-json\/wp\/v2\/media?parent=66795"}],"wp:term":[{"taxonomy":"pwb-brand","embeddable":true,"href":"https:\/\/pim.fuglebutikken.no\/nb\/wp-json\/wp\/v2\/pwb-brand?post=66795"},{"taxonomy":"product_brand","embeddable":true,"href":"https:\/\/pim.fuglebutikken.no\/nb\/wp-json\/wp\/v2\/product_brand?post=66795"},{"taxonomy":"product_cat","embeddable":true,"href":"https:\/\/pim.fuglebutikken.no\/nb\/wp-json\/wp\/v2\/product_cat?post=66795"},{"taxonomy":"product_tag","embeddable":true,"href":"https:\/\/pim.fuglebutikken.no\/nb\/wp-json\/wp\/v2\/product_tag?post=66795"}],"curies":[{"name":"wp","href":"https:\/\/api.w.org\/{rel}","templated":true}]}}