{"id":66709,"date":"2022-10-17T14:03:26","date_gmt":"2022-10-17T12:03:26","guid":{"rendered":"https:\/\/83725a6903.nxcli.io\/?post_type=product&#038;p=66709"},"modified":"2023-08-10T07:52:57","modified_gmt":"2023-08-10T05:52:57","slug":"vitapol-drops-med-notter-75g","status":"publish","type":"product","link":"https:\/\/pim.fuglebutikken.no\/nb\/produkt\/vitapol-drops-med-notter-75g\/","title":{"rendered":"Vitapol Drops med N\u00f8tter 75g"},"content":{"rendered":"<h2 class=\"product_title entry-title\">Vitapol Drops med N\u00f8tter 75g<\/h2>\n<p>N\u00d8TTEDROPS til gnagere, sm\u00e5dyr og kaniner 75 G<\/p>\n<p>Ingredienser: Vegetabilsk fett, t\u00f8rket myse, sukker, skummet pulvermelk, maismel, maltodekstrin, havrefiber, n\u00f8ttepulver (0,22%), kakao. Sensoriske tilsetningsstoffer: smakstilsetninger,. Teknologiske tilsetningsstoffer: lecitin.<\/p>\n<p>Analyse: r\u00e5protein (merket med Kjeldahl-metoden) min. 3,4 %, R\u00e5fett min. 21 %, r\u00e5fiber maks. 2,43 %, r\u00e5aske maks. 3,92 %, luftfuktighet maks. 12 %<\/p>\n<p>Smaksatt drops er beregnet til gnagere som: hamstere, marsvin, chinchillaer og tamme kaniner. Et bredt utvalg av smaker gj\u00f8re at du kan pr\u00f8ve deg frem til du finner dine dyrs favorittsmak. Dette produktet til et utmerket f\u00f4r som supplement til kj\u00e6ledyrets diett.<\/p>\n<p>Kostholdsanbefalinger: bruk 1-2 ganger om dagen<\/p>\n<p>Dropsene er laget av frukt og matprodukter av h\u00f8yeste kvalitet, og produksjonen deres er under konstant veterin\u00e6rkontroll.<\/p>\n<p>B\u00f8r gis i sm\u00e5 mengder 1-2 ganger daglig.<\/p>","protected":false},"excerpt":{"rendered":"<h3>Vitapol Drops med N\u00f8tter 75g<\/h3>\n<div class=\"woocommerce-product-details__short-description\">\n<p>Gi som et mellomm\u00e5ltid eller treningssnacks for \u00e5 komplementere hovedmaten.<\/p>\n<\/div>\n<form class=\"cart\" action=\"https:\/\/tropehagen.no\/butikk\/dyr-butikk\/mat-dyr\/vitapol-drops-med-honning\/\" enctype=\"multipart\/form-data\" method=\"post\" data-hs-cf-bound=\"true\">\n<div class=\"tinv-wraper woocommerce tinv-wishlist tinvwl-before-add-to-cart\" data-tinvwl_product_id=\"69580\">\n<div class=\"tinv-wishlist-clear\"><\/div>\n<\/div>\n<\/form>","protected":false},"featured_media":66794,"comment_status":"closed","ping_status":"closed","template":"","meta":{"_uf_show_specific_survey":0,"_uf_disable_surveys":false},"pwb-brand":[3985],"product_brand":[],"product_cat":[162,182,4063],"product_tag":[],"class_list":{"0":"post-66709","1":"product","2":"type-product","3":"status-publish","4":"has-post-thumbnail","6":"pwb-brand-vitapol","7":"product_cat-mat-dyr","8":"product_cat-godbit-og-snacks","9":"product_cat-smadyr","11":"first","12":"instock","13":"taxable","14":"shipping-taxable","15":"purchasable","16":"product-type-simple"},"exclude_global_add_ons":[],"addons":[],"brands":[{"id":3985,"name":"Vitapol","slug":"vitapol"}],"_links":{"self":[{"href":"https:\/\/pim.fuglebutikken.no\/nb\/wp-json\/wp\/v2\/product\/66709","targetHints":{"allow":["GET"]}}],"collection":[{"href":"https:\/\/pim.fuglebutikken.no\/nb\/wp-json\/wp\/v2\/product"}],"about":[{"href":"https:\/\/pim.fuglebutikken.no\/nb\/wp-json\/wp\/v2\/types\/product"}],"replies":[{"embeddable":true,"href":"https:\/\/pim.fuglebutikken.no\/nb\/wp-json\/wp\/v2\/comments?post=66709"}],"wp:featuredmedia":[{"embeddable":true,"href":"https:\/\/pim.fuglebutikken.no\/nb\/wp-json\/wp\/v2\/media\/66794"}],"wp:attachment":[{"href":"https:\/\/pim.fuglebutikken.no\/nb\/wp-json\/wp\/v2\/media?parent=66709"}],"wp:term":[{"taxonomy":"pwb-brand","embeddable":true,"href":"https:\/\/pim.fuglebutikken.no\/nb\/wp-json\/wp\/v2\/pwb-brand?post=66709"},{"taxonomy":"product_brand","embeddable":true,"href":"https:\/\/pim.fuglebutikken.no\/nb\/wp-json\/wp\/v2\/product_brand?post=66709"},{"taxonomy":"product_cat","embeddable":true,"href":"https:\/\/pim.fuglebutikken.no\/nb\/wp-json\/wp\/v2\/product_cat?post=66709"},{"taxonomy":"product_tag","embeddable":true,"href":"https:\/\/pim.fuglebutikken.no\/nb\/wp-json\/wp\/v2\/product_tag?post=66709"}],"curies":[{"name":"wp","href":"https:\/\/api.w.org\/{rel}","templated":true}]}}