{"id":65008,"date":"2022-08-05T08:42:05","date_gmt":"2022-08-05T06:42:05","guid":{"rendered":"https:\/\/83725a6903.nxcli.io\/?post_type=product&#038;p=65008"},"modified":"2023-11-03T13:03:52","modified_gmt":"2023-11-03T12:03:52","slug":"blad-til-algeskrape-jbl","status":"publish","type":"product","link":"https:\/\/pim.fuglebutikken.no\/nb\/produkt\/blad-til-algeskrape-jbl\/","title":{"rendered":"blad til Algeskrape JBL Aqua-T Handy"},"content":{"rendered":"<h2>blad til Algeskrape JBL Aqua-T Handy<\/h2>\n<p>Vedlikehold og rengj\u00f8ring<br \/>\nMat og planterester og stoffskifteprodukter forurenser akvarievannet. Rengj\u00f8ring av tanken og<br \/>\ntilbeh\u00f8r og \u00e5 utf\u00f8re regelmessige delvise vannskift er bra for akvariedyrene dine og<br \/>\ngj\u00f8r det morsommere \u00e5 ha et akvarium.<br \/>\nUanstrengt fjerning av vedvarende avleiringer<br \/>\nJBL glassruterens Aqua-T Triumph gj\u00f8r det enkelt \u00e5 fjerne gjenstridige alger fra<br \/>\nakvarieruter. Takket v\u00e6re den lille bladavstanden til holderen til st\u00f8vsugeren er silikonforseglingen til<br \/>\nakvariet er ikke skadet. Aqua-T er egnet for ferskvanns- og saltvannsakvarier. De<br \/>\nbeskyttelseshette forhindrer skader n\u00e5r den ikke er i bruk<br \/>\nJBL Aqua-T Praktiske reserveblader<br \/>\nReservebladene til Aqua-T Handy-glasset passer ogs\u00e5 til andre modeller med lignende bladinnsatser. De<br \/>\nproduktet leveres i en praktisk dispenser for nye og gamle blader.<\/p>","protected":false},"excerpt":{"rendered":"<h3>blad til Algeskrape JBL Aqua-T Handy<\/h3>\n<ul>\n<li>5 stk<\/li>\n<\/ul>","protected":false},"featured_media":65010,"comment_status":"closed","ping_status":"closed","template":"","meta":{"_uf_show_specific_survey":0,"_uf_disable_surveys":false},"pwb-brand":[3886],"product_brand":[],"product_cat":[2121,4092,5900,3089,5680,326,5424,325],"product_tag":[6372],"class_list":{"0":"post-65008","1":"product","2":"type-product","3":"status-publish","4":"has-post-thumbnail","6":"pwb-brand-jbl","7":"product_cat-akvarierekvisita","8":"product_cat-akvaristikk","9":"product_cat-algeskraper-magneter","10":"product_cat-diverse-akvarieutstyr","11":"product_cat-rengjoring","12":"product_cat-rengjoring-akvarie","13":"product_cat-reservedeler","14":"product_cat-akv-vedlikehold","15":"product_tag-algskrapor-magneter","17":"first","18":"instock","19":"taxable","20":"shipping-taxable","21":"purchasable","22":"product-type-simple"},"exclude_global_add_ons":[],"addons":[],"brands":[{"id":3886,"name":"JBL","slug":"jbl"}],"_links":{"self":[{"href":"https:\/\/pim.fuglebutikken.no\/nb\/wp-json\/wp\/v2\/product\/65008","targetHints":{"allow":["GET"]}}],"collection":[{"href":"https:\/\/pim.fuglebutikken.no\/nb\/wp-json\/wp\/v2\/product"}],"about":[{"href":"https:\/\/pim.fuglebutikken.no\/nb\/wp-json\/wp\/v2\/types\/product"}],"replies":[{"embeddable":true,"href":"https:\/\/pim.fuglebutikken.no\/nb\/wp-json\/wp\/v2\/comments?post=65008"}],"wp:featuredmedia":[{"embeddable":true,"href":"https:\/\/pim.fuglebutikken.no\/nb\/wp-json\/wp\/v2\/media\/65010"}],"wp:attachment":[{"href":"https:\/\/pim.fuglebutikken.no\/nb\/wp-json\/wp\/v2\/media?parent=65008"}],"wp:term":[{"taxonomy":"pwb-brand","embeddable":true,"href":"https:\/\/pim.fuglebutikken.no\/nb\/wp-json\/wp\/v2\/pwb-brand?post=65008"},{"taxonomy":"product_brand","embeddable":true,"href":"https:\/\/pim.fuglebutikken.no\/nb\/wp-json\/wp\/v2\/product_brand?post=65008"},{"taxonomy":"product_cat","embeddable":true,"href":"https:\/\/pim.fuglebutikken.no\/nb\/wp-json\/wp\/v2\/product_cat?post=65008"},{"taxonomy":"product_tag","embeddable":true,"href":"https:\/\/pim.fuglebutikken.no\/nb\/wp-json\/wp\/v2\/product_tag?post=65008"}],"curies":[{"name":"wp","href":"https:\/\/api.w.org\/{rel}","templated":true}]}}