{"id":64847,"date":"2022-07-27T22:00:54","date_gmt":"2022-07-27T20:00:54","guid":{"rendered":"https:\/\/83725a6903.nxcli.io\/?post_type=product&#038;p=64847"},"modified":"2023-11-21T13:28:53","modified_gmt":"2023-11-21T12:28:53","slug":"aquasky-led-fluval","status":"publish","type":"product","link":"https:\/\/pim.fuglebutikken.no\/nb\/produkt\/aquasky-led-fluval\/","title":{"rendered":"AQUASKY LED Fluval"},"content":{"rendered":"<h2>AQUASKY LED Fluval<\/h2>\n<ul>\n<li>Programmerbare gradvis 24-timers lyssyklusinnstillinger (soloppgang, midt p\u00e5 dagen, solnedgang og natt)<\/li>\n<li>Justerbart fargespektrum med RGB + W effektkontroll<\/li>\n<li>Flere v\u00e6reffekter \u2013 fra storm og lyn til tett skydekke, gjenskape sesongsystemer fra verdens st\u00f8rste fiskemilj\u00f8er<\/li>\n<li>Bransjeledende IP67-vanntett rangering \u2013 belysningen kan monteres rett over vannoverflaten for bedre lysinntrenging<\/li>\n<li>St\u00f8rre ber\u00f8ringsflate og design gir mer stabil kontroll uten problemer<\/li>\n<li>Bredere dekning \u2013 hver LED kaster 120 \u00b0 -belysning for bredere, jevn belysning uten d\u00f8de flekker<\/li>\n<\/ul>","protected":false},"excerpt":{"rendered":"<h3>AQUASKY LED Fluval<\/h3>\n<p>styres utelukkende gjennom FluvalSmart app p\u00e5 mobiltelefonen din\u00a0<span style=\"font-size: 16px;\">fargeblandinger. <\/span>Med Aquasky kan du kontrollere lyseffekten av r\u00f8de, gr\u00f8nne, bl\u00e5 og superlyse 6500K hvite lysdioder for uendelige<\/p>","protected":false},"featured_media":64861,"comment_status":"closed","ping_status":"closed","template":"","meta":{"_uf_show_specific_survey":0,"_uf_disable_surveys":false},"pwb-brand":[],"product_brand":[],"product_cat":[268,3706],"product_tag":[],"class_list":{"0":"post-64847","1":"product","2":"type-product","3":"status-publish","4":"has-post-thumbnail","6":"product_cat-akvarium-lys-og-varme","7":"product_cat-led-belysning","9":"first","10":"instock","11":"taxable","12":"shipping-taxable","13":"purchasable","14":"product-type-variable","15":"has-default-attributes"},"exclude_global_add_ons":[],"addons":[],"brands":[],"_links":{"self":[{"href":"https:\/\/pim.fuglebutikken.no\/nb\/wp-json\/wp\/v2\/product\/64847","targetHints":{"allow":["GET"]}}],"collection":[{"href":"https:\/\/pim.fuglebutikken.no\/nb\/wp-json\/wp\/v2\/product"}],"about":[{"href":"https:\/\/pim.fuglebutikken.no\/nb\/wp-json\/wp\/v2\/types\/product"}],"replies":[{"embeddable":true,"href":"https:\/\/pim.fuglebutikken.no\/nb\/wp-json\/wp\/v2\/comments?post=64847"}],"wp:featuredmedia":[{"embeddable":true,"href":"https:\/\/pim.fuglebutikken.no\/nb\/wp-json\/wp\/v2\/media\/64861"}],"wp:attachment":[{"href":"https:\/\/pim.fuglebutikken.no\/nb\/wp-json\/wp\/v2\/media?parent=64847"}],"wp:term":[{"taxonomy":"pwb-brand","embeddable":true,"href":"https:\/\/pim.fuglebutikken.no\/nb\/wp-json\/wp\/v2\/pwb-brand?post=64847"},{"taxonomy":"product_brand","embeddable":true,"href":"https:\/\/pim.fuglebutikken.no\/nb\/wp-json\/wp\/v2\/product_brand?post=64847"},{"taxonomy":"product_cat","embeddable":true,"href":"https:\/\/pim.fuglebutikken.no\/nb\/wp-json\/wp\/v2\/product_cat?post=64847"},{"taxonomy":"product_tag","embeddable":true,"href":"https:\/\/pim.fuglebutikken.no\/nb\/wp-json\/wp\/v2\/product_tag?post=64847"}],"curies":[{"name":"wp","href":"https:\/\/api.w.org\/{rel}","templated":true}]}}