{"id":64642,"date":"2022-07-15T13:30:13","date_gmt":"2022-07-15T11:30:13","guid":{"rendered":"https:\/\/83725a6903.nxcli.io\/?post_type=product&#038;p=64642"},"modified":"2023-08-11T00:05:14","modified_gmt":"2023-08-10T22:05:14","slug":"landings-plattform-for-fugl","status":"publish","type":"product","link":"https:\/\/pim.fuglebutikken.no\/nb\/produkt\/landings-plattform-for-fugl\/","title":{"rendered":"Landings plattform for fugl"},"content":{"rendered":"","protected":false},"excerpt":{"rendered":"<p>Landings plattform for fugl med sittepinner av tre.<br \/>\nPerfekt for \u00e5 feste i hj\u00f8rnet av buret, den skrues enkelt fast ved hjelp av medf\u00f8lgende skru fester. Passer til sm\u00e5 fugler som undulat, kanarifugl og dvergpapeg\u00f8yer.<\/p>\n<p>St\u00f8rrelse : 19&#215;19 cm<\/p>","protected":false},"featured_media":64643,"comment_status":"closed","ping_status":"closed","template":"","meta":{"_uf_show_specific_survey":0,"_uf_disable_surveys":false},"pwb-brand":[],"product_brand":[],"product_cat":[18,26,5644],"product_tag":[20],"class_list":{"0":"post-64642","1":"product","2":"type-product","3":"status-publish","4":"has-post-thumbnail","6":"product_cat-bur-tilbehor","7":"product_cat-fugleleker-og-aktivitet","8":"product_cat-sittepinner","9":"product_tag-undulat","11":"first","12":"instock","13":"taxable","14":"shipping-taxable","15":"purchasable","16":"product-type-simple"},"exclude_global_add_ons":[],"addons":[],"brands":[],"_links":{"self":[{"href":"https:\/\/pim.fuglebutikken.no\/nb\/wp-json\/wp\/v2\/product\/64642","targetHints":{"allow":["GET"]}}],"collection":[{"href":"https:\/\/pim.fuglebutikken.no\/nb\/wp-json\/wp\/v2\/product"}],"about":[{"href":"https:\/\/pim.fuglebutikken.no\/nb\/wp-json\/wp\/v2\/types\/product"}],"replies":[{"embeddable":true,"href":"https:\/\/pim.fuglebutikken.no\/nb\/wp-json\/wp\/v2\/comments?post=64642"}],"wp:featuredmedia":[{"embeddable":true,"href":"https:\/\/pim.fuglebutikken.no\/nb\/wp-json\/wp\/v2\/media\/64643"}],"wp:attachment":[{"href":"https:\/\/pim.fuglebutikken.no\/nb\/wp-json\/wp\/v2\/media?parent=64642"}],"wp:term":[{"taxonomy":"pwb-brand","embeddable":true,"href":"https:\/\/pim.fuglebutikken.no\/nb\/wp-json\/wp\/v2\/pwb-brand?post=64642"},{"taxonomy":"product_brand","embeddable":true,"href":"https:\/\/pim.fuglebutikken.no\/nb\/wp-json\/wp\/v2\/product_brand?post=64642"},{"taxonomy":"product_cat","embeddable":true,"href":"https:\/\/pim.fuglebutikken.no\/nb\/wp-json\/wp\/v2\/product_cat?post=64642"},{"taxonomy":"product_tag","embeddable":true,"href":"https:\/\/pim.fuglebutikken.no\/nb\/wp-json\/wp\/v2\/product_tag?post=64642"}],"curies":[{"name":"wp","href":"https:\/\/api.w.org\/{rel}","templated":true}]}}