{"id":63399,"date":"2022-05-25T18:19:53","date_gmt":"2022-05-25T16:19:53","guid":{"rendered":"https:\/\/83725a6903.nxcli.io\/?post_type=product&#038;p=63399"},"modified":"2023-11-25T21:05:35","modified_gmt":"2023-11-25T20:05:35","slug":"juwel-smartfeed","status":"publish","type":"product","link":"https:\/\/pim.fuglebutikken.no\/nb\/produkt\/juwel-smartfeed\/","title":{"rendered":"Juwel SmartFeed 2.0 forautomat"},"content":{"rendered":"<h2>Juwel SmartFeed 2.0 forautomat<\/h2>\n<p><img loading=\"lazy\" decoding=\"async\" class=\"size-medium wp-image-63416 alignright\" src=\"https:\/\/fuglebutikken.no\/wp-content\/uploads\/2022\/05\/Juwel-SmartFeed-2.0-forautomat-500x500.png\" alt=\"SmartFeed 2.0 - premium automatisk mater SmartFeed 2.0 er den f\u00f8rsteklasses automatiske materen for granulat- og flakf\u00f4r med et utvidet utvalg av funksjoner. Ved \u00e5 bruke riktig monteringsst\u00f8tte kan den monteres spesielt enkelt og raskt p\u00e5 ethvert JUWEL akvarium. Opptil tre matinger per dag SmartFeed 2.0 premium automatisk mater kan programmeres fritt for opptil tre matinger per dag. F\u00f4rmengden kan doseres fritt i \u00e5tte niv\u00e5er.\" width=\"500\" height=\"500\" title=\"\" srcset=\"\/wp-content\/uploads\/2022\/05\/Juwel-SmartFeed-2.0-forautomat-500x500.png 500w, \/wp-content\/uploads\/2022\/05\/Juwel-SmartFeed-2.0-forautomat-150x150.png 150w, \/wp-content\/uploads\/2022\/05\/Juwel-SmartFeed-2.0-forautomat-510x510.png 510w, \/wp-content\/uploads\/2022\/05\/Juwel-SmartFeed-2.0-forautomat-160x160.png 160w, \/wp-content\/uploads\/2022\/05\/Juwel-SmartFeed-2.0-forautomat-300x300.png 300w, \/wp-content\/uploads\/2022\/05\/Juwel-SmartFeed-2.0-forautomat-64x64.png 64w, \/wp-content\/uploads\/2022\/05\/Juwel-SmartFeed-2.0-forautomat.png 588w\" sizes=\"auto, (max-width: 500px) 100vw, 500px\" \/><\/p>\n<h2>SmartFeed 2.0 &#8211; premium automatisk mater<\/h2>\n<p>SmartFeed 2.0 er den f\u00f8rsteklasses automatiske materen for granulat- og flakf\u00f4r med et utvidet utvalg av funksjoner. Ved \u00e5 bruke riktig monteringsst\u00f8tte kan den monteres spesielt enkelt og raskt p\u00e5 ethvert JUWEL akvarium.<\/p>\n<p>Opptil tre matinger per dag<br \/>\nSmartFeed 2.0 premium automatisk mater kan programmeres fritt for opptil tre matinger per dag. F\u00f4rmengden kan doseres fritt i \u00e5tte niv\u00e5er.<\/p>\n<p>&nbsp;<\/p>\n<p>&nbsp;<\/p>\n<p>&nbsp;<\/p>\n<h2><img loading=\"lazy\" decoding=\"async\" class=\"size-medium wp-image-63417 alignleft\" src=\"https:\/\/fuglebutikken.no\/wp-content\/uploads\/2022\/05\/Juwel-SmartFeed-2.0-forautomat-4-500x250.png\" alt=\"Juwel SmartFeed 2.0 forautomat\" width=\"500\" height=\"250\" title=\"\" srcset=\"\/wp-content\/uploads\/2022\/05\/Juwel-SmartFeed-2.0-forautomat-4-500x250.png 500w, \/wp-content\/uploads\/2022\/05\/Juwel-SmartFeed-2.0-forautomat-4-64x32.png 64w, \/wp-content\/uploads\/2022\/05\/Juwel-SmartFeed-2.0-forautomat-4.png 588w\" sizes=\"auto, (max-width: 500px) 100vw, 500px\" \/><\/h2>\n<h2><\/h2>\n<h2><\/h2>\n<h2><\/h2>\n<h2>To transport\u00f8rskruer \u2013 for alle typer f\u00f4r<\/h2>\n<p>Ideell for granulat- og flakmating takket v\u00e6re de to medf\u00f8lgende transport\u00f8rskruene.<\/p>\n<p>&nbsp;<\/p>\n<h2>Opptil tre matinger per dag<img loading=\"lazy\" decoding=\"async\" class=\"size-medium wp-image-63418 alignright\" src=\"https:\/\/fuglebutikken.no\/wp-content\/uploads\/2022\/05\/Juwel-SmartFeed-2.0-forautomat..-500x250.png\" alt=\"Juwel SmartFeed 2.0 forautomat\" width=\"500\" height=\"250\" title=\"\" srcset=\"\/wp-content\/uploads\/2022\/05\/Juwel-SmartFeed-2.0-forautomat..-500x250.png 500w, \/wp-content\/uploads\/2022\/05\/Juwel-SmartFeed-2.0-forautomat..-64x32.png 64w, \/wp-content\/uploads\/2022\/05\/Juwel-SmartFeed-2.0-forautomat...png 588w\" sizes=\"auto, (max-width: 500px) 100vw, 500px\" \/><\/h2>\n<p>Tillater programmering av opptil tre matinger per dag.<\/p>\n<p>&nbsp;<\/p>\n<p>&nbsp;<\/p>\n<h2><\/h2>\n<h2><\/h2>\n<h2>Utgangsf\u00f4rmengde i ulike niv\u00e5er<img loading=\"lazy\" decoding=\"async\" class=\"size-medium wp-image-63419 alignleft\" src=\"https:\/\/fuglebutikken.no\/wp-content\/uploads\/2022\/05\/Juwel-SmartFeed-2.0-forautomat....-500x250.png\" alt=\"Juwel SmartFeed 2.0 forautomat\" width=\"500\" height=\"250\" title=\"\" srcset=\"\/wp-content\/uploads\/2022\/05\/Juwel-SmartFeed-2.0-forautomat....-500x250.png 500w, \/wp-content\/uploads\/2022\/05\/Juwel-SmartFeed-2.0-forautomat....-64x32.png 64w, \/wp-content\/uploads\/2022\/05\/Juwel-SmartFeed-2.0-forautomat.....png 588w\" sizes=\"auto, (max-width: 500px) 100vw, 500px\" \/><\/h2>\n<p>\u00d8nsket f\u00f4rmengde kan programmeres til \u00e5 dispenseres i hvilket som helst av \u00e5tte (8) niv\u00e5er.<\/p>\n<p>&nbsp;<\/p>\n<p>&nbsp;<\/p>\n<p>&nbsp;<\/p>\n<p>&nbsp;<\/p>\n<p>&nbsp;<\/p>\n<h2>Justerbare f\u00f4ringsintervaller<img loading=\"lazy\" decoding=\"async\" class=\"size-medium wp-image-63420 alignright\" src=\"https:\/\/fuglebutikken.no\/wp-content\/uploads\/2022\/05\/Juwel-SmartFeed-2.0-forautomat......-500x250.png\" alt=\"Juwel SmartFeed 2.0 forautomat\" width=\"500\" height=\"250\" title=\"\" srcset=\"\/wp-content\/uploads\/2022\/05\/Juwel-SmartFeed-2.0-forautomat......-500x250.png 500w, \/wp-content\/uploads\/2022\/05\/Juwel-SmartFeed-2.0-forautomat......-64x32.png 64w, \/wp-content\/uploads\/2022\/05\/Juwel-SmartFeed-2.0-forautomat.......png 588w\" sizes=\"auto, (max-width: 500px) 100vw, 500px\" \/><\/h2>\n<p>F\u00f4ringsintervaller kan justeres individuelt til 24\/48\/72 timer.<\/p>\n<p>&nbsp;<\/p>\n<p>&nbsp;<\/p>\n<p>&nbsp;<\/p>\n<p>&nbsp;<\/p>\n<h2><\/h2>\n<h2>Ekstern str\u00f8mforsyning<img loading=\"lazy\" decoding=\"async\" class=\"size-medium wp-image-63421 alignleft\" src=\"https:\/\/fuglebutikken.no\/wp-content\/uploads\/2022\/05\/Juwel-SmartFeed-2.0-forautomat........-500x250.png\" alt=\"Juwel SmartFeed 2.0 forautomat\" width=\"500\" height=\"250\" title=\"\" srcset=\"\/wp-content\/uploads\/2022\/05\/Juwel-SmartFeed-2.0-forautomat........-500x250.png 500w, \/wp-content\/uploads\/2022\/05\/Juwel-SmartFeed-2.0-forautomat........-64x32.png 64w, \/wp-content\/uploads\/2022\/05\/Juwel-SmartFeed-2.0-forautomat.........png 588w\" sizes=\"auto, (max-width: 500px) 100vw, 500px\" \/><\/h2>\n<p>Den automatiske materen kan forsynes med str\u00f8m ved bruk av batteriene som f\u00f8lger med i leveringen eller et mikro USB-grensesnitt.<\/p>\n<p>&nbsp;<\/p>\n<p>&nbsp;<\/p>\n<p>&nbsp;<\/p>\n<p>&nbsp;<\/p>\n<h2>Stort display<img loading=\"lazy\" decoding=\"async\" class=\"size-medium wp-image-63422 alignright\" src=\"https:\/\/fuglebutikken.no\/wp-content\/uploads\/2022\/05\/Juwel-SmartFeed-2.0-forautomat..........-500x250.png\" alt=\"Juwel SmartFeed 2.0 forautomat\" width=\"500\" height=\"250\" title=\"\" srcset=\"\/wp-content\/uploads\/2022\/05\/Juwel-SmartFeed-2.0-forautomat..........-500x250.png 500w, \/wp-content\/uploads\/2022\/05\/Juwel-SmartFeed-2.0-forautomat..........-64x32.png 64w, \/wp-content\/uploads\/2022\/05\/Juwel-SmartFeed-2.0-forautomat...........png 588w\" sizes=\"auto, (max-width: 500px) 100vw, 500px\" \/><\/h2>\n<p>Et stort display brukes for praktisk programmering av f\u00f4ringen og letter lesbarheten.<\/p>\n<p>&nbsp;<\/p>\n<p>&nbsp;<\/p>\n<p>&nbsp;<\/p>\n<h2><img loading=\"lazy\" decoding=\"async\" class=\"size-medium wp-image-63423 alignleft\" src=\"https:\/\/fuglebutikken.no\/wp-content\/uploads\/2022\/05\/Juwel-SmartFeed-2.0-forautomat............-500x250.png\" alt=\"Juwel SmartFeed 2.0 forautomat\" width=\"500\" height=\"250\" title=\"\" srcset=\"\/wp-content\/uploads\/2022\/05\/Juwel-SmartFeed-2.0-forautomat............-500x250.png 500w, \/wp-content\/uploads\/2022\/05\/Juwel-SmartFeed-2.0-forautomat............-64x32.png 64w, \/wp-content\/uploads\/2022\/05\/Juwel-SmartFeed-2.0-forautomat.............png 588w\" sizes=\"auto, (max-width: 500px) 100vw, 500px\" \/><\/h2>\n<h2><\/h2>\n<h2>Stor f\u00f4rkammerforlengelse<\/h2>\n<p>F\u00f4rvolumet p\u00e5 110 ml kan utvides med ytterligere 110 ml ved \u00e5 bruke det vedlagte f\u00f4rkammertilbeh\u00f8ret. Ideell for enda lengre levetid.<\/p>","protected":false},"excerpt":{"rendered":"<h3>Juwel SmartFeed 2.0 forautomat<\/h3>\n<ul>\n<li>To transportskruer for \u00e5 muliggj\u00f8re f\u00f4ring med b\u00e5de granulat og flak<\/li>\n<li>Programmerbar med opptil 3 matinger per dag<\/li>\n<li>Kan dosere \u00f8nsket mengde f\u00f4r i 8 niv\u00e5er<\/li>\n<li>F\u00f4ret kan stilles inn individuelt med intervaller p\u00e5 24\/48 \/ 72 timer<\/li>\n<li>Som et alternativ til de medf\u00f8lgende batteriene kan materen lades med mikro-USB.<\/li>\n<li>En stor skjerm brukes for praktisk programmering av f\u00f2ringsmengde og gj\u00f8r det lettere \u00e5 se.<\/li>\n<li>Forautomaten p\u00e5 110 ml kan \u00f8kes med ytterligere 110 ml takket v\u00e6re den medf\u00f8lgende p\u00e5byggingskoppen.<\/li>\n<li>16,5 x 13 x 7,5 cm<\/li>\n<\/ul>","protected":false},"featured_media":63400,"comment_status":"closed","ping_status":"closed","template":"","meta":{"_uf_show_specific_survey":0,"_uf_disable_surveys":false},"pwb-brand":[4024],"product_brand":[],"product_cat":[4092,279],"product_tag":[6371],"class_list":{"0":"post-63399","1":"product","2":"type-product","3":"status-publish","4":"has-post-thumbnail","6":"pwb-brand-juwel","7":"product_cat-akvaristikk","8":"product_cat-automat","9":"product_tag-foderautomat","11":"first","12":"instock","13":"downloadable","14":"taxable","15":"shipping-taxable","16":"purchasable","17":"product-type-simple"},"exclude_global_add_ons":[],"addons":[],"brands":[{"id":4024,"name":"Juwel","slug":"juwel"}],"_links":{"self":[{"href":"https:\/\/pim.fuglebutikken.no\/nb\/wp-json\/wp\/v2\/product\/63399","targetHints":{"allow":["GET"]}}],"collection":[{"href":"https:\/\/pim.fuglebutikken.no\/nb\/wp-json\/wp\/v2\/product"}],"about":[{"href":"https:\/\/pim.fuglebutikken.no\/nb\/wp-json\/wp\/v2\/types\/product"}],"replies":[{"embeddable":true,"href":"https:\/\/pim.fuglebutikken.no\/nb\/wp-json\/wp\/v2\/comments?post=63399"}],"wp:featuredmedia":[{"embeddable":true,"href":"https:\/\/pim.fuglebutikken.no\/nb\/wp-json\/wp\/v2\/media\/63400"}],"wp:attachment":[{"href":"https:\/\/pim.fuglebutikken.no\/nb\/wp-json\/wp\/v2\/media?parent=63399"}],"wp:term":[{"taxonomy":"pwb-brand","embeddable":true,"href":"https:\/\/pim.fuglebutikken.no\/nb\/wp-json\/wp\/v2\/pwb-brand?post=63399"},{"taxonomy":"product_brand","embeddable":true,"href":"https:\/\/pim.fuglebutikken.no\/nb\/wp-json\/wp\/v2\/product_brand?post=63399"},{"taxonomy":"product_cat","embeddable":true,"href":"https:\/\/pim.fuglebutikken.no\/nb\/wp-json\/wp\/v2\/product_cat?post=63399"},{"taxonomy":"product_tag","embeddable":true,"href":"https:\/\/pim.fuglebutikken.no\/nb\/wp-json\/wp\/v2\/product_tag?post=63399"}],"curies":[{"name":"wp","href":"https:\/\/api.w.org\/{rel}","templated":true}]}}