{"id":6180,"date":"2020-03-01T16:32:12","date_gmt":"2020-03-01T15:32:12","guid":{"rendered":"https:\/\/274105-www.web.tornado-node.net\/product\/import-placeholder-for-10856\/"},"modified":"2022-03-06T11:19:52","modified_gmt":"2022-03-06T10:19:52","slug":"kloremobel-trixie-nita-147","status":"publish","type":"product","link":"https:\/\/pim.fuglebutikken.no\/nb\/produkt\/kloremobel-trixie-nita-147\/","title":{"rendered":"Klorem\u00f8bel Trixie Nita 147 cm"},"content":{"rendered":"<h2>Klorem\u00f8bel \/ Kattem\u00f8bel Trixie Nita<\/h2>\n<ul>\n<li>sisal\/plush (polyester)<\/li>\n<li>cave fitted with plush\/fleece (polyester)<\/li>\n<li>platform with removable cuddly bed: washable by hand<\/li>\n<li>colour: light grey<\/li>\n<\/ul>\n<p><a href=\"https:\/\/www.trixie.de\/heimtierbedarf\/en\/shop\/Cat\/AtHome2\/ScratchingItems\/?card=25247\" target=\"_blank\" rel=\"noopener noreferrer\"><strong>Les mer om &#8220;Scratching Post Nita&#8221; hos Trixie.<\/strong><\/a><\/p>","protected":false},"excerpt":{"rendered":"<div id=\"productinfo\" class=\"product-info\">\n<div class=\"tabs-wrapper hidden-xs\">\n<div class=\"tab-content\">\n<div id=\"description\" class=\"tab-pane active\" role=\"tabpanel\">\n<p>Trixie Nita klorem\u00f8bel er et moderne kattem\u00f8bel trukket med plysj med klorestammer omviklet med naturlig sisal som er meget godt egnet til kloring. Hulen er trukket med plysj\/fleece. Liggeplassene har avtakbare puter som kan h\u00e5ndvaskes. H\u00f8yde: 147 cm. Farge: Lysegr\u00e5.<\/p>\n<\/div>\n<\/div>\n<\/div>\n<\/div>","protected":false},"featured_media":6209,"comment_status":"open","ping_status":"closed","template":"","meta":{"_uf_show_specific_survey":0,"_uf_disable_surveys":false},"pwb-brand":[3899],"product_brand":[],"product_cat":[665,2234,670],"product_tag":[],"class_list":{"0":"post-6180","1":"product","2":"type-product","3":"status-publish","4":"has-post-thumbnail","6":"pwb-brand-trixie","7":"product_cat-katt","8":"product_cat-kloremobel","9":"product_cat-klorebrett","11":"first","12":"instock","13":"taxable","14":"shipping-taxable","15":"purchasable","16":"product-type-simple"},"exclude_global_add_ons":[],"addons":[],"brands":[{"id":3899,"name":"Trixie","slug":"trixie"}],"_links":{"self":[{"href":"https:\/\/pim.fuglebutikken.no\/nb\/wp-json\/wp\/v2\/product\/6180","targetHints":{"allow":["GET"]}}],"collection":[{"href":"https:\/\/pim.fuglebutikken.no\/nb\/wp-json\/wp\/v2\/product"}],"about":[{"href":"https:\/\/pim.fuglebutikken.no\/nb\/wp-json\/wp\/v2\/types\/product"}],"replies":[{"embeddable":true,"href":"https:\/\/pim.fuglebutikken.no\/nb\/wp-json\/wp\/v2\/comments?post=6180"}],"wp:featuredmedia":[{"embeddable":true,"href":"https:\/\/pim.fuglebutikken.no\/nb\/wp-json\/wp\/v2\/media\/6209"}],"wp:attachment":[{"href":"https:\/\/pim.fuglebutikken.no\/nb\/wp-json\/wp\/v2\/media?parent=6180"}],"wp:term":[{"taxonomy":"pwb-brand","embeddable":true,"href":"https:\/\/pim.fuglebutikken.no\/nb\/wp-json\/wp\/v2\/pwb-brand?post=6180"},{"taxonomy":"product_brand","embeddable":true,"href":"https:\/\/pim.fuglebutikken.no\/nb\/wp-json\/wp\/v2\/product_brand?post=6180"},{"taxonomy":"product_cat","embeddable":true,"href":"https:\/\/pim.fuglebutikken.no\/nb\/wp-json\/wp\/v2\/product_cat?post=6180"},{"taxonomy":"product_tag","embeddable":true,"href":"https:\/\/pim.fuglebutikken.no\/nb\/wp-json\/wp\/v2\/product_tag?post=6180"}],"curies":[{"name":"wp","href":"https:\/\/api.w.org\/{rel}","templated":true}]}}