{"id":61711,"date":"2022-04-15T11:48:21","date_gmt":"2022-04-15T09:48:21","guid":{"rendered":"https:\/\/83725a6903.nxcli.io\/?post_type=product&#038;p=61711"},"modified":"2023-08-10T08:06:28","modified_gmt":"2023-08-10T06:06:28","slug":"savic-borste-til-drikkeautomater","status":"publish","type":"product","link":"https:\/\/pim.fuglebutikken.no\/nb\/produkt\/savic-borste-til-drikkeautomater\/","title":{"rendered":"Savic B\u00f8rste til Drikkeautomater"},"content":{"rendered":"<h2>Savic B\u00f8rste til Drikkeautomater<\/h2>","protected":false},"excerpt":{"rendered":"<p>Savic B\u00f8rste til rengj\u00f8ring av drikkeautomater. St\u00f8rrelse: 46 cm<\/p>","protected":false},"featured_media":61712,"comment_status":"closed","ping_status":"closed","template":"","meta":{"_uf_show_specific_survey":0,"_uf_disable_surveys":false},"pwb-brand":[4007],"product_brand":[],"product_cat":[170,166,4063,2073],"product_tag":[],"class_list":{"0":"post-61711","1":"product","2":"type-product","3":"status-publish","4":"has-post-thumbnail","6":"pwb-brand-savic","7":"product_cat-drikkeflasker","8":"product_cat-burinventar","9":"product_cat-smadyr","10":"product_cat-tilbehor-til-smadyr-bur","12":"first","13":"instock","14":"taxable","15":"shipping-taxable","16":"purchasable","17":"product-type-simple"},"exclude_global_add_ons":[],"addons":[],"brands":[{"id":4007,"name":"Savic","slug":"savic"}],"_links":{"self":[{"href":"https:\/\/pim.fuglebutikken.no\/nb\/wp-json\/wp\/v2\/product\/61711","targetHints":{"allow":["GET"]}}],"collection":[{"href":"https:\/\/pim.fuglebutikken.no\/nb\/wp-json\/wp\/v2\/product"}],"about":[{"href":"https:\/\/pim.fuglebutikken.no\/nb\/wp-json\/wp\/v2\/types\/product"}],"replies":[{"embeddable":true,"href":"https:\/\/pim.fuglebutikken.no\/nb\/wp-json\/wp\/v2\/comments?post=61711"}],"wp:featuredmedia":[{"embeddable":true,"href":"https:\/\/pim.fuglebutikken.no\/nb\/wp-json\/wp\/v2\/media\/61712"}],"wp:attachment":[{"href":"https:\/\/pim.fuglebutikken.no\/nb\/wp-json\/wp\/v2\/media?parent=61711"}],"wp:term":[{"taxonomy":"pwb-brand","embeddable":true,"href":"https:\/\/pim.fuglebutikken.no\/nb\/wp-json\/wp\/v2\/pwb-brand?post=61711"},{"taxonomy":"product_brand","embeddable":true,"href":"https:\/\/pim.fuglebutikken.no\/nb\/wp-json\/wp\/v2\/product_brand?post=61711"},{"taxonomy":"product_cat","embeddable":true,"href":"https:\/\/pim.fuglebutikken.no\/nb\/wp-json\/wp\/v2\/product_cat?post=61711"},{"taxonomy":"product_tag","embeddable":true,"href":"https:\/\/pim.fuglebutikken.no\/nb\/wp-json\/wp\/v2\/product_tag?post=61711"}],"curies":[{"name":"wp","href":"https:\/\/api.w.org\/{rel}","templated":true}]}}