{"id":6143,"date":"2020-03-01T16:32:03","date_gmt":"2020-03-01T15:32:03","guid":{"rendered":"https:\/\/274105-www.web.tornado-node.net\/product\/import-placeholder-for-10784\/"},"modified":"2022-03-06T11:05:25","modified_gmt":"2022-03-06T10:05:25","slug":"kloremobel-trixie-montoro-165cm","status":"publish","type":"product","link":"https:\/\/pim.fuglebutikken.no\/nb\/produkt\/kloremobel-trixie-montoro-165cm\/","title":{"rendered":"Klorem\u00f8bel Trixie Montoro165cm"},"content":{"rendered":"<h2>Trixie Montoro Klorem\u00f8bel \/ Kattem\u00f8bel<\/h2>\n<ul>\n<li>sisal\/plush (polyester)<\/li>\n<li>cave completely fitted with plush (polyester)<\/li>\n<li>padded platform<\/li>\n<li>colour: beige\/brown<\/li>\n<\/ul>\n<p><a href=\"https:\/\/www.trixie.de\/heimtierbedarf\/en\/shop\/Cat\/AtHome2\/ScratchingItems\/?card=25252\" target=\"_blank\" rel=\"noopener noreferrer\"><strong>Les mer om klorem\u00f8belet &#8220;Scratching Post Montoro&#8221; hos Trixie.<\/strong><\/a><\/p>","protected":false},"excerpt":{"rendered":"<div id=\"productinfo\" class=\"product-info\">\n<div class=\"tabs-wrapper hidden-xs\">\n<div class=\"tab-content\">\n<div id=\"description\" class=\"tab-pane active\" role=\"tabpanel\">\n<p>Trixie Montoro er et flott klorem\u00f8bel trukket i myk plysj med klorestammer omviklet med naturlig sisal. Kattem\u00f8belets hule er trukket i plysj. Liggeplaten er polstret. H\u00f8yde: 165 cm. Farge: Beige\/brun.<\/p>\n<\/div>\n<\/div>\n<\/div>\n<div class=\"clearfix\"><\/div>\n<\/div>","protected":false},"featured_media":6168,"comment_status":"open","ping_status":"closed","template":"","meta":{"_uf_show_specific_survey":0,"_uf_disable_surveys":false},"pwb-brand":[3899],"product_brand":[],"product_cat":[665,2234,670],"product_tag":[],"class_list":{"0":"post-6143","1":"product","2":"type-product","3":"status-publish","4":"has-post-thumbnail","6":"pwb-brand-trixie","7":"product_cat-katt","8":"product_cat-kloremobel","9":"product_cat-klorebrett","11":"first","12":"instock","13":"taxable","14":"shipping-taxable","15":"purchasable","16":"product-type-simple"},"exclude_global_add_ons":[],"addons":[],"brands":[{"id":3899,"name":"Trixie","slug":"trixie"}],"_links":{"self":[{"href":"https:\/\/pim.fuglebutikken.no\/nb\/wp-json\/wp\/v2\/product\/6143","targetHints":{"allow":["GET"]}}],"collection":[{"href":"https:\/\/pim.fuglebutikken.no\/nb\/wp-json\/wp\/v2\/product"}],"about":[{"href":"https:\/\/pim.fuglebutikken.no\/nb\/wp-json\/wp\/v2\/types\/product"}],"replies":[{"embeddable":true,"href":"https:\/\/pim.fuglebutikken.no\/nb\/wp-json\/wp\/v2\/comments?post=6143"}],"wp:featuredmedia":[{"embeddable":true,"href":"https:\/\/pim.fuglebutikken.no\/nb\/wp-json\/wp\/v2\/media\/6168"}],"wp:attachment":[{"href":"https:\/\/pim.fuglebutikken.no\/nb\/wp-json\/wp\/v2\/media?parent=6143"}],"wp:term":[{"taxonomy":"pwb-brand","embeddable":true,"href":"https:\/\/pim.fuglebutikken.no\/nb\/wp-json\/wp\/v2\/pwb-brand?post=6143"},{"taxonomy":"product_brand","embeddable":true,"href":"https:\/\/pim.fuglebutikken.no\/nb\/wp-json\/wp\/v2\/product_brand?post=6143"},{"taxonomy":"product_cat","embeddable":true,"href":"https:\/\/pim.fuglebutikken.no\/nb\/wp-json\/wp\/v2\/product_cat?post=6143"},{"taxonomy":"product_tag","embeddable":true,"href":"https:\/\/pim.fuglebutikken.no\/nb\/wp-json\/wp\/v2\/product_tag?post=6143"}],"curies":[{"name":"wp","href":"https:\/\/api.w.org\/{rel}","templated":true}]}}