{"id":61167,"date":"2022-03-27T20:18:24","date_gmt":"2022-03-27T18:18:24","guid":{"rendered":"https:\/\/83725a6903.nxcli.io\/?post_type=product&#038;p=61167"},"modified":"2023-12-05T20:25:46","modified_gmt":"2023-12-05T19:25:46","slug":"iata-sett-til-skudo","status":"publish","type":"product","link":"https:\/\/pim.fuglebutikken.no\/nb\/produkt\/iata-sett-til-skudo\/","title":{"rendered":"IATA sett til Skudo"},"content":{"rendered":"<h2>IATA sett til Skudo<\/h2>\n<p>P\u00e5 de fleste fly, tog og buss kan du ta med kj\u00e6ledyret ditt. Avhengig av rasen til dyret, st\u00f8rrelse, vekt og alder kan de reise i kabinen p\u00e5 fly &#8211; da gjelder andre regler. I lasterommet p\u00e5 fly skal det benyttes harde bur, som er sikret og buret skal v\u00e6re etter IATA reglementet.<\/p>\n<p>IATA sett til Trixie eller Skudo bur er med \u00e5 sikrer buret.<\/p>\n<p>&nbsp;<\/p>","protected":false},"excerpt":{"rendered":"<h3>IATA sett til Skudo<\/h3>\n<ul>\n<li>med sk\u00e5l, skruer, dekaler<\/li>\n<li>For Skudo 1, 2, 3, 4, 5, 6 og 7<\/li>\n<li>Passer ogs\u00e5 Trixie Skudo<\/li>\n<li>For trygg og sikker transport av kj\u00e6ledyr p\u00e5 fly, tog m.m.<\/li>\n<\/ul>","protected":false},"featured_media":61168,"comment_status":"closed","ping_status":"closed","template":"","meta":{"_uf_show_specific_survey":0,"_uf_disable_surveys":false},"pwb-brand":[3826],"product_brand":[],"product_cat":[1049,831,160,16,17,969,665,1053,732,423,4063,433,4374,179,1470],"product_tag":[],"class_list":{"0":"post-61167","1":"product","2":"type-product","3":"status-publish","4":"has-post-thumbnail","6":"pwb-brand-skudo","7":"product_cat-bur-og-sikkerhet","8":"product_cat-bur-og-sikkerhet-katt","9":"product_cat-dyr-bur","10":"product_cat-fugl","11":"product_cat-fugl-bur","12":"product_cat-hund","13":"product_cat-katt","14":"product_cat-plastbur","15":"product_cat-reiseutstyr-og-bur","16":"product_cat-reptil","17":"product_cat-smadyr","18":"product_cat-terrarie","19":"product_cat-transport","20":"product_cat-transportbur","21":"product_cat-transportbur-fugl","23":"first","24":"instock","25":"taxable","26":"shipping-taxable","27":"purchasable","28":"product-type-simple"},"exclude_global_add_ons":[],"addons":[],"brands":[{"id":3826,"name":"Skudo","slug":"skudo"}],"_links":{"self":[{"href":"https:\/\/pim.fuglebutikken.no\/nb\/wp-json\/wp\/v2\/product\/61167","targetHints":{"allow":["GET"]}}],"collection":[{"href":"https:\/\/pim.fuglebutikken.no\/nb\/wp-json\/wp\/v2\/product"}],"about":[{"href":"https:\/\/pim.fuglebutikken.no\/nb\/wp-json\/wp\/v2\/types\/product"}],"replies":[{"embeddable":true,"href":"https:\/\/pim.fuglebutikken.no\/nb\/wp-json\/wp\/v2\/comments?post=61167"}],"wp:featuredmedia":[{"embeddable":true,"href":"https:\/\/pim.fuglebutikken.no\/nb\/wp-json\/wp\/v2\/media\/61168"}],"wp:attachment":[{"href":"https:\/\/pim.fuglebutikken.no\/nb\/wp-json\/wp\/v2\/media?parent=61167"}],"wp:term":[{"taxonomy":"pwb-brand","embeddable":true,"href":"https:\/\/pim.fuglebutikken.no\/nb\/wp-json\/wp\/v2\/pwb-brand?post=61167"},{"taxonomy":"product_brand","embeddable":true,"href":"https:\/\/pim.fuglebutikken.no\/nb\/wp-json\/wp\/v2\/product_brand?post=61167"},{"taxonomy":"product_cat","embeddable":true,"href":"https:\/\/pim.fuglebutikken.no\/nb\/wp-json\/wp\/v2\/product_cat?post=61167"},{"taxonomy":"product_tag","embeddable":true,"href":"https:\/\/pim.fuglebutikken.no\/nb\/wp-json\/wp\/v2\/product_tag?post=61167"}],"curies":[{"name":"wp","href":"https:\/\/api.w.org\/{rel}","templated":true}]}}