{"id":60829,"date":"2022-03-13T20:26:48","date_gmt":"2022-03-13T19:26:48","guid":{"rendered":"https:\/\/83725a6903.nxcli.io\/?post_type=product&#038;p=60829"},"modified":"2022-10-31T12:54:37","modified_gmt":"2022-10-31T11:54:37","slug":"kong-playspaces-bungalow-kattetelt","status":"publish","type":"product","link":"https:\/\/pim.fuglebutikken.no\/nb\/produkt\/kong-playspaces-bungalow-kattetelt\/","title":{"rendered":"Kong PlaySpaces Bungalow kattetelt"},"content":{"rendered":"<h1>Kong PlaySpaces Bungalow kattetelt<\/h1>\n<p><iframe loading=\"lazy\" title=\"KONG Playspace Bungalow - Cat Toy\" width=\"800\" height=\"450\" src=\"https:\/\/www.youtube.com\/embed\/b6ms_wkdTuQ?feature=oembed\" frameborder=\"0\" allow=\"accelerometer; autoplay; clipboard-write; encrypted-media; gyroscope; picture-in-picture; web-share\" referrerpolicy=\"strict-origin-when-cross-origin\" allowfullscreen><\/iframe><\/p>","protected":false},"excerpt":{"rendered":"<p>Kong PlaySpaces Bungalow kattetelt<\/p>\n<p>KONG PlaySpaces Bungalow er et lite hus for katten din, et bed\u00e5rende gjemmested hvor katten din kan tilfredsstille naturlige instinkter for \u00e5 kr\u00f8lle seg sammen p\u00e5 et koselig sted. Vinduer vekker gjemsel instinkter og et spenstig leket\u00f8y sl\u00e5r gnister og sl\u00e5r for sunn aktiv lek. En ekstra bonus er Bungalowens sammenleggbare design for enkel montering og oppbevaring.<\/p>\n<ul>\n<li>Kr\u00f8lle- og koseplass oppfyller instinktive behov<\/li>\n<li>Fj\u00e6rende leke for batting moro<\/li>\n<li>Enkel pop opp og ned for montering og oppbevaring<\/li>\n<li>41,5&#215;41,5&#215;41,5cm<\/li>\n<\/ul>","protected":false},"featured_media":60835,"comment_status":"closed","ping_status":"closed","template":"","meta":{"_uf_show_specific_survey":0,"_uf_disable_surveys":false},"pwb-brand":[3933],"product_brand":[],"product_cat":[719,665,4918],"product_tag":[],"class_list":{"0":"post-60829","1":"product","2":"type-product","3":"status-publish","4":"has-post-thumbnail","6":"pwb-brand-kong","7":"product_cat-huler","8":"product_cat-katt","9":"product_cat-kosehule-katt","11":"first","12":"instock","13":"taxable","14":"shipping-taxable","15":"purchasable","16":"product-type-simple"},"exclude_global_add_ons":[],"addons":[],"brands":[{"id":3933,"name":"Kong","slug":"kong"}],"_links":{"self":[{"href":"https:\/\/pim.fuglebutikken.no\/nb\/wp-json\/wp\/v2\/product\/60829","targetHints":{"allow":["GET"]}}],"collection":[{"href":"https:\/\/pim.fuglebutikken.no\/nb\/wp-json\/wp\/v2\/product"}],"about":[{"href":"https:\/\/pim.fuglebutikken.no\/nb\/wp-json\/wp\/v2\/types\/product"}],"replies":[{"embeddable":true,"href":"https:\/\/pim.fuglebutikken.no\/nb\/wp-json\/wp\/v2\/comments?post=60829"}],"wp:featuredmedia":[{"embeddable":true,"href":"https:\/\/pim.fuglebutikken.no\/nb\/wp-json\/wp\/v2\/media\/60835"}],"wp:attachment":[{"href":"https:\/\/pim.fuglebutikken.no\/nb\/wp-json\/wp\/v2\/media?parent=60829"}],"wp:term":[{"taxonomy":"pwb-brand","embeddable":true,"href":"https:\/\/pim.fuglebutikken.no\/nb\/wp-json\/wp\/v2\/pwb-brand?post=60829"},{"taxonomy":"product_brand","embeddable":true,"href":"https:\/\/pim.fuglebutikken.no\/nb\/wp-json\/wp\/v2\/product_brand?post=60829"},{"taxonomy":"product_cat","embeddable":true,"href":"https:\/\/pim.fuglebutikken.no\/nb\/wp-json\/wp\/v2\/product_cat?post=60829"},{"taxonomy":"product_tag","embeddable":true,"href":"https:\/\/pim.fuglebutikken.no\/nb\/wp-json\/wp\/v2\/product_tag?post=60829"}],"curies":[{"name":"wp","href":"https:\/\/api.w.org\/{rel}","templated":true}]}}