{"id":60798,"date":"2022-03-12T15:16:51","date_gmt":"2022-03-12T14:16:51","guid":{"rendered":"https:\/\/83725a6903.nxcli.io\/?post_type=product&#038;p=60798"},"modified":"2022-12-06T13:14:35","modified_gmt":"2022-12-06T12:14:35","slug":"bilsete-reiseseng","status":"publish","type":"product","link":"https:\/\/pim.fuglebutikken.no\/nb\/produkt\/bilsete-reiseseng\/","title":{"rendered":"Bilsete-reiseseng til sm\u00e5 dyr 50\u00d740\u00d750cm, sort-gr\u00e5"},"content":{"rendered":"<h1>Bilsete-reiseseng til sm\u00e5 dyr 50\u00d740\u00d750cm, sort-gr\u00e5<\/h1>","protected":false},"excerpt":{"rendered":"<h2>Bilsete-reiseseng til sm\u00e5 dyr 50\u00d740\u00d750cm, sort-gr\u00e5<\/h2>\n<ul>\n<li>hund transport, perfekt til katt og sm\u00e5 hunder<\/li>\n<li>Kan ogs\u00e5 brukes som reiseseng<\/li>\n<li>Med stropper for \u00e5 stabilisere bilsete inne i bilen<\/li>\n<li>\u00c5pning for bilbelte<\/li>\n<li>Beltespalt gj\u00f8r det mulig \u00e5 spenne hunden\/katten fast (bruke gjerne sele p\u00e5 dyret)<\/li>\n<li>Mykt polstret<\/li>\n<li>Polyester fleecefyll<br \/>\n<img loading=\"lazy\" decoding=\"async\" class=\"alignnone wp-image-60802\" src=\"https:\/\/fuglebutikken.no\/wp-content\/uploads\/2022\/03\/Bilsete-reiseseng-til-sma-dyr-50\u00d740\u00d750cm-sortgra-1.png\" alt=\"Bilsete-reiseseng til sm\u00e5 dyr 50\u00d740\u00d750cm, sortgr\u00e5 (1)\" width=\"56\" height=\"56\" srcset=\"\/wp-content\/uploads\/2022\/03\/Bilsete-reiseseng-til-sma-dyr-50\u00d740\u00d750cm-sortgra-1.png 85w, \/wp-content\/uploads\/2022\/03\/Bilsete-reiseseng-til-sma-dyr-50\u00d740\u00d750cm-sortgra-1-64x64.png 64w\" sizes=\"auto, (max-width: 56px) 100vw, 56px\" \/><\/li>\n<\/ul>","protected":false},"featured_media":60799,"comment_status":"closed","ping_status":"closed","template":"","meta":{"_uf_show_specific_survey":0,"_uf_disable_surveys":false},"pwb-brand":[3899],"product_brand":[],"product_cat":[1052,1049,831,969,665,732],"product_tag":[3390],"class_list":{"0":"post-60798","1":"product","2":"type-product","3":"status-publish","4":"has-post-thumbnail","6":"pwb-brand-trixie","7":"product_cat-bil","8":"product_cat-bur-og-sikkerhet","9":"product_cat-bur-og-sikkerhet-katt","10":"product_cat-hund","11":"product_cat-katt","12":"product_cat-reiseutstyr-og-bur","13":"product_tag-bilferie","15":"first","16":"instock","17":"taxable","18":"shipping-taxable","19":"purchasable","20":"product-type-simple"},"exclude_global_add_ons":[],"addons":[],"brands":[{"id":3899,"name":"Trixie","slug":"trixie"}],"_links":{"self":[{"href":"https:\/\/pim.fuglebutikken.no\/nb\/wp-json\/wp\/v2\/product\/60798","targetHints":{"allow":["GET"]}}],"collection":[{"href":"https:\/\/pim.fuglebutikken.no\/nb\/wp-json\/wp\/v2\/product"}],"about":[{"href":"https:\/\/pim.fuglebutikken.no\/nb\/wp-json\/wp\/v2\/types\/product"}],"replies":[{"embeddable":true,"href":"https:\/\/pim.fuglebutikken.no\/nb\/wp-json\/wp\/v2\/comments?post=60798"}],"wp:featuredmedia":[{"embeddable":true,"href":"https:\/\/pim.fuglebutikken.no\/nb\/wp-json\/wp\/v2\/media\/60799"}],"wp:attachment":[{"href":"https:\/\/pim.fuglebutikken.no\/nb\/wp-json\/wp\/v2\/media?parent=60798"}],"wp:term":[{"taxonomy":"pwb-brand","embeddable":true,"href":"https:\/\/pim.fuglebutikken.no\/nb\/wp-json\/wp\/v2\/pwb-brand?post=60798"},{"taxonomy":"product_brand","embeddable":true,"href":"https:\/\/pim.fuglebutikken.no\/nb\/wp-json\/wp\/v2\/product_brand?post=60798"},{"taxonomy":"product_cat","embeddable":true,"href":"https:\/\/pim.fuglebutikken.no\/nb\/wp-json\/wp\/v2\/product_cat?post=60798"},{"taxonomy":"product_tag","embeddable":true,"href":"https:\/\/pim.fuglebutikken.no\/nb\/wp-json\/wp\/v2\/product_tag?post=60798"}],"curies":[{"name":"wp","href":"https:\/\/api.w.org\/{rel}","templated":true}]}}