{"id":60364,"date":"2022-02-25T10:38:53","date_gmt":"2022-02-25T09:38:53","guid":{"rendered":"https:\/\/83725a6903.nxcli.io\/?post_type=product&#038;p=60364"},"modified":"2023-11-24T16:36:42","modified_gmt":"2023-11-24T15:36:42","slug":"ciao-churu-katt-kylling-4stk","status":"publish","type":"product","link":"https:\/\/pim.fuglebutikken.no\/nb\/produkt\/ciao-churu-katt-kylling-4stk\/","title":{"rendered":"Churu Skin &#038; Coat Tuna, 4st"},"content":{"rendered":"<h2>Churu Skin &amp; Coat Tuna, 4stk<\/h2>\n<ul>\n<li id=\"tw-target-text\" class=\"tw-data-text tw-text-large tw-ta\" dir=\"ltr\" data-placeholder=\"Oversettelse\" data-ved=\"2ahUKEwiShtbztNyCAxVeDRAIHWp5CtYQ3ewLegQIBRAQ\"><span class=\"Y2IQFc\" lang=\"no\">LAGET MED SUNNE INGREDIENSER DU KAN STOLE P\u00c5: Hvert Inaba-produkt er laget med deilige ingredienser av h\u00f8y kvalitet, inkludert g\u00e5rdsoppdrettet kylling og\/eller naturlig villfanget tunfisk <\/span><\/li>\n<li class=\"tw-data-text tw-text-large tw-ta\" dir=\"ltr\" data-placeholder=\"Oversettelse\" data-ved=\"2ahUKEwiShtbztNyCAxVeDRAIHWp5CtYQ3ewLegQIBRAQ\"><span class=\"Y2IQFc\" lang=\"no\">MORO OG <\/span>FUNKSJONELL: I likhet med v\u00e5re originale Inaba Churu Cat Treats, er disse tubene en godbit med lavt kaloriinnhold som hjelper med hydrering. Men vi har ogs\u00e5 pakket dem med Omega-3 fettsyrer fra fiskeolje for \u00e5 opprettholde sunn hud og en skinnende pels<\/li>\n<li class=\"tw-data-text tw-text-large tw-ta\" dir=\"ltr\" data-placeholder=\"Oversettelse\" data-ved=\"2ahUKEwiShtbztNyCAxVeDRAIHWp5CtYQ3ewLegQIBRAQ\">F\u00c5 DEM TIL \u00c5 SPISE UT AV HENDENE DINE: V\u00e5re kremete Churu er fri for korn, konserveringsmidler og kunstige farger. De er s\u00e5 deilige at pusen din vil spise dem ut av hendene dine. Bare riv den opp og klem den litt<\/li>\n<li class=\"tw-data-text tw-text-large tw-ta\" dir=\"ltr\" data-placeholder=\"Oversettelse\" data-ved=\"2ahUKEwiShtbztNyCAxVeDRAIHWp5CtYQ3ewLegQIBRAQ\">SNIKE SNACKS: Har du en masete katt som trenger \u00e5 ta medisin? Hell en tube i bollen deres blandet med medisinen eller bruk som v\u00e5t kattemat eller t\u00f8rr kattemat topper for \u00e5 f\u00e5 dem til \u00e5 spise litt mer<\/li>\n<li class=\"tw-data-text tw-text-large tw-ta\" dir=\"ltr\" data-placeholder=\"Oversettelse\" data-ved=\"2ahUKEwiShtbztNyCAxVeDRAIHWp5CtYQ3ewLegQIBRAQ\">GI LITT VARIASJON TIL DIN KATTS LIV: Tilgjengelig i fire velsmakende smaker, katter i alle stadier (kattunge til senior) vil kunne finne en smak som de vil trygle deg om<\/li>\n<\/ul>\n<p id=\"tw-target-text\" class=\"tw-data-text tw-text-large tw-ta\" dir=\"ltr\" data-placeholder=\"Oversettelse\" data-ved=\"2ahUKEwiShtbztNyCAxVeDRAIHWp5CtYQ3ewLegQIBRAQ\"><span class=\"Y2IQFc\" lang=\"no\">SAMMENSETNING Vann, tunfisk, tapiokastivelse, soyaolje, naturlige smaker, guargummi, naturlig tunfisksmak, fiskeolje, vitamin E-tilskudd, taurin, ekstrakt av gr\u00f8nn te <\/span><\/p>\n<p class=\"tw-data-text tw-text-large tw-ta\" dir=\"ltr\" data-placeholder=\"Oversettelse\" data-ved=\"2ahUKEwiShtbztNyCAxVeDRAIHWp5CtYQ3ewLegQIBRAQ\"><span class=\"Y2IQFc\" lang=\"no\">ANALYTISKE BESTANDDELER R\u00e5protein (min) 7,00 %, R\u00e5fett (min) 2,80 %, R\u00e5fiber (maks) 0,30 %, Fuktighet (maks) 88,00 %, Vitamin E (min) 310 IE\/kg, Taurin (min) 0,025 %, Omega-3 (min) 0,20 %, Omega-6 (min) 1,00 % <\/span><\/p>\n<p class=\"tw-data-text tw-text-large tw-ta\" dir=\"ltr\" data-placeholder=\"Oversettelse\" data-ved=\"2ahUKEwiShtbztNyCAxVeDRAIHWp5CtYQ3ewLegQIBRAQ\"><span class=\"Y2IQFc\" lang=\"no\">F\u00d8RINGSINSTRUKSJONER F\u00f4r som en godbit til katten din. Dette produktet er ikke ment \u00e5 gis som et m\u00e5ltid. Gi rent, friskt vann daglig. For kj\u00e6ledyrets helse, se din veterin\u00e6r regelmessig. <\/span><\/p>\n<p class=\"tw-data-text tw-text-large tw-ta\" dir=\"ltr\" data-placeholder=\"Oversettelse\" data-ved=\"2ahUKEwiShtbztNyCAxVeDRAIHWp5CtYQ3ewLegQIBRAQ\"><span class=\"Y2IQFc\" lang=\"no\">EAN-kode 4262365736710 <\/span><\/p>\n<p class=\"tw-data-text tw-text-large tw-ta\" dir=\"ltr\" data-placeholder=\"Oversettelse\" data-ved=\"2ahUKEwiShtbztNyCAxVeDRAIHWp5CtYQ3ewLegQIBRAQ\"><span class=\"Y2IQFc\" lang=\"no\">MERKE CHURU<\/span><\/p>","protected":false},"excerpt":{"rendered":"<h2>Churu Skin &amp; Coat Tuna, 4stk<\/h2>\n<p>Denne slikkbare snacksen for katter er laget av ren vill tunfisk eller g\u00e5rdsoppdrettet kylling! Bare riv opp en tube og klem den litt for \u00e5 mate disse kornfrie, konserveringsfrie godsakene for h\u00e5nd. Du kan ogs\u00e5 helle dem i en bolle eller bruke som en smaksforsterker p\u00e5 v\u00e5t eller t\u00f8rr mat.<\/p>\n<p>\u30fbLaget med ren g\u00e5rdsoppdrettet kylling<br \/>\n\u30fbIngen korn, konserveringsmidler eller kunstige farger<br \/>\n\u30fb Kremet tekstur og salte smaker katter elsker<br \/>\n\u30fbIdeell for \u00e5 ta sammen med medisiner eller p\u00e5 mat katten ikke liker<br \/>\n\u30fbH\u00f8yt innhold av fuktighet<br \/>\n\u30fb Lite kalorier<br \/>\n\u30fbDesignet for f\u00f4ring for h\u00e5nd, men ogs\u00e5 egnet til \u00e5 ha i sk\u00e5l<br \/>\n\u30fbInnovativ, interaktiv m\u00e5te \u00e5 tilbringe tid sammen p\u00e5<\/p>","protected":false},"featured_media":94585,"comment_status":"closed","ping_status":"closed","template":"","meta":{"_uf_show_specific_survey":0,"_uf_disable_surveys":false},"pwb-brand":[5590,5591],"product_brand":[],"product_cat":[5592,5593,665,695,715,705],"product_tag":[],"class_list":{"0":"post-60364","1":"product","2":"type-product","3":"status-publish","4":"has-post-thumbnail","6":"pwb-brand-churu","7":"pwb-brand-ciao-churu","8":"product_cat-ciao-churu","9":"product_cat-ciao-churu-snacks","10":"product_cat-katt","11":"product_cat-kattemat-og-snacks","12":"product_cat-snacks","13":"product_cat-vatfor","15":"first","16":"instock","17":"sale","18":"taxable","19":"shipping-taxable","20":"purchasable","21":"product-type-variable","22":"has-default-attributes"},"exclude_global_add_ons":[],"addons":[],"brands":[{"id":5590,"name":"Churu","slug":"churu"},{"id":5591,"name":"Ciao Churu","slug":"ciao-churu"}],"_links":{"self":[{"href":"https:\/\/pim.fuglebutikken.no\/nb\/wp-json\/wp\/v2\/product\/60364","targetHints":{"allow":["GET"]}}],"collection":[{"href":"https:\/\/pim.fuglebutikken.no\/nb\/wp-json\/wp\/v2\/product"}],"about":[{"href":"https:\/\/pim.fuglebutikken.no\/nb\/wp-json\/wp\/v2\/types\/product"}],"replies":[{"embeddable":true,"href":"https:\/\/pim.fuglebutikken.no\/nb\/wp-json\/wp\/v2\/comments?post=60364"}],"wp:featuredmedia":[{"embeddable":true,"href":"https:\/\/pim.fuglebutikken.no\/nb\/wp-json\/wp\/v2\/media\/94585"}],"wp:attachment":[{"href":"https:\/\/pim.fuglebutikken.no\/nb\/wp-json\/wp\/v2\/media?parent=60364"}],"wp:term":[{"taxonomy":"pwb-brand","embeddable":true,"href":"https:\/\/pim.fuglebutikken.no\/nb\/wp-json\/wp\/v2\/pwb-brand?post=60364"},{"taxonomy":"product_brand","embeddable":true,"href":"https:\/\/pim.fuglebutikken.no\/nb\/wp-json\/wp\/v2\/product_brand?post=60364"},{"taxonomy":"product_cat","embeddable":true,"href":"https:\/\/pim.fuglebutikken.no\/nb\/wp-json\/wp\/v2\/product_cat?post=60364"},{"taxonomy":"product_tag","embeddable":true,"href":"https:\/\/pim.fuglebutikken.no\/nb\/wp-json\/wp\/v2\/product_tag?post=60364"}],"curies":[{"name":"wp","href":"https:\/\/api.w.org\/{rel}","templated":true}]}}