{"id":6028,"date":"2020-03-01T16:31:37","date_gmt":"2020-03-01T15:31:37","guid":{"rendered":"https:\/\/274105-www.web.tornado-node.net\/product\/import-placeholder-for-2358\/"},"modified":"2023-12-02T16:39:28","modified_gmt":"2023-12-02T15:39:28","slug":"kattemynte-20g","status":"publish","type":"product","link":"https:\/\/pim.fuglebutikken.no\/nb\/produkt\/kattemynte-20g\/","title":{"rendered":"Kattemynte 20g"},"content":{"rendered":"<h2>Kattemynte 20g<\/h2>","protected":false},"excerpt":{"rendered":"<h3 class=\"tws-article-description--article-number ng-binding ng-scope\">Kattemynte 20g<\/h3>\n<p class=\"tws-article-description--article-number ng-binding ng-scope\">De fleste katter elsker kattemynte. Kattemynte er en urt i t\u00f8rket form. Kan brukes p\u00e5 mange m\u00e5ter &#8211; bare fantasien setter grenser. Noen eksempler: &#8211; Katten din vil ikke g\u00e5 inn i buret n\u00e5r du g\u00e5r bort &#8211; dryss en liten kattemynt p\u00e5 buret. &#8211; du vil at katten skal bruke klorem\u00f8bler\/brett &#8211; dryss en liten kattemynt p\u00e5 stedet &#8211; Perfekt til \u00e5 fylle p\u00e5 i katteleker.<\/p>\n<p>Catnip, 20 g. Med langvarig duft. Bladene fra Nepeta catarina planten stimulerer katten til og leke.<\/p>","protected":false},"featured_media":35159,"comment_status":"open","ping_status":"closed","template":"","meta":{"_uf_show_specific_survey":0,"_uf_disable_surveys":false},"pwb-brand":[3928],"product_brand":[],"product_cat":[665,762,765],"product_tag":[],"class_list":{"0":"post-6028","1":"product","2":"type-product","3":"status-publish","4":"has-post-thumbnail","6":"pwb-brand-jollypaw","7":"product_cat-katt","8":"product_cat-katteleker","9":"product_cat-kattemynte-catnip","11":"first","12":"instock","13":"taxable","14":"shipping-taxable","15":"purchasable","16":"product-type-simple"},"exclude_global_add_ons":[],"addons":[],"brands":[{"id":3928,"name":"JollyPaw","slug":"jollypaw"}],"_links":{"self":[{"href":"https:\/\/pim.fuglebutikken.no\/nb\/wp-json\/wp\/v2\/product\/6028","targetHints":{"allow":["GET"]}}],"collection":[{"href":"https:\/\/pim.fuglebutikken.no\/nb\/wp-json\/wp\/v2\/product"}],"about":[{"href":"https:\/\/pim.fuglebutikken.no\/nb\/wp-json\/wp\/v2\/types\/product"}],"replies":[{"embeddable":true,"href":"https:\/\/pim.fuglebutikken.no\/nb\/wp-json\/wp\/v2\/comments?post=6028"}],"wp:featuredmedia":[{"embeddable":true,"href":"https:\/\/pim.fuglebutikken.no\/nb\/wp-json\/wp\/v2\/media\/35159"}],"wp:attachment":[{"href":"https:\/\/pim.fuglebutikken.no\/nb\/wp-json\/wp\/v2\/media?parent=6028"}],"wp:term":[{"taxonomy":"pwb-brand","embeddable":true,"href":"https:\/\/pim.fuglebutikken.no\/nb\/wp-json\/wp\/v2\/pwb-brand?post=6028"},{"taxonomy":"product_brand","embeddable":true,"href":"https:\/\/pim.fuglebutikken.no\/nb\/wp-json\/wp\/v2\/product_brand?post=6028"},{"taxonomy":"product_cat","embeddable":true,"href":"https:\/\/pim.fuglebutikken.no\/nb\/wp-json\/wp\/v2\/product_cat?post=6028"},{"taxonomy":"product_tag","embeddable":true,"href":"https:\/\/pim.fuglebutikken.no\/nb\/wp-json\/wp\/v2\/product_tag?post=6028"}],"curies":[{"name":"wp","href":"https:\/\/api.w.org\/{rel}","templated":true}]}}