{"id":57142,"date":"2021-11-11T00:59:36","date_gmt":"2021-11-10T23:59:36","guid":{"rendered":"https:\/\/admin.fuglebutikker.kinsta.cloud\/?post_type=product&#038;p=57142"},"modified":"2024-03-09T10:57:49","modified_gmt":"2024-03-09T09:57:49","slug":"fugleforautomat-til-meiseboller-med-vaier","status":"publish","type":"product","link":"https:\/\/pim.fuglebutikken.no\/nb\/produkt\/fugleforautomat-til-meiseboller-med-vaier\/","title":{"rendered":"Fugleforautomat til meiseboller med vaier"},"content":{"rendered":"","protected":false},"excerpt":{"rendered":"<p>Fugleforautomat til meiseboller med vaier.<\/p>\n<p>Med denne automaten kan du trygt henge ut meiseboller til fuglene. Legg gjerne sm\u00e5 epler i tillegg. Lokket skues av for p\u00e5fylling. Det er hull i bunn for \u00e5 slippe ut vann\/fuktighet.<\/p>\n<ul>\n<li>Lengde 26 cm<\/li>\n<li>St\u00e5lwire 30 cm<\/li>\n<li>7cm diameter p\u00e5 r\u00f8ret<\/li>\n<li>14cm diameter p\u00e5 bunn<\/li>\n<\/ul>","protected":false},"featured_media":57143,"comment_status":"closed","ping_status":"closed","template":"","meta":{"_uf_show_specific_survey":0,"_uf_disable_surveys":false},"pwb-brand":[4585],"product_brand":[],"product_cat":[4034,70],"product_tag":[5912],"class_list":{"0":"post-57142","1":"product","2":"type-product","3":"status-publish","4":"has-post-thumbnail","6":"pwb-brand-hercules","7":"product_cat-utefugl","8":"product_cat-utefuglskaler-og-automater","9":"product_tag-villfugl","11":"first","12":"instock","13":"taxable","14":"shipping-taxable","15":"purchasable","16":"product-type-simple"},"exclude_global_add_ons":[],"addons":[],"brands":[{"id":4585,"name":"Hercules","slug":"hercules"}],"_links":{"self":[{"href":"https:\/\/pim.fuglebutikken.no\/nb\/wp-json\/wp\/v2\/product\/57142","targetHints":{"allow":["GET"]}}],"collection":[{"href":"https:\/\/pim.fuglebutikken.no\/nb\/wp-json\/wp\/v2\/product"}],"about":[{"href":"https:\/\/pim.fuglebutikken.no\/nb\/wp-json\/wp\/v2\/types\/product"}],"replies":[{"embeddable":true,"href":"https:\/\/pim.fuglebutikken.no\/nb\/wp-json\/wp\/v2\/comments?post=57142"}],"wp:featuredmedia":[{"embeddable":true,"href":"https:\/\/pim.fuglebutikken.no\/nb\/wp-json\/wp\/v2\/media\/57143"}],"wp:attachment":[{"href":"https:\/\/pim.fuglebutikken.no\/nb\/wp-json\/wp\/v2\/media?parent=57142"}],"wp:term":[{"taxonomy":"pwb-brand","embeddable":true,"href":"https:\/\/pim.fuglebutikken.no\/nb\/wp-json\/wp\/v2\/pwb-brand?post=57142"},{"taxonomy":"product_brand","embeddable":true,"href":"https:\/\/pim.fuglebutikken.no\/nb\/wp-json\/wp\/v2\/product_brand?post=57142"},{"taxonomy":"product_cat","embeddable":true,"href":"https:\/\/pim.fuglebutikken.no\/nb\/wp-json\/wp\/v2\/product_cat?post=57142"},{"taxonomy":"product_tag","embeddable":true,"href":"https:\/\/pim.fuglebutikken.no\/nb\/wp-json\/wp\/v2\/product_tag?post=57142"}],"curies":[{"name":"wp","href":"https:\/\/api.w.org\/{rel}","templated":true}]}}