{"id":57119,"date":"2021-11-10T23:16:59","date_gmt":"2021-11-10T22:16:59","guid":{"rendered":"https:\/\/admin.fuglebutikker.kinsta.cloud\/?post_type=product&#038;p=57119"},"modified":"2023-08-09T23:55:21","modified_gmt":"2023-08-09T21:55:21","slug":"kruuse-vet-bed-liggeunderlag","status":"publish","type":"product","link":"https:\/\/pim.fuglebutikken.no\/nb\/produkt\/kruuse-vet-bed-liggeunderlag\/","title":{"rendered":"Kruuse Vet Bed Liggeunderlag til Hund &amp; Katt"},"content":{"rendered":"<h2>Kruuse Vet Bed Liggeunderlag til Hund &amp; Katt<\/h2>","protected":false},"excerpt":{"rendered":"<p>Kruuse Vet Bed er en myk matte til katt og hund. Liggeunderlaget bidrar til \u00e5 opprettholde kroppstemperatur og holder pasienten komfortabel etter operasjonen. Kruuse Vet Bed er vaskbar i maskin (max. 65 \u00b0 C) og t\u00e5ler t\u00f8rketrommel. Farge: gr\u00e5.<\/p>","protected":false},"featured_media":57128,"comment_status":"closed","ping_status":"closed","template":"","meta":{"_uf_show_specific_survey":0,"_uf_disable_surveys":false},"pwb-brand":[3934],"product_brand":[],"product_cat":[1049,5454,969,1464,3485,1007,989,988,1078,1480,4846],"product_tag":[5257],"class_list":{"0":"post-57119","1":"product","2":"type-product","3":"status-publish","4":"has-post-thumbnail","6":"pwb-brand-kruuse","7":"product_cat-bur-og-sikkerhet","8":"product_cat-burmadrasser","9":"product_cat-hund","10":"product_cat-hund-som-hobby","11":"product_cat-hundens-apotek","12":"product_cat-hygiene-hund","13":"product_cat-madrass","14":"product_cat-senger-madrasser-tepper","15":"product_cat-sykdom-og-helse","16":"product_cat-teppe","17":"product_cat-valpeunderlag","18":"product_tag-vet-bed","20":"first","21":"instock","22":"taxable","23":"shipping-taxable","24":"purchasable","25":"product-type-variable","26":"has-default-attributes"},"exclude_global_add_ons":[],"addons":[],"brands":[{"id":3934,"name":"Kruuse","slug":"kruuse"}],"_links":{"self":[{"href":"https:\/\/pim.fuglebutikken.no\/nb\/wp-json\/wp\/v2\/product\/57119","targetHints":{"allow":["GET"]}}],"collection":[{"href":"https:\/\/pim.fuglebutikken.no\/nb\/wp-json\/wp\/v2\/product"}],"about":[{"href":"https:\/\/pim.fuglebutikken.no\/nb\/wp-json\/wp\/v2\/types\/product"}],"replies":[{"embeddable":true,"href":"https:\/\/pim.fuglebutikken.no\/nb\/wp-json\/wp\/v2\/comments?post=57119"}],"wp:featuredmedia":[{"embeddable":true,"href":"https:\/\/pim.fuglebutikken.no\/nb\/wp-json\/wp\/v2\/media\/57128"}],"wp:attachment":[{"href":"https:\/\/pim.fuglebutikken.no\/nb\/wp-json\/wp\/v2\/media?parent=57119"}],"wp:term":[{"taxonomy":"pwb-brand","embeddable":true,"href":"https:\/\/pim.fuglebutikken.no\/nb\/wp-json\/wp\/v2\/pwb-brand?post=57119"},{"taxonomy":"product_brand","embeddable":true,"href":"https:\/\/pim.fuglebutikken.no\/nb\/wp-json\/wp\/v2\/product_brand?post=57119"},{"taxonomy":"product_cat","embeddable":true,"href":"https:\/\/pim.fuglebutikken.no\/nb\/wp-json\/wp\/v2\/product_cat?post=57119"},{"taxonomy":"product_tag","embeddable":true,"href":"https:\/\/pim.fuglebutikken.no\/nb\/wp-json\/wp\/v2\/product_tag?post=57119"}],"curies":[{"name":"wp","href":"https:\/\/api.w.org\/{rel}","templated":true}]}}