{"id":55922,"date":"2021-10-16T03:06:28","date_gmt":"2021-10-16T01:06:28","guid":{"rendered":"https:\/\/admin.fuglebutikker.kinsta.cloud\/?post_type=product&#038;p=55922"},"modified":"2024-03-09T10:57:57","modified_gmt":"2024-03-09T09:57:57","slug":"bello-torket-melorm","status":"publish","type":"product","link":"https:\/\/pim.fuglebutikken.no\/nb\/produkt\/bello-torket-melorm\/","title":{"rendered":"Bello t\u00f8rket melorm"},"content":{"rendered":"<h2>Bello t\u00f8rket melorm<\/h2>\n<p>Tilleggsf\u00f4r til utefugler og\u00a0 tropefugler<br \/>\nSmakfulle proteiner som gir god n\u00e6ring til fr\u00f8- og insektspisende fugler. Kan mates p\u00e5 bakken eller i matere. F\u00f4r gjerne flere steder i hagen.<\/p>\n<p>Gi fuglene fri tilgang til f\u00f4ret. Fuglene vil holde seg i omr\u00e5det ved f\u00f4ring, s\u00e5 fortrinnsvis f\u00f4r kontinuerlig. F\u00f4ringsplassene skal v\u00e6re rolige, trygge og beskyttede. Hold f\u00f4ringsplassene ren.<\/p>\n<p>Innhold: Protein 55 %, fiber 6 %, fetthalt 29 %, aska 3,5 %, fukthalt 5,5 %.<\/p>","protected":false},"excerpt":{"rendered":"<h3>Bello t\u00f8rket melorm.<\/h3>\n<p><em>Melorm<\/em>\u00a0er larvene til melormbille, Tenebrio molitor, ogs\u00e5 kalt m\u00f8rkbille eller tenebriobille.<\/p>\n<ul>\n<li>200gr<\/li>\n<li>T\u00f8rket melorm er fint som tilleggs-f\u00f2r eller snacks for hamster, rotter og andre sm\u00e5dyr eller reptiler som spiser insekter, samt tropefugl og fr\u00f8 insektetende utefugler<\/li>\n<li>Insekt-produkter er en ideell komponent for dyref\u00f4r p\u00e5 grunn av det energiske innholdet av protein, vitamin og aminosyrer.<\/li>\n<\/ul>","protected":false},"featured_media":55924,"comment_status":"closed","ping_status":"closed","template":"","meta":{"_uf_show_specific_survey":0,"_uf_disable_surveys":false},"pwb-brand":[3903],"product_brand":[],"product_cat":[162,16,28,182,448,440,5647,423,4063,23,4034,30],"product_tag":[5646],"class_list":{"0":"post-55922","1":"product","2":"type-product","3":"status-publish","4":"has-post-thumbnail","6":"pwb-brand-bello","7":"product_cat-mat-dyr","8":"product_cat-fugl","9":"product_cat-fuglesnacks","10":"product_cat-godbit-og-snacks","11":"product_cat-kosttilskudd-reptil","12":"product_cat-mat-og-kosttilskudd","13":"product_cat-melorm","14":"product_cat-reptil","15":"product_cat-smadyr","16":"product_cat-spise","17":"product_cat-utefugl","18":"product_cat-utefugl-mat","19":"product_tag-melorm","21":"first","22":"instock","23":"taxable","24":"shipping-taxable","25":"purchasable","26":"product-type-simple"},"exclude_global_add_ons":[],"addons":[],"brands":[{"id":3903,"name":"Bello","slug":"bello"}],"_links":{"self":[{"href":"https:\/\/pim.fuglebutikken.no\/nb\/wp-json\/wp\/v2\/product\/55922","targetHints":{"allow":["GET"]}}],"collection":[{"href":"https:\/\/pim.fuglebutikken.no\/nb\/wp-json\/wp\/v2\/product"}],"about":[{"href":"https:\/\/pim.fuglebutikken.no\/nb\/wp-json\/wp\/v2\/types\/product"}],"replies":[{"embeddable":true,"href":"https:\/\/pim.fuglebutikken.no\/nb\/wp-json\/wp\/v2\/comments?post=55922"}],"wp:featuredmedia":[{"embeddable":true,"href":"https:\/\/pim.fuglebutikken.no\/nb\/wp-json\/wp\/v2\/media\/55924"}],"wp:attachment":[{"href":"https:\/\/pim.fuglebutikken.no\/nb\/wp-json\/wp\/v2\/media?parent=55922"}],"wp:term":[{"taxonomy":"pwb-brand","embeddable":true,"href":"https:\/\/pim.fuglebutikken.no\/nb\/wp-json\/wp\/v2\/pwb-brand?post=55922"},{"taxonomy":"product_brand","embeddable":true,"href":"https:\/\/pim.fuglebutikken.no\/nb\/wp-json\/wp\/v2\/product_brand?post=55922"},{"taxonomy":"product_cat","embeddable":true,"href":"https:\/\/pim.fuglebutikken.no\/nb\/wp-json\/wp\/v2\/product_cat?post=55922"},{"taxonomy":"product_tag","embeddable":true,"href":"https:\/\/pim.fuglebutikken.no\/nb\/wp-json\/wp\/v2\/product_tag?post=55922"}],"curies":[{"name":"wp","href":"https:\/\/api.w.org\/{rel}","templated":true}]}}