{"id":54686,"date":"2021-09-12T17:51:03","date_gmt":"2021-09-12T15:51:03","guid":{"rendered":"https:\/\/admin.fuglebutikker.kinsta.cloud\/?post_type=product&#038;p=54686"},"modified":"2022-11-28T00:01:10","modified_gmt":"2022-11-27T23:01:10","slug":"vstarcam-cg65-4g-fullfarge-sim-kort-kamera","status":"publish","type":"product","link":"https:\/\/pim.fuglebutikken.no\/nb\/produkt\/vstarcam-cg65-4g-fullfarge-sim-kort-kamera\/","title":{"rendered":"Vstarcam CG65 4G fullfarge SIM kort kamera"},"content":{"rendered":"<p><img loading=\"lazy\" decoding=\"async\" class=\"alignnone wp-image-54689 size-full\" src=\"https:\/\/admin.fuglebutikker.kinsta.cloud\/wp-content\/uploads\/2021\/09\/CG65y_01.jpg\" alt=\"\" width=\"1920\" height=\"1919\" title=\"\" srcset=\"\/wp-content\/uploads\/2021\/09\/CG65y_01.jpg 1920w, \/wp-content\/uploads\/2021\/09\/CG65y_01-300x300.jpg 300w, \/wp-content\/uploads\/2021\/09\/CG65y_01-1500x1500.jpg 1500w, \/wp-content\/uploads\/2021\/09\/CG65y_01-150x150.jpg 150w, \/wp-content\/uploads\/2021\/09\/CG65y_01-768x768.jpg 768w, \/wp-content\/uploads\/2021\/09\/CG65y_01-1536x1536.jpg 1536w, \/wp-content\/uploads\/2021\/09\/CG65y_01-510x510.jpg 510w, \/wp-content\/uploads\/2021\/09\/CG65y_01-160x160.jpg 160w, \/wp-content\/uploads\/2021\/09\/CG65y_01-750x750.jpg 750w, \/wp-content\/uploads\/2021\/09\/CG65y_01-560x560.jpg 560w, \/wp-content\/uploads\/2021\/09\/CG65y_01-64x64.jpg 64w\" sizes=\"auto, (max-width: 1920px) 100vw, 1920px\" \/> <img loading=\"lazy\" decoding=\"async\" class=\"alignnone wp-image-54690 size-full\" src=\"https:\/\/admin.fuglebutikker.kinsta.cloud\/wp-content\/uploads\/2021\/09\/CG65y_02.jpg\" alt=\"\" width=\"1920\" height=\"848\" title=\"\" srcset=\"\/wp-content\/uploads\/2021\/09\/CG65y_02.jpg 1920w, \/wp-content\/uploads\/2021\/09\/CG65y_02-300x133.jpg 300w, \/wp-content\/uploads\/2021\/09\/CG65y_02-1500x663.jpg 1500w, \/wp-content\/uploads\/2021\/09\/CG65y_02-768x339.jpg 768w, \/wp-content\/uploads\/2021\/09\/CG65y_02-1536x678.jpg 1536w, \/wp-content\/uploads\/2021\/09\/CG65y_02-560x247.jpg 560w, \/wp-content\/uploads\/2021\/09\/CG65y_02-64x28.jpg 64w\" sizes=\"auto, (max-width: 1920px) 100vw, 1920px\" \/> <img loading=\"lazy\" decoding=\"async\" class=\"alignnone wp-image-54691 size-full\" src=\"https:\/\/admin.fuglebutikker.kinsta.cloud\/wp-content\/uploads\/2021\/09\/CG65y_03.jpg\" alt=\"\" width=\"1920\" height=\"987\" title=\"\" srcset=\"\/wp-content\/uploads\/2021\/09\/CG65y_03.jpg 1920w, \/wp-content\/uploads\/2021\/09\/CG65y_03-300x154.jpg 300w, \/wp-content\/uploads\/2021\/09\/CG65y_03-1500x771.jpg 1500w, \/wp-content\/uploads\/2021\/09\/CG65y_03-768x395.jpg 768w, \/wp-content\/uploads\/2021\/09\/CG65y_03-1536x790.jpg 1536w, \/wp-content\/uploads\/2021\/09\/CG65y_03-560x288.jpg 560w, \/wp-content\/uploads\/2021\/09\/CG65y_03-64x33.jpg 64w\" sizes=\"auto, (max-width: 1920px) 100vw, 1920px\" \/> <img loading=\"lazy\" decoding=\"async\" class=\"alignnone wp-image-54692 size-full\" src=\"https:\/\/admin.fuglebutikker.kinsta.cloud\/wp-content\/uploads\/2021\/09\/CG65y_04.jpg\" alt=\"\" width=\"1920\" height=\"875\" title=\"\" srcset=\"\/wp-content\/uploads\/2021\/09\/CG65y_04.jpg 1920w, \/wp-content\/uploads\/2021\/09\/CG65y_04-300x137.jpg 300w, \/wp-content\/uploads\/2021\/09\/CG65y_04-1500x684.jpg 1500w, \/wp-content\/uploads\/2021\/09\/CG65y_04-768x350.jpg 768w, \/wp-content\/uploads\/2021\/09\/CG65y_04-1536x700.jpg 1536w, \/wp-content\/uploads\/2021\/09\/CG65y_04-560x255.jpg 560w, \/wp-content\/uploads\/2021\/09\/CG65y_04-64x29.jpg 64w\" sizes=\"auto, (max-width: 1920px) 100vw, 1920px\" \/> <img loading=\"lazy\" decoding=\"async\" class=\"alignnone wp-image-54693 size-full\" src=\"https:\/\/admin.fuglebutikker.kinsta.cloud\/wp-content\/uploads\/2021\/09\/CG65y_05.jpg\" alt=\"\" width=\"1920\" height=\"939\" title=\"\" srcset=\"\/wp-content\/uploads\/2021\/09\/CG65y_05.jpg 1920w, \/wp-content\/uploads\/2021\/09\/CG65y_05-300x147.jpg 300w, \/wp-content\/uploads\/2021\/09\/CG65y_05-1500x734.jpg 1500w, \/wp-content\/uploads\/2021\/09\/CG65y_05-768x376.jpg 768w, \/wp-content\/uploads\/2021\/09\/CG65y_05-1536x751.jpg 1536w, \/wp-content\/uploads\/2021\/09\/CG65y_05-560x274.jpg 560w, \/wp-content\/uploads\/2021\/09\/CG65y_05-64x31.jpg 64w\" sizes=\"auto, (max-width: 1920px) 100vw, 1920px\" \/> <img loading=\"lazy\" decoding=\"async\" class=\"alignnone wp-image-54694 size-full\" src=\"https:\/\/admin.fuglebutikker.kinsta.cloud\/wp-content\/uploads\/2021\/09\/CG65y_06.jpg\" alt=\"\" width=\"1920\" height=\"851\" title=\"\" srcset=\"\/wp-content\/uploads\/2021\/09\/CG65y_06.jpg 1920w, \/wp-content\/uploads\/2021\/09\/CG65y_06-300x133.jpg 300w, \/wp-content\/uploads\/2021\/09\/CG65y_06-1500x665.jpg 1500w, \/wp-content\/uploads\/2021\/09\/CG65y_06-768x340.jpg 768w, \/wp-content\/uploads\/2021\/09\/CG65y_06-1536x681.jpg 1536w, \/wp-content\/uploads\/2021\/09\/CG65y_06-560x248.jpg 560w, \/wp-content\/uploads\/2021\/09\/CG65y_06-64x28.jpg 64w\" sizes=\"auto, (max-width: 1920px) 100vw, 1920px\" \/> <img loading=\"lazy\" decoding=\"async\" class=\"alignnone wp-image-54695 size-full\" src=\"https:\/\/admin.fuglebutikker.kinsta.cloud\/wp-content\/uploads\/2021\/09\/CG65y_07.jpg\" alt=\"\" width=\"1920\" height=\"850\" title=\"\" srcset=\"\/wp-content\/uploads\/2021\/09\/CG65y_07.jpg 1920w, \/wp-content\/uploads\/2021\/09\/CG65y_07-300x133.jpg 300w, \/wp-content\/uploads\/2021\/09\/CG65y_07-1500x664.jpg 1500w, \/wp-content\/uploads\/2021\/09\/CG65y_07-768x340.jpg 768w, \/wp-content\/uploads\/2021\/09\/CG65y_07-1536x680.jpg 1536w, \/wp-content\/uploads\/2021\/09\/CG65y_07-560x248.jpg 560w, \/wp-content\/uploads\/2021\/09\/CG65y_07-64x28.jpg 64w\" sizes=\"auto, (max-width: 1920px) 100vw, 1920px\" \/> <img loading=\"lazy\" decoding=\"async\" class=\"alignnone wp-image-54696 size-full\" src=\"https:\/\/admin.fuglebutikker.kinsta.cloud\/wp-content\/uploads\/2021\/09\/CG65y_08.jpg\" alt=\"\" width=\"1920\" height=\"856\" title=\"\" srcset=\"\/wp-content\/uploads\/2021\/09\/CG65y_08.jpg 1920w, \/wp-content\/uploads\/2021\/09\/CG65y_08-300x134.jpg 300w, \/wp-content\/uploads\/2021\/09\/CG65y_08-1500x669.jpg 1500w, \/wp-content\/uploads\/2021\/09\/CG65y_08-768x342.jpg 768w, \/wp-content\/uploads\/2021\/09\/CG65y_08-1536x685.jpg 1536w, \/wp-content\/uploads\/2021\/09\/CG65y_08-560x250.jpg 560w, \/wp-content\/uploads\/2021\/09\/CG65y_08-64x29.jpg 64w\" sizes=\"auto, (max-width: 1920px) 100vw, 1920px\" \/> <img loading=\"lazy\" decoding=\"async\" class=\"alignnone wp-image-54697 size-full\" src=\"https:\/\/admin.fuglebutikker.kinsta.cloud\/wp-content\/uploads\/2021\/09\/CG65y_09.jpg\" alt=\"\" width=\"1920\" height=\"839\" title=\"\" srcset=\"\/wp-content\/uploads\/2021\/09\/CG65y_09.jpg 1920w, \/wp-content\/uploads\/2021\/09\/CG65y_09-300x131.jpg 300w, \/wp-content\/uploads\/2021\/09\/CG65y_09-1500x655.jpg 1500w, \/wp-content\/uploads\/2021\/09\/CG65y_09-768x336.jpg 768w, \/wp-content\/uploads\/2021\/09\/CG65y_09-1536x671.jpg 1536w, \/wp-content\/uploads\/2021\/09\/CG65y_09-560x245.jpg 560w, \/wp-content\/uploads\/2021\/09\/CG65y_09-64x28.jpg 64w\" sizes=\"auto, (max-width: 1920px) 100vw, 1920px\" \/> <img loading=\"lazy\" decoding=\"async\" class=\"alignnone wp-image-54698 size-full\" src=\"https:\/\/admin.fuglebutikker.kinsta.cloud\/wp-content\/uploads\/2021\/09\/CG65y_10.jpg\" alt=\"\" width=\"1920\" height=\"850\" title=\"\" srcset=\"\/wp-content\/uploads\/2021\/09\/CG65y_10.jpg 1920w, \/wp-content\/uploads\/2021\/09\/CG65y_10-300x133.jpg 300w, \/wp-content\/uploads\/2021\/09\/CG65y_10-1500x664.jpg 1500w, \/wp-content\/uploads\/2021\/09\/CG65y_10-768x340.jpg 768w, \/wp-content\/uploads\/2021\/09\/CG65y_10-1536x680.jpg 1536w, \/wp-content\/uploads\/2021\/09\/CG65y_10-560x248.jpg 560w, \/wp-content\/uploads\/2021\/09\/CG65y_10-64x28.jpg 64w\" sizes=\"auto, (max-width: 1920px) 100vw, 1920px\" \/> <img loading=\"lazy\" decoding=\"async\" class=\"alignnone wp-image-54699 size-full\" src=\"https:\/\/admin.fuglebutikker.kinsta.cloud\/wp-content\/uploads\/2021\/09\/CG65y_11.jpg\" alt=\"\" width=\"1920\" height=\"883\" title=\"\" srcset=\"\/wp-content\/uploads\/2021\/09\/CG65y_11.jpg 1920w, \/wp-content\/uploads\/2021\/09\/CG65y_11-300x138.jpg 300w, \/wp-content\/uploads\/2021\/09\/CG65y_11-1500x690.jpg 1500w, \/wp-content\/uploads\/2021\/09\/CG65y_11-768x353.jpg 768w, \/wp-content\/uploads\/2021\/09\/CG65y_11-1536x706.jpg 1536w, \/wp-content\/uploads\/2021\/09\/CG65y_11-560x258.jpg 560w, \/wp-content\/uploads\/2021\/09\/CG65y_11-64x29.jpg 64w\" sizes=\"auto, (max-width: 1920px) 100vw, 1920px\" \/> <img loading=\"lazy\" decoding=\"async\" class=\"alignnone wp-image-54700 size-full\" src=\"https:\/\/admin.fuglebutikker.kinsta.cloud\/wp-content\/uploads\/2021\/09\/CG65y_12.jpg\" alt=\"\" width=\"1920\" height=\"806\" title=\"\" srcset=\"\/wp-content\/uploads\/2021\/09\/CG65y_12.jpg 1920w, \/wp-content\/uploads\/2021\/09\/CG65y_12-300x126.jpg 300w, \/wp-content\/uploads\/2021\/09\/CG65y_12-1500x630.jpg 1500w, \/wp-content\/uploads\/2021\/09\/CG65y_12-768x322.jpg 768w, \/wp-content\/uploads\/2021\/09\/CG65y_12-1536x645.jpg 1536w, \/wp-content\/uploads\/2021\/09\/CG65y_12-560x235.jpg 560w, \/wp-content\/uploads\/2021\/09\/CG65y_12-64x27.jpg 64w\" sizes=\"auto, (max-width: 1920px) 100vw, 1920px\" \/> <img loading=\"lazy\" decoding=\"async\" class=\"alignnone wp-image-54701 size-full\" src=\"https:\/\/admin.fuglebutikker.kinsta.cloud\/wp-content\/uploads\/2021\/09\/CG65y_13.jpg\" alt=\"\" width=\"1920\" height=\"991\" title=\"\" srcset=\"\/wp-content\/uploads\/2021\/09\/CG65y_13.jpg 1920w, \/wp-content\/uploads\/2021\/09\/CG65y_13-300x155.jpg 300w, \/wp-content\/uploads\/2021\/09\/CG65y_13-1500x774.jpg 1500w, \/wp-content\/uploads\/2021\/09\/CG65y_13-768x396.jpg 768w, \/wp-content\/uploads\/2021\/09\/CG65y_13-1536x793.jpg 1536w, \/wp-content\/uploads\/2021\/09\/CG65y_13-560x289.jpg 560w, \/wp-content\/uploads\/2021\/09\/CG65y_13-64x33.jpg 64w\" sizes=\"auto, (max-width: 1920px) 100vw, 1920px\" \/> <img loading=\"lazy\" decoding=\"async\" class=\"alignnone wp-image-54702 size-full\" src=\"https:\/\/admin.fuglebutikker.kinsta.cloud\/wp-content\/uploads\/2021\/09\/CG65y_14.jpg\" alt=\"\" width=\"1920\" height=\"1290\" title=\"\" srcset=\"\/wp-content\/uploads\/2021\/09\/CG65y_14.jpg 1920w, \/wp-content\/uploads\/2021\/09\/CG65y_14-300x202.jpg 300w, \/wp-content\/uploads\/2021\/09\/CG65y_14-1500x1008.jpg 1500w, \/wp-content\/uploads\/2021\/09\/CG65y_14-768x516.jpg 768w, \/wp-content\/uploads\/2021\/09\/CG65y_14-1536x1032.jpg 1536w, \/wp-content\/uploads\/2021\/09\/CG65y_14-560x376.jpg 560w, \/wp-content\/uploads\/2021\/09\/CG65y_14-64x43.jpg 64w\" sizes=\"auto, (max-width: 1920px) 100vw, 1920px\" \/>\u00a0<img loading=\"lazy\" decoding=\"async\" class=\"alignnone wp-image-54704 size-full\" src=\"https:\/\/admin.fuglebutikker.kinsta.cloud\/wp-content\/uploads\/2021\/09\/CG65-\u82f1_15-1.jpg\" alt=\"\" width=\"1920\" height=\"799\" title=\"\" srcset=\"\/wp-content\/uploads\/2021\/09\/CG65-\u82f1_15-1.jpg 1920w, \/wp-content\/uploads\/2021\/09\/CG65-\u82f1_15-1-300x125.jpg 300w, \/wp-content\/uploads\/2021\/09\/CG65-\u82f1_15-1-1500x624.jpg 1500w, \/wp-content\/uploads\/2021\/09\/CG65-\u82f1_15-1-768x320.jpg 768w, \/wp-content\/uploads\/2021\/09\/CG65-\u82f1_15-1-1536x639.jpg 1536w, \/wp-content\/uploads\/2021\/09\/CG65-\u82f1_15-1-560x233.jpg 560w, \/wp-content\/uploads\/2021\/09\/CG65-\u82f1_15-1-64x27.jpg 64w\" sizes=\"auto, (max-width: 1920px) 100vw, 1920px\" \/><img loading=\"lazy\" decoding=\"async\" class=\"alignnone wp-image-54703 size-full\" src=\"https:\/\/admin.fuglebutikker.kinsta.cloud\/wp-content\/uploads\/2021\/09\/CG65y_16.jpg\" alt=\"\" width=\"1920\" height=\"863\" title=\"\" srcset=\"\/wp-content\/uploads\/2021\/09\/CG65y_16.jpg 1920w, \/wp-content\/uploads\/2021\/09\/CG65y_16-300x135.jpg 300w, \/wp-content\/uploads\/2021\/09\/CG65y_16-1500x674.jpg 1500w, \/wp-content\/uploads\/2021\/09\/CG65y_16-768x345.jpg 768w, \/wp-content\/uploads\/2021\/09\/CG65y_16-1536x690.jpg 1536w, \/wp-content\/uploads\/2021\/09\/CG65y_16-560x252.jpg 560w, \/wp-content\/uploads\/2021\/09\/CG65y_16-64x29.jpg 64w\" sizes=\"auto, (max-width: 1920px) 100vw, 1920px\" \/><\/p>\n<p>[4G LTE SIM -kort] Koble til nettverket ved \u00e5 sette inn et 4G SIM -kort, trenger ikke kablet.<br \/>\n[AI menneskelig deteksjonsalarm] Med en innebygd dypinnl\u00e6ringsmodus kan CG65 oppdage personers former i sanntid. N\u00e5 kan du motta de presise advarslene om menneskelig deteksjon du alltid har \u00f8nsket deg. N\u00e5r ingen ser p\u00e5, tar CG65 skiftet for deg. CG65 kan fortsatt ta opp selv uten Internett.<br \/>\n[Lyd- og lysalarm] CG65 lar deg tegne bestemte soner p\u00e5 Eye4 APP for \u00e5 beskytte det som betyr mest for deg. Du kan bestemme om du vil holde folk utenfor sonene. Ved oppdagelse av objekter av interesse, vil CG65 gi en h\u00f8y sirene og blinke blinklyset for \u00e5 drive inntrengere bort. Du vil motta en varsel om et splitsekund.<br \/>\n[REAL IP66 WATERPROOF] Med en hel metallkapsling og IP66-klassifisering t\u00e5ler CG65 regnfulle, solrike, stormfulle og til og med sn\u00f8dekte dager, noe som gir deg trygghet \u00e5ret rundt. Et ekte IP66 vanntett, tr\u00e5dl\u00f8st sikkerhetskamera kan settes under vann, men fremdeles vise deg et klart bilde etter at det er sl\u00e5tt p\u00e5.<br \/>\n[Forbedret fargesynsyn] CG65 bruker 6 stk infrar\u00f8de lamper og 2 stk hvite lamper for \u00e5 gi bedre fargebilder selv under de laveste lysforholdene. Det er alternativer for IR-modus og fullfarge-modus \u00e5 velge om natten, med bestr\u00e5lingsavstand p\u00e5 15-20 meter. CG65s farger er mer naturlige og bildet er mer jevnt belyst.<br \/>\n[Support Max 256G TF card &amp; Cloud Service &amp; NVR] Support max 256G TF card (card not included) storage and Cloud Service. Videosl\u00f8yfeposten p\u00e5 TF -kortet automatisk. Du kan live-streame opptakene dine eller spille av basert p\u00e5 dine preferanser. Cloud Service registrerer at bevegelsesdeteksjon skjer. Den registrerer 24 timer p\u00e5 NVR.<\/p>\n<table align=\"center\">\n<tbody>\n<tr>\n<td rowspan=\"2\" width=\"113\"><strong><b>System<\/b><\/strong><\/td>\n<td width=\"137\">Operation system<\/td>\n<td width=\"375\">Embedded Linux OS<\/td>\n<\/tr>\n<tr>\n<td width=\"137\">Online visitor<\/td>\n<td width=\"375\">Support 4 visitors at the same time<\/td>\n<\/tr>\n<tr>\n<td rowspan=\"5\" width=\"113\"><strong><b>Image Capture<\/b><\/strong><\/td>\n<td width=\"137\">Image sensor<\/td>\n<td width=\"375\">1\/2.9\u00a0inch 1080p Progressive Scan CMOS<\/td>\n<\/tr>\n<tr>\n<td width=\"137\">Minimum Illumination<\/td>\n<td width=\"375\">0.3~0.5Lux\uff08Color mode\uff09,0Lux\uff08B&amp;W Mode\uff09<\/td>\n<\/tr>\n<tr>\n<td width=\"137\">Lens<\/td>\n<td width=\"375\">4.0mm@F2.0<\/td>\n<\/tr>\n<tr>\n<td width=\"137\">View Angle<\/td>\n<td width=\"375\">101\u00b0\uff08Diagonal\uff09<\/td>\n<\/tr>\n<tr>\n<td width=\"137\">Night\u00a0vision<\/td>\n<td width=\"375\">Automatic switching of dual filters, six\u00a0850nm infrared lamps and four\u00a0high-power white lamps, with irradiation distance of 15-20 meters<\/td>\n<\/tr>\n<tr>\n<td rowspan=\"4\" width=\"113\"><strong><b>Video<\/b><\/strong><\/td>\n<td width=\"137\">Encode format<\/td>\n<td width=\"375\">H.264+\/H.264 main profile\/Motion-JPEG\/JPEG<\/td>\n<\/tr>\n<tr>\n<td width=\"137\">Streams<\/td>\n<td width=\"375\">Main stream\uff1a1080p(1920\u00d71080)@30fps\/1296p(2304\u00d71296)@30fps Substream\uff1a360p(640\u00d7360)@15fps<\/td>\n<\/tr>\n<tr>\n<td width=\"137\">Bit Rate\/Max Fps<\/td>\n<td width=\"375\">128\uff5e4096kbps\/30pfs<\/td>\n<\/tr>\n<tr>\n<td width=\"137\">Image adjustment<\/td>\n<td width=\"375\">Brightness and contrast can be adjusted<\/td>\n<\/tr>\n<tr>\n<td rowspan=\"4\" width=\"113\"><strong><b>Audio<\/b><\/strong><\/td>\n<td width=\"137\">Input<\/td>\n<td width=\"375\">Built in\u00a0-28db microphone<\/td>\n<\/tr>\n<tr>\n<td width=\"137\">Output<\/td>\n<td width=\"375\">Built-in 8\u21262w speakers<\/td>\n<\/tr>\n<tr>\n<td width=\"137\">Sampling frequency \/width<\/td>\n<td width=\"375\">8KHz\/16bit<\/td>\n<\/tr>\n<tr>\n<td width=\"137\">Compression standard<\/td>\n<td width=\"375\">ADPCM\/32kbps<\/td>\n<\/tr>\n<tr>\n<td rowspan=\"2\" width=\"113\"><strong><b>Network<\/b><\/strong><\/td>\n<td width=\"137\">Ethernet<\/td>\n<td width=\"375\">10Mbps\/100Mbps adaptive \/RJ45 interface<\/td>\n<\/tr>\n<tr>\n<td width=\"137\">4G(EU) network<\/td>\n<td width=\"375\">WCDMA\uff1aB1\/B5\/B8 FDD\uff1aB1\/B3\/B5\/B7\/B8\/B20 TDD:\u00a0B38\/B40\/B41<\/td>\n<\/tr>\n<tr>\n<td rowspan=\"2\" width=\"113\"><strong><b>Pan\/Tilt<\/b><\/strong><\/td>\n<td width=\"137\">Pan-tilt<\/td>\n<td width=\"375\">Pan\uff1a355\u00b0,tilt\uff1a95\u00b0<\/td>\n<\/tr>\n<tr>\n<td width=\"137\">Preset position<\/td>\n<td width=\"375\">PC APP\uff1asupport 16 positions, \u00a0Phone APP:support 5 positions<\/td>\n<\/tr>\n<tr>\n<td width=\"113\"><strong><b>Memory<\/b><\/strong><\/td>\n<td width=\"137\">Socket<\/td>\n<td width=\"375\">TF Push-push socket,Maximum support 256GB; Cloud Storage<\/td>\n<\/tr>\n<tr>\n<td width=\"113\"><strong><b>Alarm<\/b><\/strong><\/td>\n<td width=\"137\">Alarm Trigger<\/td>\n<td width=\"375\">Support motion detection, human detection,smoke alarm detection, absence monitoring<\/td>\n<\/tr>\n<tr>\n<td rowspan=\"5\" width=\"113\"><strong><b>Physical<\/b><\/strong>\u00a0<strong><b>Environmental<\/b><\/strong><\/td>\n<td width=\"137\">Rated voltage<\/td>\n<td width=\"375\">DC12V\u00b15%<\/td>\n<\/tr>\n<tr>\n<td width=\"137\">Power consumption<\/td>\n<td width=\"375\">Related power:8.5W(IR on)<\/td>\n<\/tr>\n<tr>\n<td width=\"137\">Operating condition<\/td>\n<td width=\"375\">Temperature:-10\uff5e50\u2103,humidity:\uff1c90%<\/td>\n<\/tr>\n<tr>\n<td width=\"137\">Weight<\/td>\n<td width=\"375\">Net: 875 g \u00a0Gross\uff1aTBD g(Note: in kind prevail)<\/td>\n<\/tr>\n<tr>\n<td width=\"137\">Package size<\/td>\n<td width=\"375\">205x195x130mm(L*W*H)<\/td>\n<\/tr>\n<\/tbody>\n<\/table>\n","protected":false},"excerpt":{"rendered":"<p>Vstarcam CG65 4G fullfarge SIM kort kamera<\/p>\n<p>1) H264+ CMOS 2.0MP<br \/>\n2) Support max 256G TF Card Memory, Cloud storage<br \/>\n3) 4mm lens, support full color vision at night, 15-20m IR distance<br \/>\n4) Pan\uff1a355\u00b0,tilt\uff1a95\u00b0 5) Support two way audio<br \/>\n6) Support motion detection, humanoid detection, humanoid framing, smoke alarm detection, absences detection(optional)<\/p>","protected":false},"featured_media":54687,"comment_status":"closed","ping_status":"closed","template":"","meta":{"_uf_show_specific_survey":0,"_uf_disable_surveys":false},"pwb-brand":[3849],"product_brand":[],"product_cat":[3484,1451,400],"product_tag":[],"class_list":{"0":"post-54686","1":"product","2":"type-product","3":"status-publish","4":"has-post-thumbnail","6":"pwb-brand-vstarcam","7":"product_cat-sim-kort-kamera","8":"product_cat-utendorskamera","9":"product_cat-vstarcam","11":"first","12":"instock","13":"taxable","14":"shipping-taxable","15":"purchasable","16":"product-type-simple"},"exclude_global_add_ons":[],"addons":[],"brands":[{"id":3849,"name":"Vstarcam","slug":"vstarcam"}],"_links":{"self":[{"href":"https:\/\/pim.fuglebutikken.no\/nb\/wp-json\/wp\/v2\/product\/54686","targetHints":{"allow":["GET"]}}],"collection":[{"href":"https:\/\/pim.fuglebutikken.no\/nb\/wp-json\/wp\/v2\/product"}],"about":[{"href":"https:\/\/pim.fuglebutikken.no\/nb\/wp-json\/wp\/v2\/types\/product"}],"replies":[{"embeddable":true,"href":"https:\/\/pim.fuglebutikken.no\/nb\/wp-json\/wp\/v2\/comments?post=54686"}],"wp:featuredmedia":[{"embeddable":true,"href":"https:\/\/pim.fuglebutikken.no\/nb\/wp-json\/wp\/v2\/media\/54687"}],"wp:attachment":[{"href":"https:\/\/pim.fuglebutikken.no\/nb\/wp-json\/wp\/v2\/media?parent=54686"}],"wp:term":[{"taxonomy":"pwb-brand","embeddable":true,"href":"https:\/\/pim.fuglebutikken.no\/nb\/wp-json\/wp\/v2\/pwb-brand?post=54686"},{"taxonomy":"product_brand","embeddable":true,"href":"https:\/\/pim.fuglebutikken.no\/nb\/wp-json\/wp\/v2\/product_brand?post=54686"},{"taxonomy":"product_cat","embeddable":true,"href":"https:\/\/pim.fuglebutikken.no\/nb\/wp-json\/wp\/v2\/product_cat?post=54686"},{"taxonomy":"product_tag","embeddable":true,"href":"https:\/\/pim.fuglebutikken.no\/nb\/wp-json\/wp\/v2\/product_tag?post=54686"}],"curies":[{"name":"wp","href":"https:\/\/api.w.org\/{rel}","templated":true}]}}