{"id":54652,"date":"2021-09-11T13:08:40","date_gmt":"2021-09-11T11:08:40","guid":{"rendered":"https:\/\/admin.fuglebutikker.kinsta.cloud\/?post_type=product&#038;p=54652"},"modified":"2024-03-09T10:57:58","modified_gmt":"2024-03-09T09:57:58","slug":"trestamme-fylt-med-talg-3-hull","status":"publish","type":"product","link":"https:\/\/pim.fuglebutikken.no\/nb\/produkt\/trestamme-fylt-med-talg-3-hull\/","title":{"rendered":"Trestamme fylt med talg, 3 hull"},"content":{"rendered":"","protected":false},"excerpt":{"rendered":"<p>Trestamme fylt med talg, 3 hull<\/p>\n<ul>\n<li>klar til bruk<\/li>\n<li>Milj\u00f8vennlig<\/li>\n<li>Sm\u00e5fugler elsker \u00e5 sitte \u00e5 plukke i talgen, som er en god fettkilde<\/li>\n<\/ul>","protected":false},"featured_media":54653,"comment_status":"closed","ping_status":"closed","template":"","meta":{"_uf_show_specific_survey":0,"_uf_disable_surveys":false},"pwb-brand":[],"product_brand":[],"product_cat":[4063,4930,4064,4034,30],"product_tag":[],"class_list":{"0":"post-54652","1":"product","2":"type-product","3":"status-publish","4":"has-post-thumbnail","6":"product_cat-smadyr","7":"product_cat-talg-fettballer","8":"product_cat-utedyr","9":"product_cat-utefugl","10":"product_cat-utefugl-mat","12":"first","13":"instock","14":"taxable","15":"shipping-taxable","16":"purchasable","17":"product-type-simple"},"exclude_global_add_ons":[],"addons":[],"brands":[],"_links":{"self":[{"href":"https:\/\/pim.fuglebutikken.no\/nb\/wp-json\/wp\/v2\/product\/54652","targetHints":{"allow":["GET"]}}],"collection":[{"href":"https:\/\/pim.fuglebutikken.no\/nb\/wp-json\/wp\/v2\/product"}],"about":[{"href":"https:\/\/pim.fuglebutikken.no\/nb\/wp-json\/wp\/v2\/types\/product"}],"replies":[{"embeddable":true,"href":"https:\/\/pim.fuglebutikken.no\/nb\/wp-json\/wp\/v2\/comments?post=54652"}],"wp:featuredmedia":[{"embeddable":true,"href":"https:\/\/pim.fuglebutikken.no\/nb\/wp-json\/wp\/v2\/media\/54653"}],"wp:attachment":[{"href":"https:\/\/pim.fuglebutikken.no\/nb\/wp-json\/wp\/v2\/media?parent=54652"}],"wp:term":[{"taxonomy":"pwb-brand","embeddable":true,"href":"https:\/\/pim.fuglebutikken.no\/nb\/wp-json\/wp\/v2\/pwb-brand?post=54652"},{"taxonomy":"product_brand","embeddable":true,"href":"https:\/\/pim.fuglebutikken.no\/nb\/wp-json\/wp\/v2\/product_brand?post=54652"},{"taxonomy":"product_cat","embeddable":true,"href":"https:\/\/pim.fuglebutikken.no\/nb\/wp-json\/wp\/v2\/product_cat?post=54652"},{"taxonomy":"product_tag","embeddable":true,"href":"https:\/\/pim.fuglebutikken.no\/nb\/wp-json\/wp\/v2\/product_tag?post=54652"}],"curies":[{"name":"wp","href":"https:\/\/api.w.org\/{rel}","templated":true}]}}