{"id":54283,"date":"2021-08-31T15:58:40","date_gmt":"2021-08-31T13:58:40","guid":{"rendered":"https:\/\/admin.fuglebutikker.kinsta.cloud\/?post_type=product&#038;p=54283"},"modified":"2023-10-18T13:18:38","modified_gmt":"2023-10-18T11:18:38","slug":"exo-terra-canopy-worm-dish","status":"publish","type":"product","link":"https:\/\/pim.fuglebutikken.no\/nb\/produkt\/exo-terra-canopy-worm-dish\/","title":{"rendered":"Exo Terra Canopy Worm Dish"},"content":{"rendered":"<h2>Exo Terra Canopy Worm Dish<\/h2>\n<p>Canopy Combo Dish 2 in 1 &#8211; Food &amp; Water 2 in 1<br \/>\nTreboende reptiler er ofte uvillige til \u00e5 bruke matsk\u00e5ler og vannsk\u00e5ler p\u00e5 bunnen av terrariet. Exo Terra Canopy Combo Dish er en behagelig mat- og vannsk\u00e5lskombinasjon som kan monteres i valgfri h\u00f8yde i terrarium. Fest ganske enkelt sk\u00e5len med den selvheftende klemmen p\u00e5 glasset i terrariet og monter sk\u00e5len for \u00e5 gi dine reptilers mat og vann en behagelig h\u00f8yde.<\/p>","protected":false},"excerpt":{"rendered":"<h3>Exo Terra Canopy Worm Dish<\/h3>\n<p>Trelevende reptiler og amfibier er ofte motvillige til \u00e5 bruke matsk\u00e5ler p\u00e5 bakkeniv\u00e5.<\/p>\n<p>Exo Terra Canopy Worm Dish er en matsk\u00e5l tilpasset nettopp disse og kan monteres i \u00f8nsket h\u00f8yde. Bare hold det selvklebende klipset til glasset p\u00e5 terrariet og fest sk\u00e5len.<br \/>\nExo Terra Canopy Worm Dish forhindrer ogs\u00e5\u00a0melormer\u00a0\u00e5 r\u00f8mme mens de forblir synlige for dyrene. Det praktiske klippesystemet lar seg\u00a0enkelt fjerne for enkel rengj\u00f8ring.\u00a0Exo Terra Canopy Worm Dish er konstruert i to deler for \u00e5 lette nettopp dette.<\/p>\n<ul>\n<li>Perfekt for trelevende reptiler og amfibier<\/li>\n<li>Flott for dyr som trives over bakkeniv\u00e5<\/li>\n<li>Naturlig fjelldesign, integrert i \u00f8rken og tropiske terrarier<\/li>\n<li>Kan installeres p\u00e5 \u00f8nsket h\u00f8yde<\/li>\n<li>Praktisk, selvklebende klippesystem<\/li>\n<\/ul>\n<p><img loading=\"lazy\" decoding=\"async\" class=\"size-medium wp-image-61580 alignleft\" src=\"https:\/\/fuglebutikken.no\/wp-content\/uploads\/2021\/08\/Exo-Terra-Canopy-Worm-Dish-500x108.jpeg\" alt=\"Exo Terra Canopy Worm Dish\" width=\"500\" height=\"108\" srcset=\"\/wp-content\/uploads\/2021\/08\/Exo-Terra-Canopy-Worm-Dish-500x108.jpeg 500w, \/wp-content\/uploads\/2021\/08\/Exo-Terra-Canopy-Worm-Dish-64x14.jpeg 64w, \/wp-content\/uploads\/2021\/08\/Exo-Terra-Canopy-Worm-Dish.jpeg 590w\" sizes=\"auto, (max-width: 500px) 100vw, 500px\" \/><\/p>","protected":false},"featured_media":54284,"comment_status":"closed","ping_status":"closed","template":"","meta":{"_uf_show_specific_survey":0,"_uf_disable_surveys":false},"pwb-brand":[3912],"product_brand":[],"product_cat":[423,430,444],"product_tag":[6444,7012,7011,3645,6443],"class_list":{"0":"post-54283","1":"product","2":"type-product","3":"status-publish","4":"has-post-thumbnail","6":"pwb-brand-exoterra","7":"product_cat-reptil","8":"product_cat-reptildekor","9":"product_cat-vann-og-forskal","10":"product_tag-fodersklar-reptil","11":"product_tag-mat-og-vannskaler","12":"product_tag-matplass-og-vannautomater-for-reptiler","13":"product_tag-reptilhule","14":"product_tag-vatten","16":"first","17":"instock","18":"taxable","19":"shipping-taxable","20":"purchasable","21":"product-type-simple"},"exclude_global_add_ons":[],"addons":[],"brands":[{"id":3912,"name":"Exoterra","slug":"exoterra"}],"_links":{"self":[{"href":"https:\/\/pim.fuglebutikken.no\/nb\/wp-json\/wp\/v2\/product\/54283","targetHints":{"allow":["GET"]}}],"collection":[{"href":"https:\/\/pim.fuglebutikken.no\/nb\/wp-json\/wp\/v2\/product"}],"about":[{"href":"https:\/\/pim.fuglebutikken.no\/nb\/wp-json\/wp\/v2\/types\/product"}],"replies":[{"embeddable":true,"href":"https:\/\/pim.fuglebutikken.no\/nb\/wp-json\/wp\/v2\/comments?post=54283"}],"wp:featuredmedia":[{"embeddable":true,"href":"https:\/\/pim.fuglebutikken.no\/nb\/wp-json\/wp\/v2\/media\/54284"}],"wp:attachment":[{"href":"https:\/\/pim.fuglebutikken.no\/nb\/wp-json\/wp\/v2\/media?parent=54283"}],"wp:term":[{"taxonomy":"pwb-brand","embeddable":true,"href":"https:\/\/pim.fuglebutikken.no\/nb\/wp-json\/wp\/v2\/pwb-brand?post=54283"},{"taxonomy":"product_brand","embeddable":true,"href":"https:\/\/pim.fuglebutikken.no\/nb\/wp-json\/wp\/v2\/product_brand?post=54283"},{"taxonomy":"product_cat","embeddable":true,"href":"https:\/\/pim.fuglebutikken.no\/nb\/wp-json\/wp\/v2\/product_cat?post=54283"},{"taxonomy":"product_tag","embeddable":true,"href":"https:\/\/pim.fuglebutikken.no\/nb\/wp-json\/wp\/v2\/product_tag?post=54283"}],"curies":[{"name":"wp","href":"https:\/\/api.w.org\/{rel}","templated":true}]}}