{"id":53908,"date":"2021-08-12T22:10:42","date_gmt":"2021-08-12T20:10:42","guid":{"rendered":"https:\/\/admin.fuglebutikker.kinsta.cloud\/?post_type=product&#038;p=53908"},"modified":"2024-11-07T12:17:01","modified_gmt":"2024-11-07T11:17:01","slug":"endagssokker","status":"publish","type":"product","link":"https:\/\/pim.fuglebutikken.no\/nb\/produkt\/endagssokker\/","title":{"rendered":"Endagssokker"},"content":{"rendered":"","protected":false},"excerpt":{"rendered":"<p>Endagssokker<\/p>\n<ul>\n<li>Bomull<\/li>\n<li>Unisex, passer best for st\u00f8rrelse 30-40<\/li>\n<li>Ikke engangssokker, men \u00e8n dagssokker som en morsom variant til de som \u00f8nsker \u00e5 v\u00e6re sikker p\u00e5 \u00e5 bruke sokkene bare \u00e8n dag &#8211; og fordi som er usikker p\u00e5 hvilken dag det er idag.<\/li>\n<\/ul>","protected":false},"featured_media":53917,"comment_status":"closed","ping_status":"closed","template":"","meta":{"_uf_show_specific_survey":0,"_uf_disable_surveys":false},"pwb-brand":[4537],"product_brand":[],"product_cat":[3772,4533,4534,4528,4512,4176],"product_tag":[3025,5212,5217,3125,4565,5218,5213,5215,1140,3026,3698,5054,4558,5219,5214,5216],"class_list":{"0":"post-53908","1":"product","2":"type-product","3":"status-publish","4":"has-post-thumbnail","6":"pwb-brand-kule-sokker","7":"product_cat-dyreeier","8":"product_cat-kule-dame-sokker","9":"product_cat-kule-herre-sokker","10":"product_cat-kule-unisex-sokker","11":"product_cat-kule-sokker","12":"product_cat-sokker-fottoy","13":"product_tag-bla","14":"product_tag-dag","15":"product_tag-fredag","16":"product_tag-gronn","17":"product_tag-gul","18":"product_tag-lordag","19":"product_tag-mandag","20":"product_tag-onsdag","21":"product_tag-rosa","22":"product_tag-rod","23":"product_tag-sokk","24":"product_tag-sokker","25":"product_tag-sort","26":"product_tag-sondag","27":"product_tag-tirsdag","28":"product_tag-torsdag","30":"first","31":"instock","32":"taxable","33":"shipping-taxable","34":"purchasable","35":"product-type-variable","36":"has-default-attributes"},"exclude_global_add_ons":[],"addons":[],"brands":[{"id":4537,"name":"Kule-Sokker","slug":"kule-sokker"}],"_links":{"self":[{"href":"https:\/\/pim.fuglebutikken.no\/nb\/wp-json\/wp\/v2\/product\/53908","targetHints":{"allow":["GET"]}}],"collection":[{"href":"https:\/\/pim.fuglebutikken.no\/nb\/wp-json\/wp\/v2\/product"}],"about":[{"href":"https:\/\/pim.fuglebutikken.no\/nb\/wp-json\/wp\/v2\/types\/product"}],"replies":[{"embeddable":true,"href":"https:\/\/pim.fuglebutikken.no\/nb\/wp-json\/wp\/v2\/comments?post=53908"}],"wp:featuredmedia":[{"embeddable":true,"href":"https:\/\/pim.fuglebutikken.no\/nb\/wp-json\/wp\/v2\/media\/53917"}],"wp:attachment":[{"href":"https:\/\/pim.fuglebutikken.no\/nb\/wp-json\/wp\/v2\/media?parent=53908"}],"wp:term":[{"taxonomy":"pwb-brand","embeddable":true,"href":"https:\/\/pim.fuglebutikken.no\/nb\/wp-json\/wp\/v2\/pwb-brand?post=53908"},{"taxonomy":"product_brand","embeddable":true,"href":"https:\/\/pim.fuglebutikken.no\/nb\/wp-json\/wp\/v2\/product_brand?post=53908"},{"taxonomy":"product_cat","embeddable":true,"href":"https:\/\/pim.fuglebutikken.no\/nb\/wp-json\/wp\/v2\/product_cat?post=53908"},{"taxonomy":"product_tag","embeddable":true,"href":"https:\/\/pim.fuglebutikken.no\/nb\/wp-json\/wp\/v2\/product_tag?post=53908"}],"curies":[{"name":"wp","href":"https:\/\/api.w.org\/{rel}","templated":true}]}}