{"id":5244,"date":"2020-03-01T16:28:51","date_gmt":"2020-03-01T15:28:51","guid":{"rendered":"https:\/\/274105-www.web.tornado-node.net\/product\/import-placeholder-for-658\/"},"modified":"2024-04-10T13:10:21","modified_gmt":"2024-04-10T11:10:21","slug":"transportveske-sherpa-deluxe-sort","status":"publish","type":"product","link":"https:\/\/pim.fuglebutikken.no\/nb\/produkt\/transportveske-sherpa-deluxe-sort\/","title":{"rendered":"Transportveske Sherpa Deluxe sort"},"content":{"rendered":"<h2>Transportveske Sherpa Deluxe sort<\/h2>\n<p>Sherpa er et transportbur iht IATE reglementet for flyreiser med kj\u00e6ledyr i kabinen. Vesken har flere smarte funksjoner som \u00e5pning p\u00e5 b\u00e5de sidene og i taket, nettingstoff for god ventilasjon og luftgjennomstr\u00f8mning, lomme p\u00e5 baksiden, polstrede b\u00e6restropper inkludert polstret skulderreim med sklisikkert materiale, en rem for \u00e5 spenne fast vesken p\u00e5 flyet eller i et sikkerhetsbelte i bilen og en myk pute i vesken for optimal komfort. Puten kan vaskes i maskin.<br \/>\nVesken finnes i tre ulike st\u00f8rrelser.<\/p>\n<p>Med den praktiske b\u00e6revesken Sherpa\u00ae Original Deluxe Pet Carrier med komfortabel bunn, vil din lille firbente venn nyte h\u00f8y komfort p\u00e5 tur, med fly, bil eller n\u00e5r dere drar til veterin\u00e6ren.<br \/>\nTakket v\u00e6re den\u00a0<b>patenterte st\u00e5lfj\u00e6r-rammen <\/b>p\u00e5 Sherpa\u00ae Original Deluxe Pet Carrier b\u00e6reveske er den lett \u00e5 tilpasse til forskjellige h\u00f8yder slik at den passer under ulike flyseter. Den kan lukkes med glidel\u00e5s, kan \u00e5pnes ovenfra og fra siden og s\u00f8rger for optimal ventilasjon fra innsiden.<br \/>\nTransportvesken er i \u201eGuaranteed On Board\u201c-programmet i USA og aksepteres derfor ogs\u00e5 i Europa\u00a0<b>av de fleste flyselskaper uten problemer<\/b>. Takket v\u00e6re b\u00e6reveskens lave vekt og\u00a0<b>polstrede stropper<\/b>\u00a0kan vesken komfortabelt b\u00e6res av deg. I tillegg er vesken utstyr med en justerbar, sklisikker skulderrem, som ogs\u00e5 sikrer deg et h\u00f8yt niv\u00e5 av komfort. Sherpa\u00ae Original Deluxe Pet Carrier B\u00e6reveske tilbyr b\u00e5de deg og din firbente venn optimal komfort!<\/p>\n<ul>\n<li><b>Praktisk transportveske<\/b>\u00a0for katter og sm\u00e5 hunder<\/li>\n<li><b>Patenterte st\u00e5lfj\u00e6r-ramme:<\/b>\u00a0sikrer stabilitet og enkel tilpasning til ulike plasser<\/li>\n<li><b>Med glidel\u00e5s:<\/b>\u00a0kan \u00e5pnes p\u00e5 siden og ovenfra<\/li>\n<li><b>3 nettvinduer:<\/b>\u00a0gir tilstrekkelig med ventilasjon, og forhindrer varmeopphoping<\/li>\n<li><b>Polstrede stropper, justerbare, sklisikre:<\/b>\u00a0h\u00f8y komfort<\/li>\n<li><b>Avtagbar foring laget av syntetisk lammeskinn:<\/b>\u00a0kan vaskes i maskin<\/li>\n<li><b>Sammenleggbar:<\/b>\u00a0for en plassbesparende oppbevaring<\/li>\n<li><b>Materiale:<\/b>\n<ul>\n<li>Ytre: 100% polyester<\/li>\n<li>Innlegg: kunstig lammeskinn<\/li>\n<\/ul>\n<\/li>\n<li><b>Farge:<\/b>\u00a0svart<\/li>\n<\/ul>\n<p><iframe loading=\"lazy\" title=\"SHERPA\u00ae Guaranteed on Board\u00ae Program\" width=\"800\" height=\"450\" src=\"https:\/\/www.youtube.com\/embed\/Mqpgjh6tqlw?feature=oembed\" frameborder=\"0\" allow=\"accelerometer; autoplay; clipboard-write; encrypted-media; gyroscope; picture-in-picture; web-share\" referrerpolicy=\"strict-origin-when-cross-origin\" allowfullscreen><\/iframe><\/p>","protected":false},"excerpt":{"rendered":"<h3>Transportveske Sherpa Deluxe sort<\/h3>\n<p>B\u00e6reveske av h\u00f8y kvalitet, ideell for flyturer med katter og sm\u00e5 hunder, med stropper, fast bunn, to st\u00f8rrelser, egnet for opptil 10 kg. Farge: svart<\/p>\n<p>Small: 38,5&#215;25,4&#215;22 cm<br \/>\nMedium: 43,1&#215;27,9&#215;26,6cm<br \/>\n<span id=\"ContentPlaceHolder1_ucItemDetail_lblItemName\"><\/span>Large: 48,2&#215;29,8&#215;29,2cm<\/p>\n<p>&nbsp;<\/p>\n<div class=\"clearfix\"><\/div>","protected":false},"featured_media":61815,"comment_status":"open","ping_status":"closed","template":"","meta":{"_uf_show_specific_survey":0,"_uf_disable_surveys":false},"pwb-brand":[3967],"product_brand":[],"product_cat":[1316,160,16,969,665,731,732,4063,179,1470,3231],"product_tag":[3900,6894,6895,1471],"class_list":{"0":"post-5244","1":"product","2":"type-product","3":"status-publish","4":"has-post-thumbnail","6":"pwb-brand-sherpa","7":"product_cat-baere-og-trille","8":"product_cat-dyr-bur","9":"product_cat-fugl","10":"product_cat-hund","11":"product_cat-katt","12":"product_cat-katteutstilling","13":"product_cat-reiseutstyr-og-bur","14":"product_cat-smadyr","15":"product_cat-transportbur","16":"product_cat-transportbur-fugl","17":"product_cat-valp","18":"product_tag-baereveske","19":"product_tag-hundebur-og-transportvesker","20":"product_tag-hundevesker-og-ryggsekker","21":"product_tag-transportbur-fugl","23":"first","24":"instock","25":"taxable","26":"shipping-taxable","27":"purchasable","28":"product-type-variable","29":"has-default-attributes"},"exclude_global_add_ons":[],"addons":[],"brands":[{"id":3967,"name":"Sherpa","slug":"sherpa"}],"_links":{"self":[{"href":"https:\/\/pim.fuglebutikken.no\/nb\/wp-json\/wp\/v2\/product\/5244","targetHints":{"allow":["GET"]}}],"collection":[{"href":"https:\/\/pim.fuglebutikken.no\/nb\/wp-json\/wp\/v2\/product"}],"about":[{"href":"https:\/\/pim.fuglebutikken.no\/nb\/wp-json\/wp\/v2\/types\/product"}],"replies":[{"embeddable":true,"href":"https:\/\/pim.fuglebutikken.no\/nb\/wp-json\/wp\/v2\/comments?post=5244"}],"wp:featuredmedia":[{"embeddable":true,"href":"https:\/\/pim.fuglebutikken.no\/nb\/wp-json\/wp\/v2\/media\/61815"}],"wp:attachment":[{"href":"https:\/\/pim.fuglebutikken.no\/nb\/wp-json\/wp\/v2\/media?parent=5244"}],"wp:term":[{"taxonomy":"pwb-brand","embeddable":true,"href":"https:\/\/pim.fuglebutikken.no\/nb\/wp-json\/wp\/v2\/pwb-brand?post=5244"},{"taxonomy":"product_brand","embeddable":true,"href":"https:\/\/pim.fuglebutikken.no\/nb\/wp-json\/wp\/v2\/product_brand?post=5244"},{"taxonomy":"product_cat","embeddable":true,"href":"https:\/\/pim.fuglebutikken.no\/nb\/wp-json\/wp\/v2\/product_cat?post=5244"},{"taxonomy":"product_tag","embeddable":true,"href":"https:\/\/pim.fuglebutikken.no\/nb\/wp-json\/wp\/v2\/product_tag?post=5244"}],"curies":[{"name":"wp","href":"https:\/\/api.w.org\/{rel}","templated":true}]}}