{"id":5241,"date":"2020-03-01T16:28:51","date_gmt":"2020-03-01T15:28:51","guid":{"rendered":"https:\/\/274105-www.web.tornado-node.net\/product\/import-placeholder-for-652\/"},"modified":"2024-05-30T14:11:54","modified_gmt":"2024-05-30T12:11:54","slug":"pawise-trillevogn-hund-katt","status":"publish","type":"product","link":"https:\/\/pim.fuglebutikken.no\/nb\/produkt\/pawise-trillevogn-hund-katt\/","title":{"rendered":"Pawise Trillevogn Tralle for hund &amp; katt"},"content":{"rendered":"<h2>Pawise Trillevogn \/ Tralle for hund &amp; katt<\/h2>","protected":false},"excerpt":{"rendered":"<p>Pawise Trillevogn for hund &amp; katt<\/p>\n<p><span lang=\"no\">Med hurtigfoldefunksjon for gamle, syke, redde eller veldig unge hunder og katter som trenger et sted \u00e5 hvile mellom g\u00e5-\u00f8ktene p\u00e5 tur. Trillevogner er ogs\u00e5 popul\u00e6re \u00e5 bruke p\u00e5 utstilling til transport av mindre hunder og til katter ut og inn av lokalet, samt til oppstallingsplass.<\/span><\/p>\n<ul>\n<li><span lang=\"no\">En-h\u00e5nds sammenleggbart system p\u00e5 h\u00e5ndtaket<\/span><\/li>\n<li class=\"tw-data-text tw-text-large XcVN5d tw-ta\" data-placeholder=\"Oversettelse\"><span lang=\"no\">Lett man\u00f8vrerbar p\u00e5 grunn av forhjul med 360 \u00b0 skj\u00f8t, fj\u00e6rbelastet med 2 parkeringsbremser<\/span><\/li>\n<li class=\"tw-data-text tw-text-large XcVN5d tw-ta\" data-placeholder=\"Oversettelse\"><span lang=\"no\">Stor bakd\u00f8r for \u00e5 f\u00e5 kj\u00e6ledyret inn og ut kan v\u00e6re helt eller delvis lukket med glidel\u00e5ser forskjellige nettinnlegg, noen kan dekkes med 2 korte b\u00e5nd avtakbar pute (polyester), avtakbart trekk med polstret h\u00e5ndtak, koppholder og kurv<\/span><\/li>\n<li data-placeholder=\"Oversettelse\">Meget praktisk b\u00e5de til trilletur og p\u00e5 utstilling<\/li>\n<\/ul>","protected":false},"featured_media":61108,"comment_status":"open","ping_status":"closed","template":"","meta":{"_uf_show_specific_survey":0,"_uf_disable_surveys":false},"pwb-brand":[3955],"product_brand":[],"product_cat":[1316,1049,160,969,665,731,732,4063,179,993],"product_tag":[],"class_list":{"0":"post-5241","1":"product","2":"type-product","3":"status-publish","4":"has-post-thumbnail","6":"pwb-brand-pawise","7":"product_cat-baere-og-trille","8":"product_cat-bur-og-sikkerhet","9":"product_cat-dyr-bur","10":"product_cat-hund","11":"product_cat-katt","12":"product_cat-katteutstilling","13":"product_cat-reiseutstyr-og-bur","14":"product_cat-smadyr","15":"product_cat-transportbur","16":"product_cat-utstilling","18":"first","19":"instock","20":"taxable","21":"shipping-taxable","22":"purchasable","23":"product-type-variable","24":"has-default-attributes"},"exclude_global_add_ons":[],"addons":[],"brands":[{"id":3955,"name":"Pawise","slug":"pawise"}],"_links":{"self":[{"href":"https:\/\/pim.fuglebutikken.no\/nb\/wp-json\/wp\/v2\/product\/5241","targetHints":{"allow":["GET"]}}],"collection":[{"href":"https:\/\/pim.fuglebutikken.no\/nb\/wp-json\/wp\/v2\/product"}],"about":[{"href":"https:\/\/pim.fuglebutikken.no\/nb\/wp-json\/wp\/v2\/types\/product"}],"replies":[{"embeddable":true,"href":"https:\/\/pim.fuglebutikken.no\/nb\/wp-json\/wp\/v2\/comments?post=5241"}],"wp:featuredmedia":[{"embeddable":true,"href":"https:\/\/pim.fuglebutikken.no\/nb\/wp-json\/wp\/v2\/media\/61108"}],"wp:attachment":[{"href":"https:\/\/pim.fuglebutikken.no\/nb\/wp-json\/wp\/v2\/media?parent=5241"}],"wp:term":[{"taxonomy":"pwb-brand","embeddable":true,"href":"https:\/\/pim.fuglebutikken.no\/nb\/wp-json\/wp\/v2\/pwb-brand?post=5241"},{"taxonomy":"product_brand","embeddable":true,"href":"https:\/\/pim.fuglebutikken.no\/nb\/wp-json\/wp\/v2\/product_brand?post=5241"},{"taxonomy":"product_cat","embeddable":true,"href":"https:\/\/pim.fuglebutikken.no\/nb\/wp-json\/wp\/v2\/product_cat?post=5241"},{"taxonomy":"product_tag","embeddable":true,"href":"https:\/\/pim.fuglebutikken.no\/nb\/wp-json\/wp\/v2\/product_tag?post=5241"}],"curies":[{"name":"wp","href":"https:\/\/api.w.org\/{rel}","templated":true}]}}