{"id":5193,"date":"2020-03-01T16:28:33","date_gmt":"2020-03-01T15:28:33","guid":{"rendered":"https:\/\/274105-www.web.tornado-node.net\/product\/import-placeholder-for-534\/"},"modified":"2023-10-20T13:52:19","modified_gmt":"2023-10-20T11:52:19","slug":"sureflap-kattedor-dualscan-hvit","status":"publish","type":"product","link":"https:\/\/pim.fuglebutikken.no\/nb\/produkt\/sureflap-kattedor-dualscan-hvit\/","title":{"rendered":"Sureflap Katted\u00f8r Dualscan Hvit"},"content":{"rendered":"<p>Sureflap DualScan passer godt for deg som har flere katter og \u00f8nsker mulighet for \u00e5 kunne regulere hvilke som skal f\u00e5 g\u00e5 fritt ut og inn og om noen kun skal holdes inne. Har du fks 2 katter og 1 skal ha fri tilgang ut\/inn, men ikke den andre s\u00e5 programmerer du enkelt inn dette. Det er enkelt \u00e5 omprogrammere katted\u00f8ren etter hvert som behovene endrer seg.<\/p>\n<p>Det er ogs\u00e5 en sikkerhetsinnstilling som gj\u00f8r at om katten som ikke har fri tilgang ut\/inn alikevel skulle komme seg ut gjennom fks et \u00e5pent vindu, kan den alikevel komme inn igjen i huset med DualScan luken. Det er ogs\u00e5 4 veis manuell l\u00e5sing p\u00e5 luken.<\/p>\n<p>Sureflap katted\u00f8r har vunnet en rekke internasjonale priser for sin geniale teknologi, enkelhet i bruk og design. Med Sureflap katted\u00f8r slipper du \u00e5 oppleve at andre katter og dyr kommer p\u00e5 u\u00f8nsket be\u00f8k i ditt hjem. Sureflap katted\u00f8r slipper kun inn din katt\/dine katter! Dette er standard st\u00f8rrelsen av Sureflap DualScan katted\u00f8r, til st\u00f8rre katter som Main Coon, Norsk skogkatt osv. anbefales Sureflap XXL versjonen.<\/p>\n<p>En katted\u00f8r som leser din katts ID chip, Sureflap fungerer p\u00e5 alle chip typer og nummere, i tilegg fungerer de p\u00e5 RDIF brikkene som kan kj\u00f8pes separat. Katten trenger ingen halsb\u00e5nd eller annen merking, genialt enkelt! Programmeres enkelt med kun en knapp. P\u00e5 Sureflap katted\u00f8r kan du registrere opptil 32 katter hvis behovet for det melder seg.<\/p>\n<p>Sureflap er batteridrevet med vanlige AA batterier, du slipper\u00e5 ha str\u00f8mkabler liggende \u00e5 slenge. Varsling i god tid f\u00f8r batteriene m\u00e5 byttes. Batterienes levetid er normalt over 6 mnd. Leveres med effektiv tettelist for \u00e5 forhindre trekk. Sureflap DualScan katted\u00f8r passer til alle normale katter og monteres enkelt og raskt i d\u00f8r, vindu eller vegg.<\/p>\n<p>Petworld.no er Norges st\u00f8rste distribut\u00f8r av Sureflap katted\u00f8r og har stor erfaring med bruk og service med disse.<\/p>\n<p>Ved montering i glass anbefaler vi bruk av en glassmester\/fagmann. Montering i d\u00f8r og vegg gj\u00f8r du enkelt selv. Er det st\u00e5l\/metall i omr\u00e5det d\u00f8ren skal monteres i m\u00e5 adapter for montering i st\u00e5l\/glass benyttes da metall kan forstyrre microchip leseren. Ved montering i vegg benyttes forlengerene, antallet er avhengig av din veggtykkelse.<\/p>\n<p>Har du metall i d\u00f8ren eller der du skal montere katted\u00f8ren?<br \/>\nDersom du har metall i d\u00f8ren eller der du skal montere katted\u00f8ren s\u00e5 m\u00e5 du benytte et adapter.<\/p>\n<p>Sureflap katteluke fungerer p\u00e5 alle chip som er i bruk i Norge og Europa. Enklere blir det ikke! Har du metall i d\u00f8ren eller der du skal montere katted\u00f8ren? Dersom du har metall i d\u00f8ren eller der du skal montere katted\u00f8ren s\u00e5 m\u00e5 du benytte dette adapteret.Skulle du ha sp\u00f8rsm\u00e5l s\u00e5 ta kontakt med kundeservice. Vi har bred kompetanse p\u00e5 disse katted\u00f8rene, velkommen!<\/p>\n<p>Innvendig m\u00e5l p\u00e5 tunnel: 150 mm x 155 mm. Totale utvendig m\u00e5l 210&#215;210 mm. Passer for montering i d\u00f8rer opptil 70 mm tykkelse, over dette benyttes tunnel forlengere. Lukens m\u00e5l: 120&#215;142 mm.<\/p>","protected":false},"excerpt":{"rendered":"<p>Sureflap Katted\u00f8r Dualscan Hvit<\/p>\n<p>https:\/\/youtu.be\/jjOqzXCwDec<\/p>","protected":false},"featured_media":5220,"comment_status":"open","ping_status":"closed","template":"","meta":{"_uf_show_specific_survey":0,"_uf_disable_surveys":false},"pwb-brand":[3969],"product_brand":[],"product_cat":[665,712],"product_tag":[],"class_list":{"0":"post-5193","1":"product","2":"type-product","3":"status-publish","4":"has-post-thumbnail","6":"pwb-brand-sureflap","7":"product_cat-katt","8":"product_cat-kattedorer-og-grinder","10":"first","11":"instock","12":"downloadable","13":"taxable","14":"shipping-taxable","15":"purchasable","16":"product-type-simple"},"exclude_global_add_ons":[],"addons":[],"brands":[{"id":3969,"name":"Sureflap","slug":"sureflap"}],"_links":{"self":[{"href":"https:\/\/pim.fuglebutikken.no\/nb\/wp-json\/wp\/v2\/product\/5193","targetHints":{"allow":["GET"]}}],"collection":[{"href":"https:\/\/pim.fuglebutikken.no\/nb\/wp-json\/wp\/v2\/product"}],"about":[{"href":"https:\/\/pim.fuglebutikken.no\/nb\/wp-json\/wp\/v2\/types\/product"}],"replies":[{"embeddable":true,"href":"https:\/\/pim.fuglebutikken.no\/nb\/wp-json\/wp\/v2\/comments?post=5193"}],"wp:featuredmedia":[{"embeddable":true,"href":"https:\/\/pim.fuglebutikken.no\/nb\/wp-json\/wp\/v2\/media\/5220"}],"wp:attachment":[{"href":"https:\/\/pim.fuglebutikken.no\/nb\/wp-json\/wp\/v2\/media?parent=5193"}],"wp:term":[{"taxonomy":"pwb-brand","embeddable":true,"href":"https:\/\/pim.fuglebutikken.no\/nb\/wp-json\/wp\/v2\/pwb-brand?post=5193"},{"taxonomy":"product_brand","embeddable":true,"href":"https:\/\/pim.fuglebutikken.no\/nb\/wp-json\/wp\/v2\/product_brand?post=5193"},{"taxonomy":"product_cat","embeddable":true,"href":"https:\/\/pim.fuglebutikken.no\/nb\/wp-json\/wp\/v2\/product_cat?post=5193"},{"taxonomy":"product_tag","embeddable":true,"href":"https:\/\/pim.fuglebutikken.no\/nb\/wp-json\/wp\/v2\/product_tag?post=5193"}],"curies":[{"name":"wp","href":"https:\/\/api.w.org\/{rel}","templated":true}]}}