{"id":51159,"date":"2021-06-03T17:48:00","date_gmt":"2021-06-03T15:48:00","guid":{"rendered":"https:\/\/admin.fuglebutikker.kinsta.cloud\/?post_type=product&#038;p=51159"},"modified":"2023-08-10T09:32:05","modified_gmt":"2023-08-10T07:32:05","slug":"trixie-junior-puppy-bed-valpeseng","status":"publish","type":"product","link":"https:\/\/pim.fuglebutikken.no\/nb\/produkt\/trixie-junior-puppy-bed-valpeseng\/","title":{"rendered":"Trixie Junior Puppy Bed Valpeseng"},"content":{"rendered":"<h2>Trixie om Junior Puppy Bed Valpeseng:<\/h2>\n<ul>\n<li>sweat material\/plush<\/li>\n<li>polyester cover<\/li>\n<li>polyester fleece filling<\/li>\n<li>with firmly attached cushion<\/li>\n<li>with toy<\/li>\n<li>non-slip bottom<\/li>\n<\/ul>\n<p><iframe loading=\"lazy\" title=\"Ein Welpe zieht ins Haus - Die neuen TRIXIE Junior Produkte f\u00fcr Welpen im \u00dcberblick\" width=\"800\" height=\"450\" src=\"https:\/\/www.youtube.com\/embed\/0vivspjIS4w?feature=oembed\" frameborder=\"0\" allow=\"accelerometer; autoplay; clipboard-write; encrypted-media; gyroscope; picture-in-picture; web-share\" referrerpolicy=\"strict-origin-when-cross-origin\" allowfullscreen><\/iframe><\/p>","protected":false},"excerpt":{"rendered":"<p>Trixie Junior Puppy Bed er en komfortabel seng til valper og sm\u00e5 hunder. Myk leke formet som et hundebein medf\u00f8lger. Valpesengen har anti-skli belegg under for at den skal ligge i ro. St\u00f8rrelse: 50 x 40 cm<\/p>\n<p>&nbsp;<\/p>\n<p>Bestillingsvare: 2-4 uker leveringstid.<\/p>","protected":false},"featured_media":51160,"comment_status":"closed","ping_status":"closed","template":"","meta":{"_uf_show_specific_survey":0,"_uf_disable_surveys":false},"pwb-brand":[3899],"product_brand":[],"product_cat":[969,1464,5943,989,988,3231],"product_tag":[6762,3039,3587,977],"class_list":{"0":"post-51159","1":"product","2":"type-product","3":"status-publish","4":"has-post-thumbnail","6":"pwb-brand-trixie","7":"product_cat-hund","8":"product_cat-hund-som-hobby","9":"product_cat-hundeseng","10":"product_cat-madrass","11":"product_cat-senger-madrasser-tepper","12":"product_cat-valp","13":"product_tag-hundesenger-og-puter","14":"product_tag-puppy","15":"product_tag-seng","16":"product_tag-valp","18":"first","19":"onbackorder","20":"taxable","21":"shipping-taxable","22":"purchasable","23":"product-type-simple"},"exclude_global_add_ons":[],"addons":[],"brands":[{"id":3899,"name":"Trixie","slug":"trixie"}],"_links":{"self":[{"href":"https:\/\/pim.fuglebutikken.no\/nb\/wp-json\/wp\/v2\/product\/51159","targetHints":{"allow":["GET"]}}],"collection":[{"href":"https:\/\/pim.fuglebutikken.no\/nb\/wp-json\/wp\/v2\/product"}],"about":[{"href":"https:\/\/pim.fuglebutikken.no\/nb\/wp-json\/wp\/v2\/types\/product"}],"replies":[{"embeddable":true,"href":"https:\/\/pim.fuglebutikken.no\/nb\/wp-json\/wp\/v2\/comments?post=51159"}],"wp:featuredmedia":[{"embeddable":true,"href":"https:\/\/pim.fuglebutikken.no\/nb\/wp-json\/wp\/v2\/media\/51160"}],"wp:attachment":[{"href":"https:\/\/pim.fuglebutikken.no\/nb\/wp-json\/wp\/v2\/media?parent=51159"}],"wp:term":[{"taxonomy":"pwb-brand","embeddable":true,"href":"https:\/\/pim.fuglebutikken.no\/nb\/wp-json\/wp\/v2\/pwb-brand?post=51159"},{"taxonomy":"product_brand","embeddable":true,"href":"https:\/\/pim.fuglebutikken.no\/nb\/wp-json\/wp\/v2\/product_brand?post=51159"},{"taxonomy":"product_cat","embeddable":true,"href":"https:\/\/pim.fuglebutikken.no\/nb\/wp-json\/wp\/v2\/product_cat?post=51159"},{"taxonomy":"product_tag","embeddable":true,"href":"https:\/\/pim.fuglebutikken.no\/nb\/wp-json\/wp\/v2\/product_tag?post=51159"}],"curies":[{"name":"wp","href":"https:\/\/api.w.org\/{rel}","templated":true}]}}