{"id":5048,"date":"2020-03-01T16:28:03","date_gmt":"2020-03-01T15:28:03","guid":{"rendered":"https:\/\/274105-www.web.tornado-node.net\/product\/import-placeholder-for-236\/"},"modified":"2024-06-04T15:23:46","modified_gmt":"2024-06-04T13:23:46","slug":"ever-clean-lavender","status":"publish","type":"product","link":"https:\/\/pim.fuglebutikken.no\/nb\/produkt\/ever-clean-lavender\/","title":{"rendered":"Ever Clean Lavender Kattesand 10 L"},"content":{"rendered":"<h2>Ever Clean Lavender Kattesand 10 L<\/h2>\n<p><b>Ever Clean Lavender er en kattesand av h\u00f8yeste kvalitet med frisk og mild duft av lavendel som aktiveres ved kontakt med fukt i kattetoalettet<\/b><br \/>\nEver Clean Lavender er en finkornet kattesand med sterk klumpeevne. Frisk og mild duft av god lavendel for \u00e5 sikre at hjemmet ditt lukter fantastisk!<\/p>\n<p>Ever Clean Lavender<\/p>\n<ul>\n<li style=\"list-style-type: none;\">\n<ul>\n<li>Finkornet sand med sterk klumpeevne<\/li>\n<li>Lukt av lavendel som blir frigitt i kontakt med fukt<\/li>\n<\/ul>\n<\/li>\n<\/ul>\n<h1 class=\"single-product-item-title\">Ever-Clean<\/h1>\n<h4 class=\"single-product-item-title\"><strong><img loading=\"lazy\" decoding=\"async\" class=\"wp-image-88498 alignleft\" src=\"https:\/\/fuglebutikken.no\/wp-content\/uploads\/2020\/03\/Ever-Clean-Extra-Strong-Clumping-Unscented-Kattesand-10-L-500x500.png\" alt=\"Ever Clean Extra Strong Clumping Unscented Kattesand 10 L\" width=\"190\" height=\"190\" title=\"\" srcset=\"\/wp-content\/uploads\/2020\/03\/Ever-Clean-Extra-Strong-Clumping-Unscented-Kattesand-10-L-500x500.png 500w, \/wp-content\/uploads\/2020\/03\/Ever-Clean-Extra-Strong-Clumping-Unscented-Kattesand-10-L-150x150.png 150w, \/wp-content\/uploads\/2020\/03\/Ever-Clean-Extra-Strong-Clumping-Unscented-Kattesand-10-L-768x768.png 768w, \/wp-content\/uploads\/2020\/03\/Ever-Clean-Extra-Strong-Clumping-Unscented-Kattesand-10-L-510x510.png 510w, \/wp-content\/uploads\/2020\/03\/Ever-Clean-Extra-Strong-Clumping-Unscented-Kattesand-10-L-160x160.png 160w, \/wp-content\/uploads\/2020\/03\/Ever-Clean-Extra-Strong-Clumping-Unscented-Kattesand-10-L-300x300.png 300w, \/wp-content\/uploads\/2020\/03\/Ever-Clean-Extra-Strong-Clumping-Unscented-Kattesand-10-L-600x600.png 600w, \/wp-content\/uploads\/2020\/03\/Ever-Clean-Extra-Strong-Clumping-Unscented-Kattesand-10-L-64x64.png 64w, \/wp-content\/uploads\/2020\/03\/Ever-Clean-Extra-Strong-Clumping-Unscented-Kattesand-10-L.png 1500w\" sizes=\"auto, (max-width: 190px) 100vw, 190px\" \/>Extra Strong Clumping Unscented<\/strong><\/h4>\n<ul>\n<li>Duftfri kattesand med ekstra sterk klumpe-formel som reduserer smuldring, og lukker inne og eliminerer lukt av urin, avf\u00f8ring og ammoniakk.<\/li>\n<li>Ever Clean sin egenutviklede teknologi med aktivert karbon fjerner od\u00f8rer ved \u00e5 fange og lukke dem inne fremfor \u00e5 maskere dem.<\/li>\n<li>Duftfri for mennesker og dyr som er sensitive ovenfor lukt.<\/li>\n<li>Lavtst\u00f8vende formel.<\/li>\n<\/ul>\n<h4><\/h4>\n<h4 class=\"single-product-item-title\"><strong><br \/>\nEver Clean \u2013 Less Trail (bytter navn til litter free paws) <img loading=\"lazy\" decoding=\"async\" class=\"wp-image-88707 alignright\" src=\"https:\/\/fuglebutikken.no\/wp-content\/uploads\/2020\/03\/Ever-Clean-Litter-Free-Paws-kattesand-10-ltr-1-500x500.jpg\" alt=\"Ever Clean Litter Free Paws kattesand, 10 ltr\" width=\"186\" height=\"186\" title=\"\" srcset=\"\/wp-content\/uploads\/2020\/03\/Ever-Clean-Litter-Free-Paws-kattesand-10-ltr-1-500x500.jpg 500w, \/wp-content\/uploads\/2020\/03\/Ever-Clean-Litter-Free-Paws-kattesand-10-ltr-1-150x150.jpg 150w, \/wp-content\/uploads\/2020\/03\/Ever-Clean-Litter-Free-Paws-kattesand-10-ltr-1-510x510.jpg 510w, \/wp-content\/uploads\/2020\/03\/Ever-Clean-Litter-Free-Paws-kattesand-10-ltr-1-160x160.jpg 160w, \/wp-content\/uploads\/2020\/03\/Ever-Clean-Litter-Free-Paws-kattesand-10-ltr-1-300x300.jpg 300w, \/wp-content\/uploads\/2020\/03\/Ever-Clean-Litter-Free-Paws-kattesand-10-ltr-1-600x600.jpg 600w, \/wp-content\/uploads\/2020\/03\/Ever-Clean-Litter-Free-Paws-kattesand-10-ltr-1-64x64.jpg 64w, \/wp-content\/uploads\/2020\/03\/Ever-Clean-Litter-Free-Paws-kattesand-10-ltr-1.jpg 753w\" sizes=\"auto, (max-width: 186px) 100vw, 186px\" \/><\/strong><\/h4>\n<ul>\n<li>99,9% st\u00f8vfri kattesand med store granuler som eliminerer lukt av urin, avf\u00f8ring og ammoniakk, ideell for kattunger og langh\u00e5rete katter.<\/li>\n<li>Ever Clean sin egen teknologi med aktivert karbon fjerner od\u00f8rer ved \u00e5 fange og lukke dem inne fremfor \u00e5 maskere dem.<\/li>\n<li>Pote-aktivert duftteknologi frigj\u00f8r godlukt ved behov.<\/li>\n<li>St\u00f8rre granuler reduserer sjansen for at kattesanden setter seg fast i kattunge poter og i pelsen til langh\u00e5rete katter.<\/li>\n<\/ul>\n<p>&nbsp;<\/p>\n<h4 class=\"single-product-item-title\"><strong><img loading=\"lazy\" decoding=\"async\" class=\"wp-image-12424 alignleft\" src=\"https:\/\/fuglebutikken.no\/wp-content\/uploads\/2020\/03\/v02_0B85FC8EF8D7916092D1B88FF49C0ED0-253x300.jpg\" alt=\"Ever Clean Multiple Cat Kattesand 10 L\" width=\"159\" height=\"189\" title=\"\" srcset=\"\/wp-content\/uploads\/2020\/03\/v02_0B85FC8EF8D7916092D1B88FF49C0ED0-253x300.jpg 253w, \/wp-content\/uploads\/2020\/03\/v02_0B85FC8EF8D7916092D1B88FF49C0ED0-600x712.jpg 600w, \/wp-content\/uploads\/2020\/03\/v02_0B85FC8EF8D7916092D1B88FF49C0ED0-863x1024.jpg 863w, \/wp-content\/uploads\/2020\/03\/v02_0B85FC8EF8D7916092D1B88FF49C0ED0-768x912.jpg 768w, \/wp-content\/uploads\/2020\/03\/v02_0B85FC8EF8D7916092D1B88FF49C0ED0.jpg 1011w\" sizes=\"auto, (max-width: 159px) 100vw, 159px\" \/>Ever Clean \u2013 Multiple Cat<\/strong><\/h4>\n<ul>\n<li>Ever Clean Multiple Cat er en klump-dannende kattesand med forbedret formel fjerner lukt av urin, avf\u00f8ring og ammoniakk i hjem med flere katter.<\/li>\n<li>Ever Clean egenutviklede teknologi med aktivert karbon fjerner od\u00f8rer ved \u00e5 fange og lukke dem inne fremfor \u00e5 maskere dem.<\/li>\n<li>Pote-aktivert duftteknologi frigj\u00f8r godlukt ved behov.<\/li>\n<li>Ekstra luktfjerning hjelper til med \u00e5 holde styr p\u00e5 kattebakker med h\u00f8yt forbruk i hjem med flere katter.<\/li>\n<li>Lavtst\u00f8vende formel.<\/li>\n<\/ul>\n<h4><\/h4>\n<h4 class=\"single-product-item-title\"><strong>Ever Clean \u2013 Lavender <img loading=\"lazy\" decoding=\"async\" class=\"wp-image-20782 alignright\" src=\"https:\/\/fuglebutikken.no\/wp-content\/uploads\/2020\/03\/5060255492291_0_f-300x300-1.jpg\" alt=\"Ever Clean Lavender Kattesand 10 L\" width=\"194\" height=\"194\" title=\"\" srcset=\"\/wp-content\/uploads\/2020\/03\/5060255492291_0_f-300x300-1.jpg 300w, \/wp-content\/uploads\/2020\/03\/5060255492291_0_f-230x230.png 230w, \/wp-content\/uploads\/2020\/03\/5060255492291_0_f-160x160-2.jpg 160w, \/wp-content\/uploads\/2020\/03\/5060255492291_0_f-600x600-2.jpg 600w, \/wp-content\/uploads\/2020\/03\/5060255492291_0_f-150x150-2.jpg 150w, \/wp-content\/uploads\/2020\/03\/5060255492291_0_f-1.jpg 700w\" sizes=\"auto, (max-width: 194px) 100vw, 194px\" \/><\/strong><\/h4>\n<ul>\n<li>Lavendel parfymert, klump dannende kattesand som eliminerer lukt av urin,avf\u00f8ring og ammoniakk, frigj\u00f8r en frisk duft n\u00e5r det trengs.<\/li>\n<li>EverClean sin egen teknologi med aktivert karbon fjerner od\u00f8rer ved \u00e5 fange og lukke dem inne fremfor \u00e5 maskere dem.<\/li>\n<li>Pote-aktivert duftteknologi frigj\u00f8r godlukt ved behov.<\/li>\n<li>Lavtst\u00f8vende formel.<\/li>\n<li>Kontinuerlig friskhet for b\u00e5de kattetoalettet og hjemmet ditt.<\/li>\n<\/ul>\n<p>&nbsp;<\/p>\n<h4 class=\"single-product-item-title\"><strong><img loading=\"lazy\" decoding=\"async\" class=\"wp-image-24980 alignleft\" src=\"https:\/\/fuglebutikken.no\/wp-content\/uploads\/2020\/03\/v02_10B4DE10468E56410F8D9286427B604C-257x300.jpg\" alt=\"Ever Clean Fast Acting\" width=\"149\" height=\"174\" title=\"\" srcset=\"\/wp-content\/uploads\/2020\/03\/v02_10B4DE10468E56410F8D9286427B604C-257x300.jpg 257w, \/wp-content\/uploads\/2020\/03\/v02_10B4DE10468E56410F8D9286427B604C-600x701.jpg 600w, \/wp-content\/uploads\/2020\/03\/v02_10B4DE10468E56410F8D9286427B604C-64x75.jpg 64w, \/wp-content\/uploads\/2020\/03\/v02_10B4DE10468E56410F8D9286427B604C-876x1024.jpg 876w, \/wp-content\/uploads\/2020\/03\/v02_10B4DE10468E56410F8D9286427B604C-768x897.jpg 768w, \/wp-content\/uploads\/2020\/03\/v02_10B4DE10468E56410F8D9286427B604C.jpg 1027w\" sizes=\"auto, (max-width: 149px) 100vw, 149px\" \/>\u00a0 Ever Clean \u2013 Fast Acting<\/strong><\/h4>\n<ul>\n<li>Klumpedannende kattesand med Ever-Clean sin egenutviklede blanding av planteekstrakter for rask luktfjerning.<\/li>\n<li>Ever Clean sin egen teknologi med aktivert karbon fjerner od\u00f8rer ved \u00e5 fange og lukke dem inne fremfor \u00e5 maskere dem.<\/li>\n<li>Pote-aktivert duftteknologi frigj\u00f8r godlukt ved behov.<\/li>\n<li>Lavtst\u00f8vende formel.<\/li>\n<li>\u00d8yeblikkelig luktfjerning fra kattetoalettet og spesielt i trange rom.<\/li>\n<\/ul>\n<p>&nbsp;<\/p>\n<h4 class=\"single-product-item-title\"><strong>Ever Clean \u2013 Multi-Crystals\u00a0 <img loading=\"lazy\" decoding=\"async\" class=\"wp-image-24976 alignright\" src=\"https:\/\/fuglebutikken.no\/wp-content\/uploads\/2020\/03\/v02_76B2A153297D5501E1809E7739BD3981-300x300.jpg\" alt=\"Ever Clean Multi Crystals\" width=\"191\" height=\"191\" title=\"\" srcset=\"\/wp-content\/uploads\/2020\/03\/v02_76B2A153297D5501E1809E7739BD3981-300x300.jpg 300w, \/wp-content\/uploads\/2020\/03\/v02_76B2A153297D5501E1809E7739BD3981-100x100.jpg 100w, \/wp-content\/uploads\/2020\/03\/v02_76B2A153297D5501E1809E7739BD3981-600x600.jpg 600w, \/wp-content\/uploads\/2020\/03\/v02_76B2A153297D5501E1809E7739BD3981-64x64.jpg 64w, \/wp-content\/uploads\/2020\/03\/v02_76B2A153297D5501E1809E7739BD3981-150x150.jpg 150w, \/wp-content\/uploads\/2020\/03\/v02_76B2A153297D5501E1809E7739BD3981-768x768.jpg 768w, \/wp-content\/uploads\/2020\/03\/v02_76B2A153297D5501E1809E7739BD3981.jpg 800w\" sizes=\"auto, (max-width: 191px) 100vw, 191px\" \/><\/strong><\/h4>\n<ul>\n<li>Ever Clean Multi-Crystals er en duftfri kattesand som arbeider med klumpleire for umiddelbart \u00e5 absorbere fuktighet og eliminere lukt av urin, avf\u00f8ring og ammoniakk fra Ever Clean egenutviklede teknologi med aktivt karbon fjerner od\u00f8rer ved \u00e5 fange og lukke dem inne fremfor \u00e5 maskere dem.<\/li>\n<li>Duftfri for mennesker og katter som er sensitive ovenfor lukt.<\/li>\n<li>Vedvarende friskhet.<\/li>\n<li>Krystallene absorberer urin umiddelbart for \u00e5 stoppe fukt og lukt.<\/li>\n<li>Lavtst\u00f8vende formel<\/li>\n<\/ul>\n<p>&nbsp;<\/p>\n<h4 class=\"single-product-item-title\"><strong><img loading=\"lazy\" decoding=\"async\" class=\"wp-image-89007 alignleft\" src=\"https:\/\/fuglebutikken.no\/wp-content\/uploads\/2023\/02\/Ever-Clean-Spring-Garden-Kattesand-10-L......-500x500.jpg\" alt=\"Ever Clean Spring Garden Kattesand 10 L\" width=\"206\" height=\"206\" title=\"\" srcset=\"\/wp-content\/uploads\/2023\/02\/Ever-Clean-Spring-Garden-Kattesand-10-L......-500x500.jpg 500w, \/wp-content\/uploads\/2023\/02\/Ever-Clean-Spring-Garden-Kattesand-10-L......-150x150.jpg 150w, \/wp-content\/uploads\/2023\/02\/Ever-Clean-Spring-Garden-Kattesand-10-L......-768x768.jpg 768w, \/wp-content\/uploads\/2023\/02\/Ever-Clean-Spring-Garden-Kattesand-10-L......-510x510.jpg 510w, \/wp-content\/uploads\/2023\/02\/Ever-Clean-Spring-Garden-Kattesand-10-L......-160x160.jpg 160w, \/wp-content\/uploads\/2023\/02\/Ever-Clean-Spring-Garden-Kattesand-10-L......-300x300.jpg 300w, \/wp-content\/uploads\/2023\/02\/Ever-Clean-Spring-Garden-Kattesand-10-L......-600x600.jpg 600w, \/wp-content\/uploads\/2023\/02\/Ever-Clean-Spring-Garden-Kattesand-10-L......-64x64.jpg 64w, \/wp-content\/uploads\/2023\/02\/Ever-Clean-Spring-Garden-Kattesand-10-L.......jpg 1200w\" sizes=\"auto, (max-width: 206px) 100vw, 206px\" \/>\u00a0 Ever Clean \u2013 Spring Garden<\/strong><\/h4>\n<ul>\n<li class=\"li1\">En frisk blomsterduft som vi tror b\u00e5de du og katten din vil elske \u2013 det er som \u00e5 rusle gjennom en blomstereng om v\u00e5ren!<\/li>\n<li class=\"li1\">Laget med klumpende leire av h\u00f8y kvalitet som reduserer smuldring og som skaper tette og ekstra sterke klumper med lite st\u00f8v som er enkle \u00e5 fjerne.<\/li>\n<li class=\"li1\">V\u00e5r unike aktiverte karbonteknologi fjerner kapsler og l\u00e5ser inn vond lukt i stedet for bare \u00e5 kapsle det inn.<\/li>\n<li class=\"li1\">Superabsorberende kattesand med pote-aktivert duftteknologi som gir en frisk og lett duft hver gang kattedoen er i bruk.<\/li>\n<\/ul>\n<h4><\/h4>\n<h4 class=\"single-product-item-title\"><strong>Ever Clean \u2013 Total Cover\u00a0 <img loading=\"lazy\" decoding=\"async\" class=\"wp-image-24983 alignright\" src=\"https:\/\/fuglebutikken.no\/wp-content\/uploads\/2020\/03\/v02_F2A72DCA0B301ABA9BB8322BABC22079-257x300.jpg\" alt=\"Ever Clean Total Cover\" width=\"208\" height=\"243\" title=\"\" srcset=\"\/wp-content\/uploads\/2020\/03\/v02_F2A72DCA0B301ABA9BB8322BABC22079-257x300.jpg 257w, \/wp-content\/uploads\/2020\/03\/v02_F2A72DCA0B301ABA9BB8322BABC22079-600x702.jpg 600w, \/wp-content\/uploads\/2020\/03\/v02_F2A72DCA0B301ABA9BB8322BABC22079-64x75.jpg 64w, \/wp-content\/uploads\/2020\/03\/v02_F2A72DCA0B301ABA9BB8322BABC22079-876x1024.jpg 876w, \/wp-content\/uploads\/2020\/03\/v02_F2A72DCA0B301ABA9BB8322BABC22079-768x898.jpg 768w, \/wp-content\/uploads\/2020\/03\/v02_F2A72DCA0B301ABA9BB8322BABC22079.jpg 1026w\" sizes=\"auto, (max-width: 208px) 100vw, 208px\" \/><\/strong><\/h4>\n<ul>\n<li>Ever Clean sin kattesand Total Cover er en kattesand som har 99% absorberingsevne, som eliminerer lukt og som holder lenger.<\/li>\n<li>Total Cover kattesand er en ekstra finkornet kattesand som klumper, dekker og kapsler inn 99% av avf\u00f8ringen og urinen.<\/li>\n<li>Ever Clean sin egenutviklede teknologi med aktivert karbon fjerner od\u00f8rer ved \u00e5 fange og lukke dem inne fremfor \u00e5 maskere dem.<\/li>\n<li>Duftfri for mennesker og dyr som er sensitive ovenfor lukt.<\/li>\n<li>Lavtst\u00f8vende formel*Holder opptil 20% lengre. Takket v\u00e6re sine fine sandkorn holder Total Cover opptil 20% lengre enn Ever Clean uparfymert kattesand. Absorberingsevnen er overlegen og avfallet blir mindre da Total Cover kapsler inn avf\u00f8ringen og urinen .Fyll kattetoalettet med 10-12 cm kattesand, Ever Clean Total Cover holder i opptil 2 m\u00e5neder*.* If\u00f8lge resultatet av en studie i et laboratorium basert p\u00e5 en normal mengde urin fra en normal stor katt.<\/li>\n<\/ul>\n<p>&nbsp;<\/p>\n<p style=\"text-align: center;\">Som med all kattesand, er det anbefalt at gravide kvinner og mennesker med nedsatt immunforsvar unng\u00e5r all kontakt med tils\u00f8lt kattesand grunnet risikoen for toksoplasmose.<\/p>\n<p><img loading=\"lazy\" decoding=\"async\" class=\"aligncenter wp-image-89010 size-full\" src=\"https:\/\/fuglebutikken.no\/wp-content\/uploads\/2023\/02\/Ever-Clean-Spring-Garden-Kattesand-10-L.......................jpg\" alt=\"Ever Clean\" width=\"1240\" height=\"430\" title=\"\" srcset=\"\/wp-content\/uploads\/2023\/02\/Ever-Clean-Spring-Garden-Kattesand-10-L.......................jpg 1240w, \/wp-content\/uploads\/2023\/02\/Ever-Clean-Spring-Garden-Kattesand-10-L......................-500x173.jpg 500w, \/wp-content\/uploads\/2023\/02\/Ever-Clean-Spring-Garden-Kattesand-10-L......................-768x266.jpg 768w, \/wp-content\/uploads\/2023\/02\/Ever-Clean-Spring-Garden-Kattesand-10-L......................-600x208.jpg 600w, \/wp-content\/uploads\/2023\/02\/Ever-Clean-Spring-Garden-Kattesand-10-L......................-64x22.jpg 64w\" sizes=\"auto, (max-width: 1240px) 100vw, 1240px\" \/><\/p>","protected":false},"excerpt":{"rendered":"<h3>Ever Clean Lavender Kattesand 10 L<\/h3>\n<ul>\n<li><span style=\"float: none; background-color: #ffffff; color: #333333; cursor: text; font-family: -apple-system,BlinkMacSystemFont,'Segoe UI',Roboto,Oxygen-Sans,Ubuntu,Cantarell,'Helvetica Neue',sans-serif; font-size: 16px; font-style: normal; font-variant: normal; font-weight: 400; letter-spacing: normal; text-align: left; text-decoration: none; text-indent: 0px; text-transform: none;\">Klumpesand med forbedret ammoniakk-kontroll. Frigir en duft av lavendel n\u00e5r n\u00f8dvendig.<br \/>\n<\/span><\/li>\n<li>Kattesand av fint mikrogranulat som dekker og kapsler inn opptil 99% av urin og flytende avf\u00f8ring og som varer 20% lenger*.<\/li>\n<li>Fokus p\u00e5 hygiene fremmer et milj\u00f8 av velv\u00e6re for katten din.<\/li>\n<li>V\u00e5r unike aktiverte karbonteknologi kapsler og l\u00e5ser inne lukter og fjerner p\u00e5 denne m\u00e5ten sjenerende lukter i stedet for \u00e5 bare maskere dem.<\/li>\n<li>Kattesand uten duft for katter og mennesker som er f\u00f8lsomme for dufter.<\/li>\n<\/ul>\n<p>Max 3 pr. ordre pga. fraktvekt.<\/p>","protected":false},"featured_media":5088,"comment_status":"open","ping_status":"closed","template":"","meta":{"_uf_show_specific_survey":0,"_uf_disable_surveys":false},"pwb-brand":[3911],"product_brand":[],"product_cat":[665,668,667],"product_tag":[783,6812,1725,6811,1726],"class_list":{"0":"post-5048","1":"product","2":"type-product","3":"status-publish","4":"has-post-thumbnail","6":"pwb-brand-everclean","7":"product_cat-katt","8":"product_cat-klumpesand","9":"product_cat-toalettstro","10":"product_tag-kattesand","11":"product_tag-kattesand-og-kattestro","12":"product_tag-kattesand-ever-clean","13":"product_tag-klumpedannende-kattesand","14":"product_tag-klumpesand","16":"first","17":"outofstock","18":"taxable","19":"shipping-taxable","20":"purchasable","21":"product-type-simple"},"exclude_global_add_ons":[],"addons":[],"brands":[{"id":3911,"name":"EverClean","slug":"everclean"}],"_links":{"self":[{"href":"https:\/\/pim.fuglebutikken.no\/nb\/wp-json\/wp\/v2\/product\/5048","targetHints":{"allow":["GET"]}}],"collection":[{"href":"https:\/\/pim.fuglebutikken.no\/nb\/wp-json\/wp\/v2\/product"}],"about":[{"href":"https:\/\/pim.fuglebutikken.no\/nb\/wp-json\/wp\/v2\/types\/product"}],"replies":[{"embeddable":true,"href":"https:\/\/pim.fuglebutikken.no\/nb\/wp-json\/wp\/v2\/comments?post=5048"}],"wp:featuredmedia":[{"embeddable":true,"href":"https:\/\/pim.fuglebutikken.no\/nb\/wp-json\/wp\/v2\/media\/5088"}],"wp:attachment":[{"href":"https:\/\/pim.fuglebutikken.no\/nb\/wp-json\/wp\/v2\/media?parent=5048"}],"wp:term":[{"taxonomy":"pwb-brand","embeddable":true,"href":"https:\/\/pim.fuglebutikken.no\/nb\/wp-json\/wp\/v2\/pwb-brand?post=5048"},{"taxonomy":"product_brand","embeddable":true,"href":"https:\/\/pim.fuglebutikken.no\/nb\/wp-json\/wp\/v2\/product_brand?post=5048"},{"taxonomy":"product_cat","embeddable":true,"href":"https:\/\/pim.fuglebutikken.no\/nb\/wp-json\/wp\/v2\/product_cat?post=5048"},{"taxonomy":"product_tag","embeddable":true,"href":"https:\/\/pim.fuglebutikken.no\/nb\/wp-json\/wp\/v2\/product_tag?post=5048"}],"curies":[{"name":"wp","href":"https:\/\/api.w.org\/{rel}","templated":true}]}}