{"id":4969,"date":"2020-03-01T16:27:51","date_gmt":"2020-03-01T15:27:51","guid":{"rendered":"https:\/\/274105-www.web.tornado-node.net\/product\/import-placeholder-for-189\/"},"modified":"2024-08-29T18:24:02","modified_gmt":"2024-08-29T16:24:02","slug":"katteperler-imperial-exclusive-pearls-9l","status":"publish","type":"product","link":"https:\/\/pim.fuglebutikken.no\/nb\/produkt\/katteperler-imperial-exclusive-pearls-9l\/","title":{"rendered":"Katteperler Imperial\/Ozami Exclusive Pearls 9L"},"content":{"rendered":"<h2>Katteperler Imperial\/Ozami Exclusive Pearls 9L<\/h2>\n<p>Imperial Exclusive katteperler er h\u00f8y absorberende og billig i bruk.<\/p>\n<p>Med svak lavender lukt.<\/p>\n<p>Det er fremstilt av kiselperler som har en unik evne til \u00e5 absorbere v\u00e6ske og kapsle inn lukten slik at kattekassen alltid virker innbydende p\u00e5 katten. Innkapslingen av v\u00e6ske og lukt tar bare noen f\u00e5 sekunder, og etterp\u00e5 begynner v\u00e6sken \u00e5 fordampe fra kiselperlene. Kattekassen er alltid t\u00f8rr, og reduserer dannelsen av bakterier.<\/p>\n<p>Dosering: Fyll kattekassen med 5 cm av Imperial katteperler. Fast avf\u00f8ring fjernes etter hvert. Hele innholdet skiftes en gang i m\u00e5neden eller etter behov. M\u00e5 ikke skylles ut i toalettet.<\/p>\n<p>Tips!<\/p>\n<p>&#8211; Kattedo med tak hindrer lukt bedre.<\/p>\n<p>&#8211; Ha kattedoposer i bunnen, da blir det lettere n\u00e5r man skal skifte.<\/p>\n<p>&#8211; En kattematte foran doen samler opp sand som blir med katten ut.<\/p>","protected":false},"excerpt":{"rendered":"<h3>Katteperler Imperial\/Ozami Exclusive Pearls 9L<\/h3>\n<p>Max 6 pr. ordre pga. fraktvekt.<\/p>","protected":false},"featured_media":5029,"comment_status":"open","ping_status":"closed","template":"","meta":{"_uf_show_specific_survey":0,"_uf_disable_surveys":false},"pwb-brand":[3927],"product_brand":[],"product_cat":[4000,665,676,667],"product_tag":[4821],"class_list":{"0":"post-4969","1":"product","2":"type-product","3":"status-publish","4":"has-post-thumbnail","6":"pwb-brand-imperial","7":"product_cat-imperial-sand-og-perler","8":"product_cat-katt","9":"product_cat-katteperler","10":"product_cat-toalettstro","11":"product_tag-khaleesi-feirer","13":"first","14":"instock","15":"taxable","16":"shipping-taxable","17":"purchasable","18":"product-type-simple"},"exclude_global_add_ons":[],"addons":[],"brands":[{"id":3927,"name":"Imperial","slug":"imperial"}],"_links":{"self":[{"href":"https:\/\/pim.fuglebutikken.no\/nb\/wp-json\/wp\/v2\/product\/4969","targetHints":{"allow":["GET"]}}],"collection":[{"href":"https:\/\/pim.fuglebutikken.no\/nb\/wp-json\/wp\/v2\/product"}],"about":[{"href":"https:\/\/pim.fuglebutikken.no\/nb\/wp-json\/wp\/v2\/types\/product"}],"replies":[{"embeddable":true,"href":"https:\/\/pim.fuglebutikken.no\/nb\/wp-json\/wp\/v2\/comments?post=4969"}],"wp:featuredmedia":[{"embeddable":true,"href":"https:\/\/pim.fuglebutikken.no\/nb\/wp-json\/wp\/v2\/media\/5029"}],"wp:attachment":[{"href":"https:\/\/pim.fuglebutikken.no\/nb\/wp-json\/wp\/v2\/media?parent=4969"}],"wp:term":[{"taxonomy":"pwb-brand","embeddable":true,"href":"https:\/\/pim.fuglebutikken.no\/nb\/wp-json\/wp\/v2\/pwb-brand?post=4969"},{"taxonomy":"product_brand","embeddable":true,"href":"https:\/\/pim.fuglebutikken.no\/nb\/wp-json\/wp\/v2\/product_brand?post=4969"},{"taxonomy":"product_cat","embeddable":true,"href":"https:\/\/pim.fuglebutikken.no\/nb\/wp-json\/wp\/v2\/product_cat?post=4969"},{"taxonomy":"product_tag","embeddable":true,"href":"https:\/\/pim.fuglebutikken.no\/nb\/wp-json\/wp\/v2\/product_tag?post=4969"}],"curies":[{"name":"wp","href":"https:\/\/api.w.org\/{rel}","templated":true}]}}