{"id":49082,"date":"2021-05-04T15:31:07","date_gmt":"2021-05-04T13:31:07","guid":{"rendered":"https:\/\/admin.fuglebutikker.kinsta.cloud\/?post_type=product&#038;p=49082"},"modified":"2023-08-11T05:33:14","modified_gmt":"2023-08-11T03:33:14","slug":"sjakkmonster-rod","status":"publish","type":"product","link":"https:\/\/pim.fuglebutikken.no\/nb\/produkt\/sjakkmonster-rod\/","title":{"rendered":"Sjakkm\u00f8nster R\u00f8d"},"content":{"rendered":"","protected":false},"excerpt":{"rendered":"<p>Sjakkm\u00f8nster r\u00f8d<\/p>","protected":false},"featured_media":49130,"comment_status":"open","ping_status":"closed","template":"","meta":{"_uf_show_specific_survey":0,"_uf_disable_surveys":false},"pwb-brand":[4537],"product_brand":[],"product_cat":[3772,4539,4528,4512,4540,4176],"product_tag":[3026],"class_list":{"0":"post-49082","1":"product","2":"type-product","3":"status-publish","4":"has-post-thumbnail","6":"pwb-brand-kule-sokker","7":"product_cat-dyreeier","8":"product_cat-fire-og-trekanter-kule-unisex-sokker-kule-sokker-2","9":"product_cat-kule-unisex-sokker","10":"product_cat-kule-sokker","11":"product_cat-sirkler-og-sjakk-kule-unisex-sokker-kule-sokker-2","12":"product_cat-sokker-fottoy","13":"product_tag-rod","15":"first","16":"instock","17":"taxable","18":"shipping-taxable","19":"purchasable","20":"product-type-simple"},"exclude_global_add_ons":[],"addons":[],"brands":[{"id":4537,"name":"Kule-Sokker","slug":"kule-sokker"}],"_links":{"self":[{"href":"https:\/\/pim.fuglebutikken.no\/nb\/wp-json\/wp\/v2\/product\/49082","targetHints":{"allow":["GET"]}}],"collection":[{"href":"https:\/\/pim.fuglebutikken.no\/nb\/wp-json\/wp\/v2\/product"}],"about":[{"href":"https:\/\/pim.fuglebutikken.no\/nb\/wp-json\/wp\/v2\/types\/product"}],"replies":[{"embeddable":true,"href":"https:\/\/pim.fuglebutikken.no\/nb\/wp-json\/wp\/v2\/comments?post=49082"}],"wp:featuredmedia":[{"embeddable":true,"href":"https:\/\/pim.fuglebutikken.no\/nb\/wp-json\/wp\/v2\/media\/49130"}],"wp:attachment":[{"href":"https:\/\/pim.fuglebutikken.no\/nb\/wp-json\/wp\/v2\/media?parent=49082"}],"wp:term":[{"taxonomy":"pwb-brand","embeddable":true,"href":"https:\/\/pim.fuglebutikken.no\/nb\/wp-json\/wp\/v2\/pwb-brand?post=49082"},{"taxonomy":"product_brand","embeddable":true,"href":"https:\/\/pim.fuglebutikken.no\/nb\/wp-json\/wp\/v2\/product_brand?post=49082"},{"taxonomy":"product_cat","embeddable":true,"href":"https:\/\/pim.fuglebutikken.no\/nb\/wp-json\/wp\/v2\/product_cat?post=49082"},{"taxonomy":"product_tag","embeddable":true,"href":"https:\/\/pim.fuglebutikken.no\/nb\/wp-json\/wp\/v2\/product_tag?post=49082"}],"curies":[{"name":"wp","href":"https:\/\/api.w.org\/{rel}","templated":true}]}}