{"id":4843,"date":"2020-03-01T16:27:17","date_gmt":"2020-03-01T15:27:17","guid":{"rendered":"https:\/\/274105-www.web.tornado-node.net\/product\/import-placeholder-for-2905\/"},"modified":"2024-03-25T08:43:34","modified_gmt":"2024-03-25T07:43:34","slug":"repashy-calcium-plus-hyd-85g","status":"publish","type":"product","link":"https:\/\/pim.fuglebutikken.no\/nb\/produkt\/repashy-calcium-plus-hyd-85g\/","title":{"rendered":"Repashy Calcium Plus HyD 85g"},"content":{"rendered":"<p>Hvordan bruke Kalsium Plus HyD?<\/p>\n<p>Bruk med hver insektf\u00f4ring. Plasser insekter i en plastpose eller beholder med Kalsium Plus HyD, og rist forsiktig til de er dekket i Kalsium Plus Lod. Gi insekter til dyrene dine kort tid etterp\u00e5.<\/p>\n<p>INGREDIENTS: Calcium Carbonate, Dried Kelp, Algae Meal, RoseHips, Calendula Flower, Marigold Flower, Paprika, Hibiscus Flower, Algae Meal, Turmeric, Rosemary Extract, Mixed Tocopherols (as preservative), Natural Fruit Flavor, Magnesium Amino Acid Chelate, Zinc Methionine Hydroxy Analogue Chelate, Manganese Methionine Hydroxy Analogue Chelate, Copper Methionine Hydroxy Analogue Chelate, Selenium Yeast, Potassium Iodide. Vitamins: (Vitamin A Supplement, Vitamin D Supplement, Choline Chloride, Calcium L-Ascorbyl-2-Polyphosphate, Vitamin E Supplement, Niacin, Beta Carotene, Pantothenic Acid, Riboflavin, Pyridoxine Hydrochloride, Thiamine Mononitrate, Folic Acid, Biotin, Vitamin B-12 Supplement, Menadione Sodium Bisulfite Complex).<\/p>\n<p>Guaranteed Analysis: Crude Protein min. .2%, Crude Fat min. .2%, Crude Fiber max. 4%, Moisture max. 8%, Ash max. 25%, Calcium min. 17%, Vitamin A min. 400\uabe0 IU\/lb, Vitamin D min. 40\uabe0 IU\/lb, Vitamin E min. 4\uabe0 IU\/lb.<\/p>","protected":false},"excerpt":{"rendered":"<p>Repashy Calcium Plus HyD 85g er Repashys klassiske calcium plus-formel, bare med en h\u00f8yere mengde vitamin D! Denne formelen er laget for dyr som har h\u00f8ye D-vitaminbehov, men er ikke utsatt for h\u00f8ye niv\u00e5er av sollys eller UVB-lys. Arter dette supplementet kan v\u00e6re hensiktsmessig for, er skjeggagam, pighaleagam, jemenkameleon og andre \u00f8rkenreptiler.<\/p>","protected":false},"featured_media":4873,"comment_status":"open","ping_status":"closed","template":"","meta":{"_uf_show_specific_survey":0,"_uf_disable_surveys":false},"pwb-brand":[3963],"product_brand":[],"product_cat":[448,440,423],"product_tag":[1537,1538,1539,1536],"class_list":{"0":"post-4843","1":"product","2":"type-product","3":"status-publish","4":"has-post-thumbnail","6":"pwb-brand-repashy","7":"product_cat-kosttilskudd-reptil","8":"product_cat-mat-og-kosttilskudd","9":"product_cat-reptil","10":"product_tag-kalsium","11":"product_tag-kosttilskudd","12":"product_tag-repashy","13":"product_tag-reptil","15":"first","16":"outofstock","17":"taxable","18":"shipping-taxable","19":"purchasable","20":"product-type-simple"},"exclude_global_add_ons":[],"addons":[],"brands":[{"id":3963,"name":"Repashy","slug":"repashy"}],"_links":{"self":[{"href":"https:\/\/pim.fuglebutikken.no\/nb\/wp-json\/wp\/v2\/product\/4843","targetHints":{"allow":["GET"]}}],"collection":[{"href":"https:\/\/pim.fuglebutikken.no\/nb\/wp-json\/wp\/v2\/product"}],"about":[{"href":"https:\/\/pim.fuglebutikken.no\/nb\/wp-json\/wp\/v2\/types\/product"}],"replies":[{"embeddable":true,"href":"https:\/\/pim.fuglebutikken.no\/nb\/wp-json\/wp\/v2\/comments?post=4843"}],"wp:featuredmedia":[{"embeddable":true,"href":"https:\/\/pim.fuglebutikken.no\/nb\/wp-json\/wp\/v2\/media\/4873"}],"wp:attachment":[{"href":"https:\/\/pim.fuglebutikken.no\/nb\/wp-json\/wp\/v2\/media?parent=4843"}],"wp:term":[{"taxonomy":"pwb-brand","embeddable":true,"href":"https:\/\/pim.fuglebutikken.no\/nb\/wp-json\/wp\/v2\/pwb-brand?post=4843"},{"taxonomy":"product_brand","embeddable":true,"href":"https:\/\/pim.fuglebutikken.no\/nb\/wp-json\/wp\/v2\/product_brand?post=4843"},{"taxonomy":"product_cat","embeddable":true,"href":"https:\/\/pim.fuglebutikken.no\/nb\/wp-json\/wp\/v2\/product_cat?post=4843"},{"taxonomy":"product_tag","embeddable":true,"href":"https:\/\/pim.fuglebutikken.no\/nb\/wp-json\/wp\/v2\/product_tag?post=4843"}],"curies":[{"name":"wp","href":"https:\/\/api.w.org\/{rel}","templated":true}]}}