{"id":4758,"date":"2020-03-01T16:26:48","date_gmt":"2020-03-01T15:26:48","guid":{"rendered":"https:\/\/274105-www.web.tornado-node.net\/product\/import-placeholder-for-2762\/"},"modified":"2023-10-05T11:17:50","modified_gmt":"2023-10-05T09:17:50","slug":"grotte-dinosaur-egg-exoterra","status":"publish","type":"product","link":"https:\/\/pim.fuglebutikken.no\/nb\/produkt\/grotte-dinosaur-egg-exoterra\/","title":{"rendered":"Grotte Dinosaur Egg Exoterra"},"content":{"rendered":"<h2>Grotte Dinosaur Egg Exoterra<\/h2>\n<p>M\u00e5l: 23x23x18cm &#8211; produktst\u00f8rrelse ca. 16x16cm<\/p>\n<p>beskrivelse grotte dinosaur egg exoterra<br \/>\nDinosaurene\u00a0hersket p\u00e5\u00a0jorden i mer enn 140 millioner \u00e5r og regnes for \u00e5 v\u00e6re forfedrene til dagens reptiler. Exo Terra Dinosaur Eggs legger til en forhistorisk aksent til terrariet ditt og gir flere gjemmesteder med forskjellige\u00a0niv\u00e5er. Exo Terra Dinosaur Eggs gir et ly med flere innganger for enkel tilgang og lar deg lage et kj\u00f8lig, fuktig mikroklima i terrariet og\u00a0gir et trygt sted for dyrene \u00e5 kunne gjemme seg og sove, mens det fuktige mikroklimaet st\u00f8tter termo-regulering og hydrering.<\/p>","protected":false},"excerpt":{"rendered":"<h3>Grotte Dinosaur Egg Exoterra<\/h3>\n<ul>\n<li>Naturlig fossilt utseende<\/li>\n<li>Integreres i alle typer terrarier<\/li>\n<li>Gir et sikkert gjemmested<\/li>\n<li>Hjelper med \u00e5 forhindre stress<\/li>\n<li>Ideell for \u00e5 skape et fuktig mikroklima<\/li>\n<\/ul>\n<p>&nbsp;<\/p>","protected":false},"featured_media":4784,"comment_status":"open","ping_status":"closed","template":"","meta":{"_uf_show_specific_survey":0,"_uf_disable_surveys":false},"pwb-brand":[3912],"product_brand":[],"product_cat":[423,451,430],"product_tag":[6441],"class_list":{"0":"post-4758","1":"product","2":"type-product","3":"status-publish","4":"has-post-thumbnail","6":"pwb-brand-exoterra","7":"product_cat-reptil","8":"product_cat-grotter-huler","9":"product_cat-reptildekor","10":"product_tag-grottor-reptil","12":"first","13":"instock","14":"taxable","15":"shipping-taxable","16":"purchasable","17":"product-type-simple"},"exclude_global_add_ons":[],"addons":[],"brands":[{"id":3912,"name":"Exoterra","slug":"exoterra"}],"_links":{"self":[{"href":"https:\/\/pim.fuglebutikken.no\/nb\/wp-json\/wp\/v2\/product\/4758","targetHints":{"allow":["GET"]}}],"collection":[{"href":"https:\/\/pim.fuglebutikken.no\/nb\/wp-json\/wp\/v2\/product"}],"about":[{"href":"https:\/\/pim.fuglebutikken.no\/nb\/wp-json\/wp\/v2\/types\/product"}],"replies":[{"embeddable":true,"href":"https:\/\/pim.fuglebutikken.no\/nb\/wp-json\/wp\/v2\/comments?post=4758"}],"wp:featuredmedia":[{"embeddable":true,"href":"https:\/\/pim.fuglebutikken.no\/nb\/wp-json\/wp\/v2\/media\/4784"}],"wp:attachment":[{"href":"https:\/\/pim.fuglebutikken.no\/nb\/wp-json\/wp\/v2\/media?parent=4758"}],"wp:term":[{"taxonomy":"pwb-brand","embeddable":true,"href":"https:\/\/pim.fuglebutikken.no\/nb\/wp-json\/wp\/v2\/pwb-brand?post=4758"},{"taxonomy":"product_brand","embeddable":true,"href":"https:\/\/pim.fuglebutikken.no\/nb\/wp-json\/wp\/v2\/product_brand?post=4758"},{"taxonomy":"product_cat","embeddable":true,"href":"https:\/\/pim.fuglebutikken.no\/nb\/wp-json\/wp\/v2\/product_cat?post=4758"},{"taxonomy":"product_tag","embeddable":true,"href":"https:\/\/pim.fuglebutikken.no\/nb\/wp-json\/wp\/v2\/product_tag?post=4758"}],"curies":[{"name":"wp","href":"https:\/\/api.w.org\/{rel}","templated":true}]}}