{"id":4756,"date":"2020-03-01T16:26:48","date_gmt":"2020-03-01T15:26:48","guid":{"rendered":"https:\/\/274105-www.web.tornado-node.net\/product\/import-placeholder-for-2758\/"},"modified":"2023-10-05T11:09:05","modified_gmt":"2023-10-05T09:09:05","slug":"grotte-t-rex-kranium-exoterra","status":"publish","type":"product","link":"https:\/\/pim.fuglebutikken.no\/nb\/produkt\/grotte-t-rex-kranium-exoterra\/","title":{"rendered":"Grotte T Rex Kranium Exoterra"},"content":{"rendered":"<h2>Grotte T Rex Kranium Exoterra<\/h2>\n<p>Dinosaurene styrte jorden i mer enn 140 millioner \u00e5r og regnes for \u00e5 v\u00e6re forfedrene til dagens reptiler. dagens reptiler tyrannosaurus rex var en av de st\u00f8rste terrestriske kj\u00f8tteterne som noensinne har streife rundt jorden. Fossilhodeskaller funnet p\u00e5 arkeologiske steder viser ekstremt store tenner og store, vektreduserende hull.<\/p>\n<p>Exo Terra T-Rex Skull er ekstremt realistisk og legger til en forhistorisk aksent for enhver type terrarium; \u00d8rken, regnskog eller akvatisk. Denne fossilhodeskallen gir deg flere innganger for enkel tilgang og gir en ekstra dimensjon til terrariumoppsettet. Det fuktige mikroklimaet i Exo Terra T-Rex-skallen st\u00f8tter termo-regulering og hydrering.<\/p>","protected":false},"excerpt":{"rendered":"<h3>Grotte T Rex Kranium Exoterra<\/h3>\n<ul>\n<li id=\"tw-target-text\" class=\"tw-data-text tw-text-large XcVN5d tw-ta\" data-placeholder=\"Oversettelse\"><span class=\"Y2IQFc\" lang=\"no\">Legger til en forhistorisk aksent <\/span><\/li>\n<li class=\"tw-data-text tw-text-large XcVN5d tw-ta\" data-placeholder=\"Oversettelse\"><span class=\"Y2IQFc\" lang=\"no\">Integreres i alle typer terrarier <\/span><\/li>\n<li class=\"tw-data-text tw-text-large XcVN5d tw-ta\" data-placeholder=\"Oversettelse\"><span class=\"Y2IQFc\" lang=\"no\">Gir et sikkert gjemmested <\/span><\/li>\n<li class=\"tw-data-text tw-text-large XcVN5d tw-ta\" data-placeholder=\"Oversettelse\"><span class=\"Y2IQFc\" lang=\"no\">Hjelper med \u00e5 forhindre stress <\/span><\/li>\n<li class=\"tw-data-text tw-text-large XcVN5d tw-ta\" data-placeholder=\"Oversettelse\"><span class=\"Y2IQFc\" lang=\"no\">Ideell for \u00e5 skape et fuktig mikroklima<\/span><\/li>\n<\/ul>\n<p><img loading=\"lazy\" decoding=\"async\" class=\"alignnone size-full wp-image-64939\" src=\"https:\/\/fuglebutikken.no\/wp-content\/uploads\/2020\/03\/logo_conservation.gif\" alt=\"\" width=\"74\" height=\"67\" srcset=\"\/wp-content\/uploads\/2020\/03\/logo_conservation.gif 74w, \/wp-content\/uploads\/2020\/03\/logo_conservation-64x58.gif 64w\" sizes=\"auto, (max-width: 74px) 100vw, 74px\" \/><\/p>","protected":false},"featured_media":64938,"comment_status":"open","ping_status":"closed","template":"","meta":{"_uf_show_specific_survey":0,"_uf_disable_surveys":false},"pwb-brand":[3912],"product_brand":[],"product_cat":[430,451,423],"product_tag":[6441],"class_list":{"0":"post-4756","1":"product","2":"type-product","3":"status-publish","4":"has-post-thumbnail","6":"pwb-brand-exoterra","7":"product_cat-reptildekor","8":"product_cat-grotter-huler","9":"product_cat-reptil","10":"product_tag-grottor-reptil","12":"first","13":"instock","14":"taxable","15":"shipping-taxable","16":"purchasable","17":"product-type-simple"},"exclude_global_add_ons":[],"addons":[],"brands":[{"id":3912,"name":"Exoterra","slug":"exoterra"}],"_links":{"self":[{"href":"https:\/\/pim.fuglebutikken.no\/nb\/wp-json\/wp\/v2\/product\/4756","targetHints":{"allow":["GET"]}}],"collection":[{"href":"https:\/\/pim.fuglebutikken.no\/nb\/wp-json\/wp\/v2\/product"}],"about":[{"href":"https:\/\/pim.fuglebutikken.no\/nb\/wp-json\/wp\/v2\/types\/product"}],"replies":[{"embeddable":true,"href":"https:\/\/pim.fuglebutikken.no\/nb\/wp-json\/wp\/v2\/comments?post=4756"}],"wp:featuredmedia":[{"embeddable":true,"href":"https:\/\/pim.fuglebutikken.no\/nb\/wp-json\/wp\/v2\/media\/64938"}],"wp:attachment":[{"href":"https:\/\/pim.fuglebutikken.no\/nb\/wp-json\/wp\/v2\/media?parent=4756"}],"wp:term":[{"taxonomy":"pwb-brand","embeddable":true,"href":"https:\/\/pim.fuglebutikken.no\/nb\/wp-json\/wp\/v2\/pwb-brand?post=4756"},{"taxonomy":"product_brand","embeddable":true,"href":"https:\/\/pim.fuglebutikken.no\/nb\/wp-json\/wp\/v2\/product_brand?post=4756"},{"taxonomy":"product_cat","embeddable":true,"href":"https:\/\/pim.fuglebutikken.no\/nb\/wp-json\/wp\/v2\/product_cat?post=4756"},{"taxonomy":"product_tag","embeddable":true,"href":"https:\/\/pim.fuglebutikken.no\/nb\/wp-json\/wp\/v2\/product_tag?post=4756"}],"curies":[{"name":"wp","href":"https:\/\/api.w.org\/{rel}","templated":true}]}}