{"id":47198,"date":"2021-03-21T19:28:01","date_gmt":"2021-03-21T18:28:01","guid":{"rendered":"https:\/\/admin.fuglebutikker.kinsta.cloud\/?post_type=product&#038;p=47198"},"modified":"2023-07-07T09:39:01","modified_gmt":"2023-07-07T07:39:01","slug":"harfoner-karde-med-varmluft","status":"publish","type":"product","link":"https:\/\/pim.fuglebutikken.no\/nb\/produkt\/harfoner-karde-med-varmluft\/","title":{"rendered":"H\u00e5rf\u00f8ner-karde med varmluft"},"content":{"rendered":"<p><iframe loading=\"lazy\" title=\"2 in 1: F\u00f6hn und B\u00fcrste = Warmluftb\u00fcrste - F\u00fcr Hunde und Katzen geeignet\" width=\"800\" height=\"450\" src=\"https:\/\/www.youtube.com\/embed\/iT8eSdzV4E0?feature=oembed\" frameborder=\"0\" allow=\"accelerometer; autoplay; clipboard-write; encrypted-media; gyroscope; picture-in-picture; web-share\" referrerpolicy=\"strict-origin-when-cross-origin\" allowfullscreen><\/iframe><\/p>\n<p><strong>Advarsel!<\/strong><\/p>\n<ul>\n<li>Bruk ikke i v\u00e5trom.<\/li>\n<li>Dynk ikke i vann.<\/li>\n<li>Hold ventilene rene.<\/li>\n<\/ul>","protected":false},"excerpt":{"rendered":"<h3>H\u00e5rf\u00f8ner-karde med varmluft<\/h3>\n<p>Gj\u00f8r unna b\u00e5de t\u00f8rkingen og b\u00f8rstingen samtidig! Denne praktiske 2-i-1-h\u00e5rf\u00f8ner-b\u00f8rsten er b\u00e5de st\u00f8ysvak og effektiv. Vi har testet den selv!<\/p>\n<ul>\n<li>380 w<\/li>\n<li>2 varmeniv\u00e5er<\/li>\n<li>Glattl\u00f8pende og st\u00f8ysvak motor som ogs\u00e5 passer for sensitive kj\u00e6ledyr<\/li>\n<li>Karde som passer godt til forskjellige pelslengder<\/li>\n<li>Fungerer b\u00e5de som en liten h\u00e5rf\u00f8ner og b\u00f8rste<\/li>\n<li>2 meter ledning<\/li>\n<li>Beskyttet mot overoppheting<\/li>\n<li><\/li>\n<\/ul>","protected":false},"featured_media":47203,"comment_status":"closed","ping_status":"closed","template":"","meta":{"_uf_show_specific_survey":0,"_uf_disable_surveys":false},"pwb-brand":[],"product_brand":[],"product_cat":[729,1278,969,1007,730,724,727,665,1010,4290,1009,725,4329],"product_tag":[4821],"class_list":{"0":"post-47198","1":"product","2":"type-product","3":"status-publish","4":"has-post-thumbnail","6":"product_cat-borster","7":"product_cat-borster_kammer_karder","8":"product_cat-hund","9":"product_cat-hygiene-hund","10":"product_cat-hygiene","11":"product_cat-hygiene-og-pels","12":"product_cat-karder-og-div","13":"product_cat-katt","14":"product_cat-klippemaskin-og-foner","15":"product_cat-klippemaskiner-bord-foner","16":"product_cat-pelsverktoy-hund","17":"product_cat-pelsverktoy_katt","18":"product_cat-torkeredskaper","19":"product_tag-khaleesi-feirer","21":"first","22":"instock","23":"taxable","24":"shipping-taxable","25":"purchasable","26":"product-type-simple"},"exclude_global_add_ons":[],"addons":[],"brands":[],"_links":{"self":[{"href":"https:\/\/pim.fuglebutikken.no\/nb\/wp-json\/wp\/v2\/product\/47198","targetHints":{"allow":["GET"]}}],"collection":[{"href":"https:\/\/pim.fuglebutikken.no\/nb\/wp-json\/wp\/v2\/product"}],"about":[{"href":"https:\/\/pim.fuglebutikken.no\/nb\/wp-json\/wp\/v2\/types\/product"}],"replies":[{"embeddable":true,"href":"https:\/\/pim.fuglebutikken.no\/nb\/wp-json\/wp\/v2\/comments?post=47198"}],"wp:featuredmedia":[{"embeddable":true,"href":"https:\/\/pim.fuglebutikken.no\/nb\/wp-json\/wp\/v2\/media\/47203"}],"wp:attachment":[{"href":"https:\/\/pim.fuglebutikken.no\/nb\/wp-json\/wp\/v2\/media?parent=47198"}],"wp:term":[{"taxonomy":"pwb-brand","embeddable":true,"href":"https:\/\/pim.fuglebutikken.no\/nb\/wp-json\/wp\/v2\/pwb-brand?post=47198"},{"taxonomy":"product_brand","embeddable":true,"href":"https:\/\/pim.fuglebutikken.no\/nb\/wp-json\/wp\/v2\/product_brand?post=47198"},{"taxonomy":"product_cat","embeddable":true,"href":"https:\/\/pim.fuglebutikken.no\/nb\/wp-json\/wp\/v2\/product_cat?post=47198"},{"taxonomy":"product_tag","embeddable":true,"href":"https:\/\/pim.fuglebutikken.no\/nb\/wp-json\/wp\/v2\/product_tag?post=47198"}],"curies":[{"name":"wp","href":"https:\/\/api.w.org\/{rel}","templated":true}]}}