{"id":46260,"date":"2021-03-02T17:54:42","date_gmt":"2021-03-02T16:54:42","guid":{"rendered":"https:\/\/admin.fuglebutikker.kinsta.cloud\/?post_type=product&#038;p=46260"},"modified":"2023-02-10T15:54:24","modified_gmt":"2023-02-10T14:54:24","slug":"kloremobel-giraff","status":"publish","type":"product","link":"https:\/\/pim.fuglebutikken.no\/nb\/produkt\/kloremobel-giraff\/","title":{"rendered":"Klorem\u00f8bel Giraff"},"content":{"rendered":"<h2>Klorem\u00f8bel Giraff<\/h2>","protected":false},"excerpt":{"rendered":"<h3>Klorem\u00f8bel Giraff<\/h3>\n<p>Morsomt klorem\u00f8bel som ser ut som en Sjiraff<\/p>\n<ul>\n<li>M\u00e5l: <span class=\"bold FR\">50x35x103cm<\/span><\/li>\n<li>H\u00f8yde 103 cm<\/li>\n<li>Morsom og dekorativt klatrestativ og klorem\u00f8bel til katt utformet som en sjiraff p\u00e5 to bein.<\/li>\n<li>Sisaltau b\u00e5de p\u00e5 foter og hals for \u00e5 kvesse kl\u00f8r<\/li>\n<\/ul>","protected":false},"featured_media":46261,"comment_status":"closed","ping_status":"closed","template":"","meta":{"_uf_show_specific_survey":0,"_uf_disable_surveys":false},"pwb-brand":[4318],"product_brand":[],"product_cat":[665,2234,670],"product_tag":[3757,801,3865],"class_list":{"0":"post-46260","1":"product","2":"type-product","3":"status-publish","4":"has-post-thumbnail","6":"pwb-brand-kucheks","7":"product_cat-katt","8":"product_cat-kloremobel","9":"product_cat-klorebrett","10":"product_tag-klatretre","11":"product_tag-kloremobel","12":"product_tag-kloremobel-til-katt","14":"first","15":"instock","16":"taxable","17":"shipping-taxable","18":"purchasable","19":"product-type-simple"},"exclude_global_add_ons":[],"addons":[],"brands":[{"id":4318,"name":"K\u00fccheks","slug":"kucheks"}],"_links":{"self":[{"href":"https:\/\/pim.fuglebutikken.no\/nb\/wp-json\/wp\/v2\/product\/46260","targetHints":{"allow":["GET"]}}],"collection":[{"href":"https:\/\/pim.fuglebutikken.no\/nb\/wp-json\/wp\/v2\/product"}],"about":[{"href":"https:\/\/pim.fuglebutikken.no\/nb\/wp-json\/wp\/v2\/types\/product"}],"replies":[{"embeddable":true,"href":"https:\/\/pim.fuglebutikken.no\/nb\/wp-json\/wp\/v2\/comments?post=46260"}],"wp:featuredmedia":[{"embeddable":true,"href":"https:\/\/pim.fuglebutikken.no\/nb\/wp-json\/wp\/v2\/media\/46261"}],"wp:attachment":[{"href":"https:\/\/pim.fuglebutikken.no\/nb\/wp-json\/wp\/v2\/media?parent=46260"}],"wp:term":[{"taxonomy":"pwb-brand","embeddable":true,"href":"https:\/\/pim.fuglebutikken.no\/nb\/wp-json\/wp\/v2\/pwb-brand?post=46260"},{"taxonomy":"product_brand","embeddable":true,"href":"https:\/\/pim.fuglebutikken.no\/nb\/wp-json\/wp\/v2\/product_brand?post=46260"},{"taxonomy":"product_cat","embeddable":true,"href":"https:\/\/pim.fuglebutikken.no\/nb\/wp-json\/wp\/v2\/product_cat?post=46260"},{"taxonomy":"product_tag","embeddable":true,"href":"https:\/\/pim.fuglebutikken.no\/nb\/wp-json\/wp\/v2\/product_tag?post=46260"}],"curies":[{"name":"wp","href":"https:\/\/api.w.org\/{rel}","templated":true}]}}