{"id":44768,"date":"2021-02-02T04:45:48","date_gmt":"2021-02-02T03:45:48","guid":{"rendered":"https:\/\/admin.fuglebutikker.kinsta.cloud\/?post_type=product&#038;p=44768"},"modified":"2024-02-23T08:37:28","modified_gmt":"2024-02-23T07:37:28","slug":"kostka-raptor-max-dog","status":"publish","type":"product","link":"https:\/\/pim.fuglebutikken.no\/nb\/produkt\/kostka-raptor-max-dog\/","title":{"rendered":"KOSTKA RAPTOR Max Dog"},"content":{"rendered":"<h2>KOSTKA RAPTOR Max Dog<\/h2>\n<p>KOSTKA RAPTOR Max Dog er et nytt r\u00e5skinn av en sparkesykkel fra KOSTKA og fungerer like bra enten du skal sparke selv, kj\u00f8re Down hill, eller bruke den til hundekj\u00f8ring.<br \/>\nEgner seg like godt p\u00e5 veg, i terreng og p\u00e5 sn\u00f8. Best egnet for 2 eller flere hunder.<br \/>\nSykkelen er utstyrt med \u00abtop of the line\u00bb komponenter fra anerkjente leverand\u00f8rer.<\/p>\n<div class=\"col-3\">\n<h3>Grunnleggende spesifikasjoner<\/h3>\n<table style=\"height: 257px;\" width=\"1025\">\n<tbody>\n<tr>\n<td>H\u00f8yde<\/td>\n<td>940 mm<\/td>\n<\/tr>\n<tr>\n<td>Lengde<\/td>\n<td>1680 mm<\/td>\n<\/tr>\n<tr>\n<td>Vekt<\/td>\n<td>13,6 kg<\/td>\n<\/tr>\n<tr>\n<td>Lastekapasitet p\u00e5 ramme<\/td>\n<td>150 kg<\/td>\n<\/tr>\n<tr>\n<td>Fremhjulst\u00f8rrelse<\/td>\n<td>20\u2033<\/td>\n<\/tr>\n<tr>\n<td>Bakhjul st\u00f8rrelse<\/td>\n<td>20\u2033<\/td>\n<\/tr>\n<tr>\n<td>Frih\u00f8yde under fotbrettet<\/td>\n<td>100 \u2013 125 mm<\/td>\n<\/tr>\n<tr>\n<td>Fotbrett lengde<\/td>\n<td>420 mm<\/td>\n<\/tr>\n<tr>\n<td>Akselavstand<\/td>\n<td>1030 mm<\/td>\n<\/tr>\n<tr>\n<td>Bredde p\u00e5 styre<\/td>\n<td>740 mm<\/td>\n<\/tr>\n<\/tbody>\n<\/table>\n<\/div>\n<div class=\"col-3\">\n<h3>Utstyr<\/h3>\n<table style=\"height: 326px;\" width=\"1015\">\n<tbody>\n<tr>\n<td>Bremser<\/td>\n<td>SHIMANO m615<\/td>\n<\/tr>\n<tr>\n<td>Hubs<\/td>\n<td>KOSTKA HK 1532 DS<\/td>\n<\/tr>\n<tr>\n<td>Dekk<\/td>\n<td>4\u2033 Fat<\/td>\n<\/tr>\n<tr>\n<td>Felger<\/td>\n<td>Wide<\/td>\n<\/tr>\n<tr>\n<td>Stem<\/td>\n<td>Force Basic 70 mm \u2013 31,8 mm<\/td>\n<\/tr>\n<tr>\n<td>Handlebars<\/td>\n<td>Force MTB 740 mm \u2013 31,8 mm<\/td>\n<\/tr>\n<tr>\n<td>Front fork<\/td>\n<td>Rigid 20\u2033 \u2013 150 mm<\/td>\n<\/tr>\n<tr>\n<td>Bearings (Hubs)<\/td>\n<td>NTN Japan (Industrial)<\/td>\n<\/tr>\n<tr>\n<td>Headset<\/td>\n<td>KOSTKA HSK 2834<\/td>\n<\/tr>\n<tr>\n<td>Handlebar Grips<\/td>\n<td>Rubber \u2013 locking<\/td>\n<\/tr>\n<tr>\n<td>Spokes<\/td>\n<td>Stainless steel<\/td>\n<\/tr>\n<tr>\n<td>Tubes<\/td>\n<td>Auto<\/td>\n<\/tr>\n<tr>\n<td>Axel<\/td>\n<td>12\u2033<\/td>\n<\/tr>\n<\/tbody>\n<\/table>\n<\/div>\n<p>&nbsp;<\/p>\n<p>Enten du\u00a0sparker selv eller\u00a0er ute p\u00e5 tur\u00a0sammen med hunden din, kan du v\u00e6re sikker p\u00e5 at du vil oppleve mye uforglemmelig moro.<\/p>\n<p>KOSTKA RAPTOR Max Dog kommer i r\u00f8d farge.<\/p>\n<p>Prisen inkluderer frakt og mva.<br \/>\n(NB! Tillegg for sending til Svalbard. Ta kontakt for pris)<\/p>","protected":false},"excerpt":{"rendered":"<h3 class=\"product_title entry-title\">KOSTKA RAPTOR Max Dog<\/h3>\n<p>KOSTKA RAPTOR Max Dog \u2013 et r\u00e5skinn p\u00e5 vei, i skog og p\u00e5 sn\u00f8 med 20\u00d74.0 Fatbike dekk.<\/p>\n<p>Sykkelantenne og kj\u00f8restrikk f\u00f8lger med.<\/p>","protected":false},"featured_media":44769,"comment_status":"closed","ping_status":"closed","template":"","meta":{"_uf_show_specific_survey":0,"_uf_disable_surveys":false},"pwb-brand":[3935],"product_brand":[],"product_cat":[2886,3772,969,997],"product_tag":[],"class_list":{"0":"post-44768","1":"product","2":"type-product","3":"status-publish","4":"has-post-thumbnail","6":"pwb-brand-kostka-dogbike","7":"product_cat-sparkesykkel-dogbike","8":"product_cat-dyreeier","9":"product_cat-hund","10":"product_cat-tur-og-sykkel","12":"first","13":"outofstock","14":"taxable","15":"shipping-taxable","16":"purchasable","17":"product-type-simple"},"exclude_global_add_ons":[],"addons":[],"brands":[{"id":3935,"name":"Kostka Dogbike","slug":"kostka-dogbike"}],"_links":{"self":[{"href":"https:\/\/pim.fuglebutikken.no\/nb\/wp-json\/wp\/v2\/product\/44768","targetHints":{"allow":["GET"]}}],"collection":[{"href":"https:\/\/pim.fuglebutikken.no\/nb\/wp-json\/wp\/v2\/product"}],"about":[{"href":"https:\/\/pim.fuglebutikken.no\/nb\/wp-json\/wp\/v2\/types\/product"}],"replies":[{"embeddable":true,"href":"https:\/\/pim.fuglebutikken.no\/nb\/wp-json\/wp\/v2\/comments?post=44768"}],"wp:featuredmedia":[{"embeddable":true,"href":"https:\/\/pim.fuglebutikken.no\/nb\/wp-json\/wp\/v2\/media\/44769"}],"wp:attachment":[{"href":"https:\/\/pim.fuglebutikken.no\/nb\/wp-json\/wp\/v2\/media?parent=44768"}],"wp:term":[{"taxonomy":"pwb-brand","embeddable":true,"href":"https:\/\/pim.fuglebutikken.no\/nb\/wp-json\/wp\/v2\/pwb-brand?post=44768"},{"taxonomy":"product_brand","embeddable":true,"href":"https:\/\/pim.fuglebutikken.no\/nb\/wp-json\/wp\/v2\/product_brand?post=44768"},{"taxonomy":"product_cat","embeddable":true,"href":"https:\/\/pim.fuglebutikken.no\/nb\/wp-json\/wp\/v2\/product_cat?post=44768"},{"taxonomy":"product_tag","embeddable":true,"href":"https:\/\/pim.fuglebutikken.no\/nb\/wp-json\/wp\/v2\/product_tag?post=44768"}],"curies":[{"name":"wp","href":"https:\/\/api.w.org\/{rel}","templated":true}]}}