{"id":4379,"date":"2020-03-01T16:25:10","date_gmt":"2020-03-01T15:25:10","guid":{"rendered":"https:\/\/274105-www.web.tornado-node.net\/product\/import-placeholder-for-2351\/"},"modified":"2023-08-11T10:42:38","modified_gmt":"2023-08-11T08:42:38","slug":"slim-led-lighting-40-55cm","status":"publish","type":"product","link":"https:\/\/pim.fuglebutikken.no\/nb\/produkt\/slim-led-lighting-40-55cm\/","title":{"rendered":"Slim-LED armatur"},"content":{"rendered":"","protected":false},"excerpt":{"rendered":"<p>Slim-LED armatur kombinerer innovasjon med et funksjonelt design. Den uttrekkbare armen gj\u00f8r det mulig \u00e5 montere armaturen p\u00e5 et bredt utvalg av akvarier. Armaturen bruker den nye OF\u00b4X LED som i kombinasjon med 8K eller 10K lamper gjengir dyrene i et overlegen fullfargespekter.<\/p>\n<p>Det doble lyset gjenskaper forholdene for dagslys og m\u00e5neskinn for en mer naturlig dagsyklus. Utvidbar Super Bright LED, den nye generasjonen kompakt akvariumbelysning. kombinerer innovasjon med et funksjonelt design. Den uttrekkbare armen gj\u00f8r det mulig \u00e5 montere armaturen p\u00e5 et bredt utvalg av akvarier. Armaturen bruker den nye OF\u00b4X LED som i kombinasjon med 8K eller 10K lamper gjengir dyrene i et overlegen fullfargespekter. Det doble lyset gjenskaper forholdene for dagslys og m\u00e5neskinn for en mer naturlig dagsyklus. Utvidbar Super Bright LED, den nye generasjonen kompakt akvariumbelysning.<\/p>","protected":false},"featured_media":20210,"comment_status":"open","ping_status":"closed","template":"","meta":{"_uf_show_specific_survey":0,"_uf_disable_surveys":false},"pwb-brand":[],"product_brand":[],"product_cat":[268,3706,424,465],"product_tag":[2153],"class_list":{"0":"post-4379","1":"product","2":"type-product","3":"status-publish","4":"has-post-thumbnail","6":"product_cat-akvarium-lys-og-varme","7":"product_cat-led-belysning","8":"product_cat-lys-varme-reptil","9":"product_cat-varme-temperatur","10":"product_tag-led","12":"first","13":"instock","14":"taxable","15":"shipping-taxable","16":"purchasable","17":"product-type-variable","18":"has-default-attributes"},"exclude_global_add_ons":[],"addons":[],"brands":[],"_links":{"self":[{"href":"https:\/\/pim.fuglebutikken.no\/nb\/wp-json\/wp\/v2\/product\/4379","targetHints":{"allow":["GET"]}}],"collection":[{"href":"https:\/\/pim.fuglebutikken.no\/nb\/wp-json\/wp\/v2\/product"}],"about":[{"href":"https:\/\/pim.fuglebutikken.no\/nb\/wp-json\/wp\/v2\/types\/product"}],"replies":[{"embeddable":true,"href":"https:\/\/pim.fuglebutikken.no\/nb\/wp-json\/wp\/v2\/comments?post=4379"}],"wp:featuredmedia":[{"embeddable":true,"href":"https:\/\/pim.fuglebutikken.no\/nb\/wp-json\/wp\/v2\/media\/20210"}],"wp:attachment":[{"href":"https:\/\/pim.fuglebutikken.no\/nb\/wp-json\/wp\/v2\/media?parent=4379"}],"wp:term":[{"taxonomy":"pwb-brand","embeddable":true,"href":"https:\/\/pim.fuglebutikken.no\/nb\/wp-json\/wp\/v2\/pwb-brand?post=4379"},{"taxonomy":"product_brand","embeddable":true,"href":"https:\/\/pim.fuglebutikken.no\/nb\/wp-json\/wp\/v2\/product_brand?post=4379"},{"taxonomy":"product_cat","embeddable":true,"href":"https:\/\/pim.fuglebutikken.no\/nb\/wp-json\/wp\/v2\/product_cat?post=4379"},{"taxonomy":"product_tag","embeddable":true,"href":"https:\/\/pim.fuglebutikken.no\/nb\/wp-json\/wp\/v2\/product_tag?post=4379"}],"curies":[{"name":"wp","href":"https:\/\/api.w.org\/{rel}","templated":true}]}}