{"id":4157,"date":"2020-03-01T16:24:10","date_gmt":"2020-03-01T15:24:10","guid":{"rendered":"https:\/\/274105-www.web.tornado-node.net\/product\/import-placeholder-for-1812\/"},"modified":"2022-12-17T14:27:29","modified_gmt":"2022-12-17T13:27:29","slug":"sun-glo-halogen-75w-exoterra-r25-e27","status":"publish","type":"product","link":"https:\/\/pim.fuglebutikken.no\/nb\/produkt\/sun-glo-halogen-75w-exoterra-r25-e27\/","title":{"rendered":"Sun-Glo Halogen 75W Exoterra R25 E27"},"content":{"rendered":"<p><span lang=\"no\">Halogenp\u00e6rer er faktisk en avansert variant av gl\u00f8dep\u00e6reteknologi. En av de viktigste faktorene som forkorter en gl\u00f8dep\u00e6res levetid, er fordampningen av wolfram i p\u00e6ren. <\/span><\/p>\n<p><span lang=\"no\">Ved \u00e5 tilsette en spormengde av en halogengass (metylbromid) inne i p\u00e6ren, fjerner en kjemisk reaksjon wolfram fra glassveggen og legger den tilbake p\u00e5 gl\u00f8detr\u00e5den, noe som forlenger levetiden til p\u00e6ren. <\/span><\/p>\n<p><span lang=\"no\">De h\u00f8yere temperaturene p\u00e5 halogenbelysning bidrar til et hvitere lys, h\u00f8yere lysutbytte og st\u00f8rre effektivitet.<\/span><\/p>","protected":false},"excerpt":{"rendered":"<p>Sun-Glo Halogen 75W Exoterra R25 E27<\/p>\n<ul>\n<li id=\"tw-target-text\" class=\"tw-data-text tw-text-large XcVN5d tw-ta\" data-placeholder=\"Oversettelse\"><span lang=\"no\">Sv\u00e6rt energieffektiv bredspektret dagslysp\u00e6re <\/span><\/li>\n<li class=\"tw-data-text tw-text-large XcVN5d tw-ta\" data-placeholder=\"Oversettelse\"><span lang=\"no\">Optimaliserer varmeinntrengning gjennom \u00f8kte infrar\u00f8de niv\u00e5er <\/span><\/li>\n<li class=\"tw-data-text tw-text-large XcVN5d tw-ta\" data-placeholder=\"Oversettelse\"><span lang=\"no\">Beriker fargen gjennom Neodymium <\/span><\/li>\n<li class=\"tw-data-text tw-text-large XcVN5d tw-ta\" data-placeholder=\"Oversettelse\"><span lang=\"no\">Stimulerer avlsatferd og fysiologisk velv\u00e6re gjennom UVA-str\u00e5ler <\/span><\/li>\n<li class=\"tw-data-text tw-text-large XcVN5d tw-ta\" data-placeholder=\"Oversettelse\"><span lang=\"no\">Kan kombineres med nattvarmelampe eller infrar\u00f8d kurv for en 24-timers syklus<\/span><\/li>\n<\/ul>","protected":false},"featured_media":4184,"comment_status":"open","ping_status":"closed","template":"","meta":{"_uf_show_specific_survey":0,"_uf_disable_surveys":false},"pwb-brand":[3912],"product_brand":[],"product_cat":[424],"product_tag":[6437,6436],"class_list":{"0":"post-4157","1":"product","2":"type-product","3":"status-publish","4":"has-post-thumbnail","6":"pwb-brand-exoterra","7":"product_cat-lys-varme-reptil","8":"product_tag-spotlights-reptil","9":"product_tag-vrmelampor","11":"first","12":"instock","13":"taxable","14":"shipping-taxable","15":"purchasable","16":"product-type-simple"},"exclude_global_add_ons":[],"addons":[],"brands":[{"id":3912,"name":"Exoterra","slug":"exoterra"}],"_links":{"self":[{"href":"https:\/\/pim.fuglebutikken.no\/nb\/wp-json\/wp\/v2\/product\/4157","targetHints":{"allow":["GET"]}}],"collection":[{"href":"https:\/\/pim.fuglebutikken.no\/nb\/wp-json\/wp\/v2\/product"}],"about":[{"href":"https:\/\/pim.fuglebutikken.no\/nb\/wp-json\/wp\/v2\/types\/product"}],"replies":[{"embeddable":true,"href":"https:\/\/pim.fuglebutikken.no\/nb\/wp-json\/wp\/v2\/comments?post=4157"}],"wp:featuredmedia":[{"embeddable":true,"href":"https:\/\/pim.fuglebutikken.no\/nb\/wp-json\/wp\/v2\/media\/4184"}],"wp:attachment":[{"href":"https:\/\/pim.fuglebutikken.no\/nb\/wp-json\/wp\/v2\/media?parent=4157"}],"wp:term":[{"taxonomy":"pwb-brand","embeddable":true,"href":"https:\/\/pim.fuglebutikken.no\/nb\/wp-json\/wp\/v2\/pwb-brand?post=4157"},{"taxonomy":"product_brand","embeddable":true,"href":"https:\/\/pim.fuglebutikken.no\/nb\/wp-json\/wp\/v2\/product_brand?post=4157"},{"taxonomy":"product_cat","embeddable":true,"href":"https:\/\/pim.fuglebutikken.no\/nb\/wp-json\/wp\/v2\/product_cat?post=4157"},{"taxonomy":"product_tag","embeddable":true,"href":"https:\/\/pim.fuglebutikken.no\/nb\/wp-json\/wp\/v2\/product_tag?post=4157"}],"curies":[{"name":"wp","href":"https:\/\/api.w.org\/{rel}","templated":true}]}}