{"id":40023,"date":"2021-01-09T01:11:28","date_gmt":"2021-01-09T00:11:28","guid":{"rendered":"https:\/\/admin.fuglebutikker.kinsta.cloud\/?post_type=product&#038;p=40023"},"modified":"2023-09-06T18:59:31","modified_gmt":"2023-09-06T16:59:31","slug":"tispetruse-lopetidstruse-simple-solution-vaskbar","status":"publish","type":"product","link":"https:\/\/pim.fuglebutikken.no\/nb\/produkt\/tispetruse-lopetidstruse-simple-solution-vaskbar\/","title":{"rendered":"Tispetruse, l\u00f8petidstruse Simple Solution, vaskbar"},"content":{"rendered":"","protected":false},"excerpt":{"rendered":"<p>Tispetruse, l\u00f8petidstruse Simple Solution, vaskbar med innlegg<\/p>\n<p>Tispetruse, l\u00f8petidstruse Simple Solution, vaskbar er en bleie for hunder til bruk f.eks. under l\u00f8petid eller til eldre eller syke hunder som har vanskelig for \u00e5 holde seg. Det veldig absorberende materialet holder p\u00e5 v\u00e6ske. Simple Solution bleier er lette \u00e5 vaske og jo flere ganger bleien vaskes, desto mykere og mer absorberende blir den. Justerbar borrel\u00e5slukking p\u00e5 baksiden bidrar til \u00e5 holde bleien p\u00e5 plass. Lett mikrofibermateriale som b\u00f8r h\u00e5nd-vaskes i varmt vann, kan t\u00f8rkes i trommel. M\u00e5l hundens midje og velg st\u00f8rrelse fra tabellen nedenfor. G\u00e5 gjerne opp en st\u00f8rrelse for hannhunder.<\/p>\n<p>St\u00f8rrelsestabell<\/p>\n<table border=\"1\" cellspacing=\"1\" cellpadding=\"1\">\n<tbody>\n<tr>\n<td><\/td>\n<td><\/td>\n<td><\/td>\n<td><\/td>\n<\/tr>\n<tr>\n<td>St\u00f8rrelse<\/td>\n<td>Rase Kun veiledning<\/td>\n<td>Vekt<\/td>\n<td>Midjem\u00e5l<\/td>\n<\/tr>\n<tr>\n<td>XS<\/td>\n<td>Chihuahua. Pomeranian<\/td>\n<td>2-4kg<\/td>\n<td>22-35cm<\/td>\n<\/tr>\n<tr>\n<td>S<\/td>\n<td>Bichon, Dv. puddel<\/td>\n<td>4-7kg<\/td>\n<td>30-48cm<\/td>\n<\/tr>\n<tr>\n<td>M<\/td>\n<td>Beagle, cocker spaniel<\/td>\n<td>7-16kg<\/td>\n<td>38-58cm<\/td>\n<\/tr>\n<tr>\n<td>L<\/td>\n<td>Setter<\/td>\n<td>16-25kg<\/td>\n<td>45-68cm<\/td>\n<\/tr>\n<tr>\n<td>XL<\/td>\n<td>Sch\u00e4fer, dalmatiner<\/td>\n<td>25-40kg<\/td>\n<td>56-89cm<\/td>\n<\/tr>\n<\/tbody>\n<\/table>","protected":false},"featured_media":40026,"comment_status":"closed","ping_status":"closed","template":"","meta":{"_uf_show_specific_survey":0,"_uf_disable_surveys":false},"pwb-brand":[4009],"product_brand":[],"product_cat":[1007,1044,969,4021,4044],"product_tag":[978],"class_list":{"0":"post-40023","1":"product","2":"type-product","3":"status-publish","4":"has-post-thumbnail","6":"pwb-brand-simple-solution","7":"product_cat-hygiene-hund","8":"product_cat-avvisning-og-urinfjerning-hygiene-hund","9":"product_cat-hund","10":"product_cat-simple-solution","11":"product_cat-truse-og-tissetepper","12":"product_tag-lopetid","14":"first","15":"instock","16":"taxable","17":"shipping-taxable","18":"purchasable","19":"product-type-variable","20":"has-default-attributes"},"exclude_global_add_ons":[],"addons":[],"brands":[{"id":4009,"name":"Simple Solution","slug":"simple-solution"}],"_links":{"self":[{"href":"https:\/\/pim.fuglebutikken.no\/nb\/wp-json\/wp\/v2\/product\/40023","targetHints":{"allow":["GET"]}}],"collection":[{"href":"https:\/\/pim.fuglebutikken.no\/nb\/wp-json\/wp\/v2\/product"}],"about":[{"href":"https:\/\/pim.fuglebutikken.no\/nb\/wp-json\/wp\/v2\/types\/product"}],"replies":[{"embeddable":true,"href":"https:\/\/pim.fuglebutikken.no\/nb\/wp-json\/wp\/v2\/comments?post=40023"}],"wp:featuredmedia":[{"embeddable":true,"href":"https:\/\/pim.fuglebutikken.no\/nb\/wp-json\/wp\/v2\/media\/40026"}],"wp:attachment":[{"href":"https:\/\/pim.fuglebutikken.no\/nb\/wp-json\/wp\/v2\/media?parent=40023"}],"wp:term":[{"taxonomy":"pwb-brand","embeddable":true,"href":"https:\/\/pim.fuglebutikken.no\/nb\/wp-json\/wp\/v2\/pwb-brand?post=40023"},{"taxonomy":"product_brand","embeddable":true,"href":"https:\/\/pim.fuglebutikken.no\/nb\/wp-json\/wp\/v2\/product_brand?post=40023"},{"taxonomy":"product_cat","embeddable":true,"href":"https:\/\/pim.fuglebutikken.no\/nb\/wp-json\/wp\/v2\/product_cat?post=40023"},{"taxonomy":"product_tag","embeddable":true,"href":"https:\/\/pim.fuglebutikken.no\/nb\/wp-json\/wp\/v2\/product_tag?post=40023"}],"curies":[{"name":"wp","href":"https:\/\/api.w.org\/{rel}","templated":true}]}}