{"id":3921,"date":"2020-03-01T16:22:59","date_gmt":"2020-03-01T15:22:59","guid":{"rendered":"https:\/\/274105-www.web.tornado-node.net\/product\/import-placeholder-for-1381\/"},"modified":"2023-10-17T12:38:46","modified_gmt":"2023-10-17T10:38:46","slug":"varmelampe-arcadia-o14cm-aluminium-e27-max-80w","status":"publish","type":"product","link":"https:\/\/pim.fuglebutikken.no\/nb\/produkt\/varmelampe-arcadia-o14cm-aluminium-e27-max-80w\/","title":{"rendered":"P\u00e6reholder Arcadia \u00d814cm Aluminium E27 Max 80W"},"content":{"rendered":"","protected":false},"excerpt":{"rendered":"<p>P\u00e6reholder Arcadia \u00d814cm Aluminium E27 Max 80W<\/p>","protected":false},"featured_media":3955,"comment_status":"open","ping_status":"closed","template":"","meta":{"_uf_show_specific_survey":0,"_uf_disable_surveys":false},"pwb-brand":[3839],"product_brand":[],"product_cat":[423,436,18,16,31,424],"product_tag":[6439,6438],"class_list":{"0":"post-3921","1":"product","2":"type-product","3":"status-publish","4":"has-post-thumbnail","6":"pwb-brand-arcadia","7":"product_cat-reptil","8":"product_cat-armatur-paereholder","9":"product_cat-bur-tilbehor","10":"product_cat-fugl","11":"product_cat-lys-varme-fugl","12":"product_cat-lys-varme-reptil","13":"product_tag-eltillbehr-reptil","14":"product_tag-lamphllare","16":"first","17":"instock","18":"taxable","19":"shipping-taxable","20":"purchasable","21":"product-type-simple"},"exclude_global_add_ons":[],"addons":[],"brands":[{"id":3839,"name":"Arcadia","slug":"arcadia"}],"_links":{"self":[{"href":"https:\/\/pim.fuglebutikken.no\/nb\/wp-json\/wp\/v2\/product\/3921","targetHints":{"allow":["GET"]}}],"collection":[{"href":"https:\/\/pim.fuglebutikken.no\/nb\/wp-json\/wp\/v2\/product"}],"about":[{"href":"https:\/\/pim.fuglebutikken.no\/nb\/wp-json\/wp\/v2\/types\/product"}],"replies":[{"embeddable":true,"href":"https:\/\/pim.fuglebutikken.no\/nb\/wp-json\/wp\/v2\/comments?post=3921"}],"wp:featuredmedia":[{"embeddable":true,"href":"https:\/\/pim.fuglebutikken.no\/nb\/wp-json\/wp\/v2\/media\/3955"}],"wp:attachment":[{"href":"https:\/\/pim.fuglebutikken.no\/nb\/wp-json\/wp\/v2\/media?parent=3921"}],"wp:term":[{"taxonomy":"pwb-brand","embeddable":true,"href":"https:\/\/pim.fuglebutikken.no\/nb\/wp-json\/wp\/v2\/pwb-brand?post=3921"},{"taxonomy":"product_brand","embeddable":true,"href":"https:\/\/pim.fuglebutikken.no\/nb\/wp-json\/wp\/v2\/product_brand?post=3921"},{"taxonomy":"product_cat","embeddable":true,"href":"https:\/\/pim.fuglebutikken.no\/nb\/wp-json\/wp\/v2\/product_cat?post=3921"},{"taxonomy":"product_tag","embeddable":true,"href":"https:\/\/pim.fuglebutikken.no\/nb\/wp-json\/wp\/v2\/product_tag?post=3921"}],"curies":[{"name":"wp","href":"https:\/\/api.w.org\/{rel}","templated":true}]}}