{"id":36609,"date":"2020-12-08T10:23:56","date_gmt":"2020-12-08T09:23:56","guid":{"rendered":"https:\/\/admin.fuglebutikker.kinsta.cloud\/?post_type=product&#038;p=36609"},"modified":"2023-09-14T22:23:11","modified_gmt":"2023-09-14T20:23:11","slug":"kloremobel-pet-rebels-denver","status":"publish","type":"product","link":"https:\/\/pim.fuglebutikken.no\/nb\/produkt\/kloremobel-pet-rebels-denver\/","title":{"rendered":"Klorem\u00f8bel Pet Rebels Denver"},"content":{"rendered":"<h2>Klorem\u00f8bel Pet Rebels Denver, h 50 cm<\/h2>\n<p>&#8220;Functional and beautiful. The\u00a0<strong>Denver 50<\/strong>\u00a0is a combination of an easy chair with opportunities of daily scratching needs. A velvety soft plush provides a wonderful moment of resting and the sturdy scratching mat for playful scratching.\u00a0<strong>Denver 50<\/strong> is truly a design object that will look fantastic in every living room.&#8221;<\/p>\n<h2>Mer informasjon om klorem\u00f8belet Pet Rebels Denver<\/h2>\n<p><a href=\"https:\/\/www.petrebels.com\/en\/cat-tree-denver-50?id=1014\" target=\"_blank\" rel=\"noopener noreferrer\"><strong>Les mer om kattem\u00f8belet her.<\/strong><\/a><\/p>\n<p>&nbsp;<\/p>\n<p><iframe loading=\"lazy\" title=\"LITTLE REBELS - Denver 50 - Petrebels\" width=\"800\" height=\"450\" src=\"https:\/\/www.youtube.com\/embed\/F2VkdQtwK0M?feature=oembed\" frameborder=\"0\" allow=\"accelerometer; autoplay; clipboard-write; encrypted-media; gyroscope; picture-in-picture; web-share\" referrerpolicy=\"strict-origin-when-cross-origin\" allowfullscreen><\/iframe><\/p>","protected":false},"excerpt":{"rendered":"<h3>Klorem\u00f8bel Pet Rebels Denver, h 50 cm<\/h3>\n<p>Klorem\u00f8belet Denver fra Pet Rebels er et moderne og lite plasskrevende kattem\u00f8bel som passer perfekt i mindre leiligheter eller som supplement til flere kattem\u00f8bler! Farge: krem.<\/p>\n<ul>\n<li>Farger \u2013 kremplysj og naturlig sisal<\/li>\n<li>M\u00e5l \u2013 lengde 43 cm, bredde 40 cm og h\u00f8yde 50 cm<\/li>\n<li>Kattekurv og skrapestolpe i ett<\/li>\n<li>robust men liten, s\u00e5 kan plasseres hvor som helst i huset<\/li>\n<li>passer til de naturlige fargene i ethvert interi\u00f8r<\/li>\n<\/ul>","protected":false},"featured_media":36610,"comment_status":"closed","ping_status":"closed","template":"","meta":{"_uf_show_specific_survey":0,"_uf_disable_surveys":false},"pwb-brand":[3956],"product_brand":[],"product_cat":[665,1591,2234,670],"product_tag":[3768,801,3865],"class_list":{"0":"post-36609","1":"product","2":"type-product","3":"status-publish","4":"has-post-thumbnail","6":"pwb-brand-petrebels","7":"product_cat-katt","8":"product_cat-kattetarn-og-sitteplass","9":"product_cat-kloremobel","10":"product_cat-klorebrett","11":"product_tag-kattemobel","12":"product_tag-kloremobel","13":"product_tag-kloremobel-til-katt","15":"first","16":"instock","17":"taxable","18":"shipping-taxable","19":"purchasable","20":"product-type-simple"},"exclude_global_add_ons":[],"addons":[],"brands":[{"id":3956,"name":"PetRebels","slug":"petrebels"}],"_links":{"self":[{"href":"https:\/\/pim.fuglebutikken.no\/nb\/wp-json\/wp\/v2\/product\/36609","targetHints":{"allow":["GET"]}}],"collection":[{"href":"https:\/\/pim.fuglebutikken.no\/nb\/wp-json\/wp\/v2\/product"}],"about":[{"href":"https:\/\/pim.fuglebutikken.no\/nb\/wp-json\/wp\/v2\/types\/product"}],"replies":[{"embeddable":true,"href":"https:\/\/pim.fuglebutikken.no\/nb\/wp-json\/wp\/v2\/comments?post=36609"}],"wp:featuredmedia":[{"embeddable":true,"href":"https:\/\/pim.fuglebutikken.no\/nb\/wp-json\/wp\/v2\/media\/36610"}],"wp:attachment":[{"href":"https:\/\/pim.fuglebutikken.no\/nb\/wp-json\/wp\/v2\/media?parent=36609"}],"wp:term":[{"taxonomy":"pwb-brand","embeddable":true,"href":"https:\/\/pim.fuglebutikken.no\/nb\/wp-json\/wp\/v2\/pwb-brand?post=36609"},{"taxonomy":"product_brand","embeddable":true,"href":"https:\/\/pim.fuglebutikken.no\/nb\/wp-json\/wp\/v2\/product_brand?post=36609"},{"taxonomy":"product_cat","embeddable":true,"href":"https:\/\/pim.fuglebutikken.no\/nb\/wp-json\/wp\/v2\/product_cat?post=36609"},{"taxonomy":"product_tag","embeddable":true,"href":"https:\/\/pim.fuglebutikken.no\/nb\/wp-json\/wp\/v2\/product_tag?post=36609"}],"curies":[{"name":"wp","href":"https:\/\/api.w.org\/{rel}","templated":true}]}}