{"id":3593,"date":"2020-03-01T15:05:22","date_gmt":"2020-03-01T14:05:22","guid":{"rendered":"https:\/\/274105-www.web.tornado-node.net\/product\/import-placeholder-for-2059\/"},"modified":"2023-11-27T02:09:08","modified_gmt":"2023-11-27T01:09:08","slug":"luftsten","status":"publish","type":"product","link":"https:\/\/pim.fuglebutikken.no\/nb\/produkt\/luftsten\/","title":{"rendered":"Luftsten"},"content":{"rendered":"<h2>Luftsten<\/h2>","protected":false},"excerpt":{"rendered":"<h3>Luftsten<\/h3>\n<p>En luftstein, ogs\u00e5 kalt en akvariumbobler, tradisjonelt et stykke limewood eller por\u00f8s stein, hvis form\u00e5l er \u00e5 gradvis diffundere luft inn i tanken, eliminere st\u00f8y og store bobler fra konvensjonelle luftfiltreringssystemer, og gir andre fordeler for fiskens helse. Luftsteiner selges i et veldig bredt utvalg av former, st\u00f8rrelser og niv\u00e5er av grovhet &#8211; fra ekstremt grove, produserer st\u00f8rre bobler og slipper inn mer oksygen.<\/p>","protected":false},"featured_media":3615,"comment_status":"open","ping_status":"closed","template":"","meta":{"_uf_show_specific_survey":0,"_uf_disable_surveys":false},"pwb-brand":[],"product_brand":[],"product_cat":[5796,374,276],"product_tag":[],"class_list":{"0":"post-3593","1":"product","2":"type-product","3":"status-publish","4":"has-post-thumbnail","6":"product_cat-luftestein","7":"product_cat-luftpumpe","8":"product_cat-pumper-sirkulasjon","10":"first","11":"instock","12":"taxable","13":"shipping-taxable","14":"purchasable","15":"product-type-variable","16":"has-default-attributes"},"exclude_global_add_ons":[],"addons":[],"brands":[],"_links":{"self":[{"href":"https:\/\/pim.fuglebutikken.no\/nb\/wp-json\/wp\/v2\/product\/3593","targetHints":{"allow":["GET"]}}],"collection":[{"href":"https:\/\/pim.fuglebutikken.no\/nb\/wp-json\/wp\/v2\/product"}],"about":[{"href":"https:\/\/pim.fuglebutikken.no\/nb\/wp-json\/wp\/v2\/types\/product"}],"replies":[{"embeddable":true,"href":"https:\/\/pim.fuglebutikken.no\/nb\/wp-json\/wp\/v2\/comments?post=3593"}],"wp:featuredmedia":[{"embeddable":true,"href":"https:\/\/pim.fuglebutikken.no\/nb\/wp-json\/wp\/v2\/media\/3615"}],"wp:attachment":[{"href":"https:\/\/pim.fuglebutikken.no\/nb\/wp-json\/wp\/v2\/media?parent=3593"}],"wp:term":[{"taxonomy":"pwb-brand","embeddable":true,"href":"https:\/\/pim.fuglebutikken.no\/nb\/wp-json\/wp\/v2\/pwb-brand?post=3593"},{"taxonomy":"product_brand","embeddable":true,"href":"https:\/\/pim.fuglebutikken.no\/nb\/wp-json\/wp\/v2\/product_brand?post=3593"},{"taxonomy":"product_cat","embeddable":true,"href":"https:\/\/pim.fuglebutikken.no\/nb\/wp-json\/wp\/v2\/product_cat?post=3593"},{"taxonomy":"product_tag","embeddable":true,"href":"https:\/\/pim.fuglebutikken.no\/nb\/wp-json\/wp\/v2\/product_tag?post=3593"}],"curies":[{"name":"wp","href":"https:\/\/api.w.org\/{rel}","templated":true}]}}