{"id":35516,"date":"2020-10-31T19:49:04","date_gmt":"2020-10-31T18:49:04","guid":{"rendered":"https:\/\/admin.fuglebutikker.kinsta.cloud\/?post_type=product&#038;p=35516"},"modified":"2024-04-28T18:15:44","modified_gmt":"2024-04-28T16:15:44","slug":"beaphar-canicomfort-calming-collar-beroligende-feromoner","status":"publish","type":"product","link":"https:\/\/pim.fuglebutikken.no\/nb\/produkt\/beaphar-canicomfort-calming-collar-beroligende-feromoner\/","title":{"rendered":"Beaphar CaniComfort Calming Collar Beroligende Feromoner"},"content":{"rendered":"<h2>Beaphar CaniComfort Calming Collar &#8211; Beroligende halsb\u00e5nd feromoner<\/h2>\n<p><em>The\u00a0<b>Beaphar CaniComfort\u00ae Calming Collar<\/b>\u00a0is a simple and effective solution to reducing problem behaviour in dogs, such as barking, furniture destruction, urinary marking, excessive licking and scratching, or general feelings of anxiety.<\/em><\/p>\n<p><em><b>Beaphar CaniComfort\u00ae<\/b>\u00a0contains a copy of the naturally produced Dog Appeasing Pheromone, which is instantly recognisable to dogs. It is naturally produced by the bitch when she nurses her puppies. By using a copy of this pheromone in the\u00a0<b>Beaphar CaniComfort\u00ae Calming Collar<\/b>, it gives a continuous and reassuring message to help dogs feel at ease wherever they are. This can be incredibly valuable when bringing home a new dog, helping them settle quickly into their new routine.<\/em><\/p>\n<p><em>Once fitted, the collar works quickly and will start creating a calming effect around 15 minutes after application. The collar will be effective for up to four weeks, meaning it is ideal for helping to keep your dog calm when out and about, and is especially useful when travelling or spending time in kennels.<\/em><\/p>\n<p><em>The collar must be fitted at least 15 minutes before a potentially stressful situation. Your dog\u2019s body temperature will activate the collar, diffusing the pheromones into the air and creating a calming effect.<\/em><\/p>\n<p><em>Suitable for all breed of dogs.<\/em><\/p>\n<h2>How to use<\/h2>\n<p><em><b>ALWAYS FULLY READ THE PRODUCT PACKAGING BEFORE USE.<\/b><\/em><\/p>\n<p><em>Do not open the sachet until you are ready to use the collar.<\/em><\/p>\n<p><em>1. Fasten the collar around your dog&#8217;s neck, leaving enough room to insert two fingers between the collar and neck. Do not fit too tightly to prevent irritation, but do not fit too loosely or your dog may be able to get a foot or tooth under the collar and become caught up attempting to remove it.<\/em><br \/>\n<em>2. Once you have established the correct size for your dog, cut off any collar sticking out beyond the buckle and throw it in your dustbin.<\/em><br \/>\n<em>3. Remember to periodically check and loosen the collar if required.<\/em><\/p>\n<p><em>Ensure the\u00a0<b>Beaphar CaniComfort\u00ae Calming Collar\u00a0<\/b>is in contact with the skin, and not overlapping a normal collar or the calming effect may be reduced. The collar must be fitted at least 15 minutes before a potentially stressful situation. Remove the collar before bathing or exposure to heavy rain.<\/em><\/p>\n<p><strong><a href=\"https:\/\/www.beaphar.com\/en-gb\/product\/beaphar-canicomfort-calming-collar-adult\" target=\"_blank\" rel=\"noopener noreferrer\">Les mer om Beaphar&#8217;s produkter her.<\/a><\/strong><\/p>","protected":false},"excerpt":{"rendered":"<h3>Beaphar CaniComfort Calming Collar Beroligende Feromoner<\/h3>\n<p>Beaphar CaniComfort Calming Collar er et halsb\u00e5nd med et virkestoff som etterligner det beroligende feromonet som tispen produserer n\u00e5r valpene dier for \u00e5 berolige dem og formidle at her er det trygt \u00e5 v\u00e6re. Halsb\u00e5ndet kan bidra til \u00e5 berolige hunden i situasjoner den kan oppleve som stressende som for eksempel veterin\u00e6rbes\u00f8k, reiser og ved fyrverkeri. CaniComfort Calming Collar beroliger uten \u00e5 sl\u00f8ve hunden.<\/p>\n<p>Kommer i to st\u00f8rrelser: 45 cm (til valper og sm\u00e5 hunder) og 65 cm (for middels til store hunder).<\/p>\n<p>Juster halsb\u00e5ndet til \u00e5 passe hunden og klipp enkelt av overskuddet med saks.<\/p>","protected":false},"featured_media":35523,"comment_status":"closed","ping_status":"closed","template":"","meta":{"_uf_show_specific_survey":0,"_uf_disable_surveys":false},"pwb-brand":[3850],"product_brand":[],"product_cat":[1464,969,1007,1279],"product_tag":[917,3533,3729,3133,3742,887,978],"class_list":{"0":"post-35516","1":"product","2":"type-product","3":"status-publish","4":"has-post-thumbnail","6":"pwb-brand-beaphar","7":"product_cat-hund-som-hobby","8":"product_cat-hund","9":"product_cat-hygiene-hund","10":"product_cat-stress-angst","11":"product_tag-beaphar","12":"product_tag-beroligende","13":"product_tag-calming","14":"product_tag-collar","15":"product_tag-feromoner","16":"product_tag-halsband","17":"product_tag-lopetid","19":"first","20":"outofstock","21":"taxable","22":"shipping-taxable","23":"purchasable","24":"product-type-variable","25":"has-default-attributes"},"exclude_global_add_ons":[],"addons":[],"brands":[{"id":3850,"name":"Beaphar","slug":"beaphar"}],"_links":{"self":[{"href":"https:\/\/pim.fuglebutikken.no\/nb\/wp-json\/wp\/v2\/product\/35516","targetHints":{"allow":["GET"]}}],"collection":[{"href":"https:\/\/pim.fuglebutikken.no\/nb\/wp-json\/wp\/v2\/product"}],"about":[{"href":"https:\/\/pim.fuglebutikken.no\/nb\/wp-json\/wp\/v2\/types\/product"}],"replies":[{"embeddable":true,"href":"https:\/\/pim.fuglebutikken.no\/nb\/wp-json\/wp\/v2\/comments?post=35516"}],"wp:featuredmedia":[{"embeddable":true,"href":"https:\/\/pim.fuglebutikken.no\/nb\/wp-json\/wp\/v2\/media\/35523"}],"wp:attachment":[{"href":"https:\/\/pim.fuglebutikken.no\/nb\/wp-json\/wp\/v2\/media?parent=35516"}],"wp:term":[{"taxonomy":"pwb-brand","embeddable":true,"href":"https:\/\/pim.fuglebutikken.no\/nb\/wp-json\/wp\/v2\/pwb-brand?post=35516"},{"taxonomy":"product_brand","embeddable":true,"href":"https:\/\/pim.fuglebutikken.no\/nb\/wp-json\/wp\/v2\/product_brand?post=35516"},{"taxonomy":"product_cat","embeddable":true,"href":"https:\/\/pim.fuglebutikken.no\/nb\/wp-json\/wp\/v2\/product_cat?post=35516"},{"taxonomy":"product_tag","embeddable":true,"href":"https:\/\/pim.fuglebutikken.no\/nb\/wp-json\/wp\/v2\/product_tag?post=35516"}],"curies":[{"name":"wp","href":"https:\/\/api.w.org\/{rel}","templated":true}]}}