{"id":35364,"date":"2020-10-28T21:14:34","date_gmt":"2020-10-28T20:14:34","guid":{"rendered":"https:\/\/admin.fuglebutikker.kinsta.cloud\/?post_type=product&#038;p=35364"},"modified":"2024-04-26T13:11:57","modified_gmt":"2024-04-26T11:11:57","slug":"eheim-powerled","status":"publish","type":"product","link":"https:\/\/pim.fuglebutikken.no\/nb\/produkt\/eheim-powerled\/","title":{"rendered":"Eheim PowerLED+ Fresh daylight"},"content":{"rendered":"<h2>Eheim PowerLED+ Fresh daylight<\/h2>\n<p>EHEIM PowerLED +<br \/>\n+ 30% energisparing (sammenligning: T5 = 85 lm \/ W, Power LED = 141 lm \/ W)<br \/>\n+ full dybdebelysning &#8211; selv i h\u00f8ye akvarier<br \/>\n+ gjennomsnittlig levetid&gt; 50000 timer (13-14 \u00e5r kl. 10 \/ dag)<br \/>\n+ h\u00f8ykvalitets solid aluminiumshus (anodisert) er vanntett til marine<br \/>\n+ gjengede hull i topphuset for \u00e5 feste skruer eller kroker p\u00e5 \u00f8nsket sted<br \/>\n+ trinnl\u00f8se utvidende braketter gj\u00f8r at lysene kan justeres til akvariebredden<br \/>\n+ wireoppheng (singel eller dobbelt) for \u00e5pne akvarier (ikke inkludert)<br \/>\n+ sv\u00e6rt effektive, intelligente str\u00f8mforsyningsenheter gir bare den faktiske effekten som trengs (24 V) &#8211; sparer energi<br \/>\n+ mulig tilkobling av flere lamper til en str\u00f8mforsyning med Y-adapter (ikke inkludert)<br \/>\n+ alle lysr\u00f8r kan byttes ut med riktig adapter<br \/>\n+ drift med EHEIM LED-kontroll (ikke inkludert)<\/p>\n<p><iframe loading=\"lazy\" title=\"EHEIM powerLED+ &amp; EHEIM LEDcontrol+ - Unboxing &amp; Installation\" width=\"800\" height=\"450\" src=\"https:\/\/www.youtube.com\/embed\/kSClJvEdxwM?feature=oembed&#038;enablejsapi=1&#038;origin=https:\/\/fuglebutikken.no\" frameborder=\"0\" allow=\"accelerometer; autoplay; clipboard-write; encrypted-media; gyroscope; picture-in-picture; web-share\" referrerpolicy=\"strict-origin-when-cross-origin\" allowfullscreen><\/iframe><\/p>","protected":false},"excerpt":{"rendered":"<h3>Eheim PowerLED+ Fresh daylight<\/h3>\n<p>EHEIM powerLED+ Fresh daylight er den nye generasjonen LED-belysning for hvert akvarium. Perfekt designet, individuelle lysbehov for dyr og planter i akvariet. Mer effektiv, langvarig og fleksibel enn noen annen teknologi. Kvalitet av EHEIM &#8211; produsert i Tyskland.<\/p>\n<p>tekniske data EHEIM powerLED+ fresh daylight:<br \/>\n+ sterkt dagslys (7000 K) med fullt sollysspektrum (fullt spektrum)<br \/>\n+ naturlig fargegjengivelse av fisk og planter<br \/>\n+ balansert bl\u00e5tt og \/ eller r\u00f8dt spektrum for god plantevekst<br \/>\n+ maksimal energieffektivitet (141 lm \/ W) og lysstyrke<br \/>\n+ kan kombineres med EHEIM PowerLED+ ferske planter<br \/>\n+ for drift av LED er en str\u00f8mforsyning n\u00f8dvendig (ikke inkludert)<\/p>","protected":false},"featured_media":35373,"comment_status":"closed","ping_status":"closed","template":"","meta":{"_uf_show_specific_survey":0,"_uf_disable_surveys":false},"pwb-brand":[3858],"product_brand":[],"product_cat":[3706,4092,268],"product_tag":[3070,2156,7252],"class_list":{"0":"post-35364","1":"product","2":"type-product","3":"status-publish","4":"has-post-thumbnail","6":"pwb-brand-eheim","7":"product_cat-led-belysning","8":"product_cat-akvaristikk","9":"product_cat-akvarium-lys-og-varme","10":"product_tag-akvariebelysning","11":"product_tag-led-lys","12":"product_tag-lysrorlamper","14":"first","15":"instock","16":"taxable","17":"shipping-taxable","18":"purchasable","19":"product-type-variable","20":"has-default-attributes"},"exclude_global_add_ons":[],"addons":[],"brands":[{"id":3858,"name":"Eheim","slug":"eheim"}],"_links":{"self":[{"href":"https:\/\/pim.fuglebutikken.no\/nb\/wp-json\/wp\/v2\/product\/35364","targetHints":{"allow":["GET"]}}],"collection":[{"href":"https:\/\/pim.fuglebutikken.no\/nb\/wp-json\/wp\/v2\/product"}],"about":[{"href":"https:\/\/pim.fuglebutikken.no\/nb\/wp-json\/wp\/v2\/types\/product"}],"replies":[{"embeddable":true,"href":"https:\/\/pim.fuglebutikken.no\/nb\/wp-json\/wp\/v2\/comments?post=35364"}],"wp:featuredmedia":[{"embeddable":true,"href":"https:\/\/pim.fuglebutikken.no\/nb\/wp-json\/wp\/v2\/media\/35373"}],"wp:attachment":[{"href":"https:\/\/pim.fuglebutikken.no\/nb\/wp-json\/wp\/v2\/media?parent=35364"}],"wp:term":[{"taxonomy":"pwb-brand","embeddable":true,"href":"https:\/\/pim.fuglebutikken.no\/nb\/wp-json\/wp\/v2\/pwb-brand?post=35364"},{"taxonomy":"product_brand","embeddable":true,"href":"https:\/\/pim.fuglebutikken.no\/nb\/wp-json\/wp\/v2\/product_brand?post=35364"},{"taxonomy":"product_cat","embeddable":true,"href":"https:\/\/pim.fuglebutikken.no\/nb\/wp-json\/wp\/v2\/product_cat?post=35364"},{"taxonomy":"product_tag","embeddable":true,"href":"https:\/\/pim.fuglebutikken.no\/nb\/wp-json\/wp\/v2\/product_tag?post=35364"}],"curies":[{"name":"wp","href":"https:\/\/api.w.org\/{rel}","templated":true}]}}