{"id":35349,"date":"2020-10-28T20:19:18","date_gmt":"2020-10-28T19:19:18","guid":{"rendered":"https:\/\/admin.fuglebutikker.kinsta.cloud\/?post_type=product&#038;p=35349"},"modified":"2023-08-08T21:58:00","modified_gmt":"2023-08-08T19:58:00","slug":"eheim-powerled-strom-adapter","status":"publish","type":"product","link":"https:\/\/pim.fuglebutikken.no\/nb\/produkt\/eheim-powerled-strom-adapter\/","title":{"rendered":"Eheim PowerLED+ str\u00f8m adapter"},"content":{"rendered":"<p>EHEIM sikkerhetsstr\u00f8mforsyning 24 V, energisparing, for drift av EHEIM PowerLED + -belysningene. Ikke egnet for EHEIM PowerLED! Ved hjelp av Y-kabelen er det mulighet for \u00e5 koble to lampe til en str\u00f8mforsyning. Velg \u00f8nsket str\u00f8mforsyning for LED-lampen. V\u00e6r oppmerksom p\u00e5 lysstyrken p\u00e5 LED-lampen. Ikke overbelast str\u00f8mforsyningen ved \u00e5 koble til LED-lamper med h\u00f8yere watt. Str\u00f8minngang: 110-240 V \/ 50-60 Hz<\/p>\n<p>EHEIM Str\u00f8mforsyning for PowerLED + 20 W.<br \/>\nEHEIM Str\u00f8mforsyning for PowerLED + 40 W.<br \/>\nEHEIM Str\u00f8mforsyning for PowerLED + 62 W.<br \/>\nEHEIM Str\u00f8mforsyning for PowerLED + 80 W.<br \/>\nEHEIM Str\u00f8mforsyning for PowerLED + 130 W.<br \/>\nEHEIM Str\u00f8mforsyning for PowerLED + 180 W.<\/p>\n<p>3 \u00e5rs garanti!<\/p>","protected":false},"excerpt":{"rendered":"<p>Eheim PowerLED+ er den nyeste LED-armtur serien fra Eheim.<\/p>\n<p>Meget god kvalitet.<\/p>","protected":false},"featured_media":35355,"comment_status":"closed","ping_status":"closed","template":"","meta":{"_uf_show_specific_survey":0,"_uf_disable_surveys":false},"pwb-brand":[],"product_brand":[],"product_cat":[268,3706],"product_tag":[],"class_list":{"0":"post-35349","1":"product","2":"type-product","3":"status-publish","4":"has-post-thumbnail","6":"product_cat-akvarium-lys-og-varme","7":"product_cat-led-belysning","9":"first","10":"instock","11":"taxable","12":"shipping-taxable","13":"purchasable","14":"product-type-variable","15":"has-default-attributes"},"exclude_global_add_ons":[],"addons":[],"brands":[],"_links":{"self":[{"href":"https:\/\/pim.fuglebutikken.no\/nb\/wp-json\/wp\/v2\/product\/35349","targetHints":{"allow":["GET"]}}],"collection":[{"href":"https:\/\/pim.fuglebutikken.no\/nb\/wp-json\/wp\/v2\/product"}],"about":[{"href":"https:\/\/pim.fuglebutikken.no\/nb\/wp-json\/wp\/v2\/types\/product"}],"replies":[{"embeddable":true,"href":"https:\/\/pim.fuglebutikken.no\/nb\/wp-json\/wp\/v2\/comments?post=35349"}],"wp:featuredmedia":[{"embeddable":true,"href":"https:\/\/pim.fuglebutikken.no\/nb\/wp-json\/wp\/v2\/media\/35355"}],"wp:attachment":[{"href":"https:\/\/pim.fuglebutikken.no\/nb\/wp-json\/wp\/v2\/media?parent=35349"}],"wp:term":[{"taxonomy":"pwb-brand","embeddable":true,"href":"https:\/\/pim.fuglebutikken.no\/nb\/wp-json\/wp\/v2\/pwb-brand?post=35349"},{"taxonomy":"product_brand","embeddable":true,"href":"https:\/\/pim.fuglebutikken.no\/nb\/wp-json\/wp\/v2\/product_brand?post=35349"},{"taxonomy":"product_cat","embeddable":true,"href":"https:\/\/pim.fuglebutikken.no\/nb\/wp-json\/wp\/v2\/product_cat?post=35349"},{"taxonomy":"product_tag","embeddable":true,"href":"https:\/\/pim.fuglebutikken.no\/nb\/wp-json\/wp\/v2\/product_tag?post=35349"}],"curies":[{"name":"wp","href":"https:\/\/api.w.org\/{rel}","templated":true}]}}