{"id":346,"date":"2020-02-22T18:10:34","date_gmt":"2020-02-22T17:10:34","guid":{"rendered":"https:\/\/274105-www.web.tornado-node.net\/product\/import-placeholder-for-629\/"},"modified":"2023-03-30T21:46:07","modified_gmt":"2023-03-30T19:46:07","slug":"vitapol-fuglsand-sitron","status":"publish","type":"product","link":"https:\/\/pim.fuglebutikken.no\/nb\/produkt\/vitapol-fuglsand-sitron\/","title":{"rendered":"Vitapol fuglsand sitron 1.5kg"},"content":{"rendered":"<h2>Vitapol fuglsand sitron 1.5kg<\/h2>\n<p>vitapol fuglesand, Sitronsand for fugler.<\/p>\n<p>Duftende Vitapol sitronsand, en tiltalende duft for fugler hjelper deg med \u00e5 holde kj\u00e6ledyrets bur hygienisk. Sanden er beriket med malte bl\u00e5skjell som inneholder mikro- og makroelementer som er n\u00f8dvendige for at kroppen skal fungere. Du b\u00f8r skifte sand 2-3 ganger i uken for \u00e5 holde buret hygienisk.<\/p>\n<p>Ingredienser: sand 99%, bl\u00e5skjell 1%, duftstoffer &#8211; sitronessens.<\/p>","protected":false},"excerpt":{"rendered":"<h3>Vitapol fuglsand sitron 1.5kg<\/h3>\n<p>Duftende Vitapol sitronsand, en tiltalende duft for fugler hjelper deg med \u00e5 holde kj\u00e6ledyrets bur hygienisk. Sanden er beriket med malte bl\u00e5skjell som inneholder mikro- og makroelementer som er n\u00f8dvendige for at kroppen skal fungere. Du b\u00f8r skifte sand 2-3 ganger i uken for \u00e5 holde buret hygienisk.<\/p>","protected":false},"featured_media":67685,"comment_status":"closed","ping_status":"closed","template":"","meta":{"_uf_show_specific_survey":0,"_uf_disable_surveys":false},"pwb-brand":[3985],"product_brand":[],"product_cat":[16,80],"product_tag":[6908,6909],"class_list":{"0":"post-346","1":"product","2":"type-product","3":"status-publish","4":"has-post-thumbnail","6":"pwb-brand-vitapol","7":"product_cat-fugl","8":"product_cat-fuglesand","9":"product_tag-bunnstro-og-fuglesand","10":"product_tag-sand-og-skjell","12":"first","13":"instock","14":"taxable","15":"shipping-taxable","16":"purchasable","17":"product-type-simple"},"exclude_global_add_ons":[],"addons":[],"brands":[{"id":3985,"name":"Vitapol","slug":"vitapol"}],"_links":{"self":[{"href":"https:\/\/pim.fuglebutikken.no\/nb\/wp-json\/wp\/v2\/product\/346","targetHints":{"allow":["GET"]}}],"collection":[{"href":"https:\/\/pim.fuglebutikken.no\/nb\/wp-json\/wp\/v2\/product"}],"about":[{"href":"https:\/\/pim.fuglebutikken.no\/nb\/wp-json\/wp\/v2\/types\/product"}],"replies":[{"embeddable":true,"href":"https:\/\/pim.fuglebutikken.no\/nb\/wp-json\/wp\/v2\/comments?post=346"}],"wp:featuredmedia":[{"embeddable":true,"href":"https:\/\/pim.fuglebutikken.no\/nb\/wp-json\/wp\/v2\/media\/67685"}],"wp:attachment":[{"href":"https:\/\/pim.fuglebutikken.no\/nb\/wp-json\/wp\/v2\/media?parent=346"}],"wp:term":[{"taxonomy":"pwb-brand","embeddable":true,"href":"https:\/\/pim.fuglebutikken.no\/nb\/wp-json\/wp\/v2\/pwb-brand?post=346"},{"taxonomy":"product_brand","embeddable":true,"href":"https:\/\/pim.fuglebutikken.no\/nb\/wp-json\/wp\/v2\/product_brand?post=346"},{"taxonomy":"product_cat","embeddable":true,"href":"https:\/\/pim.fuglebutikken.no\/nb\/wp-json\/wp\/v2\/product_cat?post=346"},{"taxonomy":"product_tag","embeddable":true,"href":"https:\/\/pim.fuglebutikken.no\/nb\/wp-json\/wp\/v2\/product_tag?post=346"}],"curies":[{"name":"wp","href":"https:\/\/api.w.org\/{rel}","templated":true}]}}