{"id":3225,"date":"2020-03-01T15:04:34","date_gmt":"2020-03-01T14:04:34","guid":{"rendered":"https:\/\/274105-www.web.tornado-node.net\/product\/import-placeholder-for-1670\/"},"modified":"2023-12-11T00:04:13","modified_gmt":"2023-12-10T23:04:13","slug":"juwel-akvarium-led-lido-120","status":"publish","type":"product","link":"https:\/\/pim.fuglebutikken.no\/nb\/produkt\/juwel-akvarium-led-lido-120\/","title":{"rendered":"Juwel Akvarium LED Lido 120"},"content":{"rendered":"<h2>Juwel Akvarium LED Lido 120, 61x41x58cm 120L<\/h2>\n<p>MultiLux LED \/ belysning<\/p>\n<p>Str\u00e5lende lysstyrke og utmerket plantevekst er det du f\u00e5r med den nyeste Multilux LED-belysningsteknologien fra Juwel. De utskiftbare 438 mm DAY- og NATURE LED-r\u00f8rene skaper et optimalt lysspekter, samtidig som de sparer opptil 50% energi sammenlignet med T5 samtidig. MultiLux LED-belysningssystemet til Lido 120 LED betyr at du kan jobbe p\u00e5 akvariet ditt komfortabelt, selv n\u00e5r belysningen er sl\u00e5tt p\u00e5. Den ultralydforseglede lysenheten er 100 prosent vanntett og oppfyller de strenge europeiske sikkerhetsstandardene.<\/p>\n<p><img decoding=\"async\" src=\"https:\/\/www.juwel-aquarium.de\/out\/pictures\/generated\/imagine\/srcms\/image\/srcms\/half\/fg_juwel_aquarium_beleuchtung_LED_system(13)-l.jpg\" title=\"\"><\/p>\n<p>Bioflow M \/ filtersystem<\/p>\n<p>For optimal filtrering er Lido 120 LED utstyrt med en h\u00f8yytelses Bioflow M. Dette interne filteret kombinerer effektivitet med sikkerhet og danner midtpunktet i ethvert Juwel-akvarium. Det fungerer p\u00e5 prinsippet om at &#8220;Vannet skal bli i akvariet!&#8221; og er den tryggeste m\u00e5ten \u00e5 filtrere et akvarium p\u00e5. Bioflow M er utstyrt med fem h\u00f8yytelsesfiltermedier og en stille, men likevel kraftig Eccoflow 500 sirkulasjonspumpe.<\/p>\n<p dir=\"ltr\" data-placeholder=\"Oversettelse\"><img decoding=\"async\" src=\"https:\/\/www.juwel-aquarium.de\/out\/pictures\/generated\/imagine\/srcms\/image\/srcms\/half\/fg_juwel_auqarium_filter_lido200_system(1)-l.jpg\" title=\"\"><\/p>\n<p id=\"tw-target-text\" class=\"tw-data-text tw-text-large XcVN5d tw-ta\" dir=\"ltr\" data-placeholder=\"Oversettelse\"><span class=\"Y2IQFc\" lang=\"no\">AquaHeat 100 W \/ automatisk varmeapparat<\/span><\/p>\n<p class=\"tw-data-text tw-text-large XcVN5d tw-ta\" dir=\"ltr\" data-placeholder=\"Oversettelse\"><span class=\"Y2IQFc\" lang=\"no\">Med Juwel kan du juster varmeren, som er perfekt innebygd med i vannsirkulasjonen i Bioflow M-filtersystemet, s\u00f8rger for riktig temperatur i Lido 120 LED. Fordi den bruker s\u00f8lvkontakter av h\u00f8y kvalitet og st\u00f8tsikkert borosilikatglass, oppfyller Juwel-varmeapparater de h\u00f8yeste standardene innen b\u00e5de funksjon og sikkerhet.<\/span><\/p>\n<p><img decoding=\"async\" src=\"https:\/\/www.juwel-aquarium.de\/out\/pictures\/generated\/imagine\/srcms\/image\/srcms\/half\/fg_juwel_auqarium_aquaheat_system(23)-l.jpg\" title=\"\"><\/p>\n<p><iframe loading=\"lazy\" title=\"Aquarium einrichten Juwel Aquarium Lido 120 Einrichtungsbeispiel \/ Tutorial\" width=\"800\" height=\"450\" src=\"https:\/\/www.youtube.com\/embed\/w_LUh66yOeg?feature=oembed\" frameborder=\"0\" allow=\"accelerometer; autoplay; clipboard-write; encrypted-media; gyroscope; picture-in-picture; web-share\" referrerpolicy=\"strict-origin-when-cross-origin\" allowfullscreen><\/iframe><\/p>\n<p><strong>Detaljer om akvariet:<\/strong><\/p>\n<p>LIDO 120 LED-modell<\/p>\n<p>Farger: svart, hvit, m\u00f8rkt tre, lyst tre<br \/>\nM\u00e5l 61 x 41 x 58 cm<br \/>\nVekt 24 kg<br \/>\nVolum ca 120 liter<\/p>\n<p><strong>Detaljer 2 x MultiLux LED 60, 2 x 10 watt<\/strong><\/p>\n<p>Lengde 593 mm<br \/>\nEffekt 1&#215;10 watt DAY &amp; 1&#215;10 watt NATURE<br \/>\nKelvin 9000\/6500<br \/>\nLumen 2760<\/p>\n<p><strong>Detaljer Eccoflow 500 pumpe<\/strong><\/p>\n<p>Maks. Pumpekapasitet 500 l\/t<br \/>\nStr\u00f8mforbruk 5,5 W.<br \/>\nKabellengde 146 cm<\/p>\n<p><strong>Detaljer Bioflow Filter M &#8211; internt filtersystem<\/strong><\/p>\n<p>M\u00e5l 15,5 x 10,2 x 41,7 cm<br \/>\nFiltervolum 3,5 liter<br \/>\nFiltermedium filterull M, karbon M, Nitrax M, 2x filtersvamp fin M, filtersvamp grov M<br \/>\npumpe inkludert<\/p>\n<p><strong>Detaljer AquaHeat 100 &#8211; justerbar varmeovn<\/strong><\/p>\n<p><strong>T\u00dcV \/ GS testet for sikkerhet<\/strong><\/p>\n<p>Lengde 265 mm<br \/>\nEffekt 100 watt<br \/>\nKabellengde 150 cm<br \/>\nMateriale borosilikatglass (sikkerhetsglass)<br \/>\nTemperaturomr\u00e5de 20-30 \u00b0C<br \/>\nDiameter 25 mm<\/p>","protected":false},"excerpt":{"rendered":"<h3>Juwel Akvarium LED Lido 120 61x41x58cm 120L<\/h3>\n<p>Juwel Akvarium LED Lido 120 61x41x58cm 120L <span class=\"Y2IQFc\" lang=\"no\">kubisme &#8211; med sans for klare linjer &#8211; er det stilistiske notatet satt av Lido 120 LED. Lido 120 LED er 61 cm bred og st\u00e5r ekstraordin\u00e6rt 58 cm h\u00f8y, og er ogs\u00e5 perfekt for bruk som saltvannsakvarium.<\/span><\/p>\n<p><span class=\"Y2IQFc\" lang=\"no\"> Sikkerhets rammen s\u00f8rger for spesielt sikker posisjonering og lar deg sette opp akvariet ditt enkelt, uten behov for spesielle st\u00f8tter. Omhyggelig utf\u00f8relse fra Tyskland, materialer av topp kvalitet og perfekt innstilt teknologi garanterer det aller beste av kvalitet og sikkerhet, noe som betyr lang levetid for din Lido 120 LED.<\/span><\/p>\n<p><span class=\"Y2IQFc\" lang=\"no\"> Velg mellom svart, m\u00f8rkt tre, lyst tre og hvitt.<br \/>\n<strong>Inkludert<\/strong>:<br \/>\nMultilux LED 2 x 12w 438mm<br \/>\nFiltersystem Bioflow M<br \/>\nEccoflow 500 pumpe<br \/>\nVarmekolbe 100w<br \/>\n<\/span><\/p>\n<p>Velg: MyPack Home store terrarium\/akvarium: kr375.00, som fraktmetode eller hent gratis i v\u00e5r butikk i Trondheim.<\/p>","protected":false},"featured_media":3257,"comment_status":"open","ping_status":"closed","template":"","meta":{"_uf_show_specific_survey":0,"_uf_disable_surveys":false},"pwb-brand":[4024],"product_brand":[],"product_cat":[354,4474,2737],"product_tag":[],"class_list":{"0":"post-3225","1":"product","2":"type-product","3":"status-publish","4":"has-post-thumbnail","6":"pwb-brand-juwel","7":"product_cat-akvarier","8":"product_cat-juwel-akvarium","9":"product_cat-mobelakvarium","11":"first","12":"instock","13":"taxable","14":"shipping-taxable","15":"purchasable","16":"product-type-variable","17":"has-default-attributes"},"exclude_global_add_ons":[],"addons":[],"brands":[{"id":4024,"name":"Juwel","slug":"juwel"}],"_links":{"self":[{"href":"https:\/\/pim.fuglebutikken.no\/nb\/wp-json\/wp\/v2\/product\/3225","targetHints":{"allow":["GET"]}}],"collection":[{"href":"https:\/\/pim.fuglebutikken.no\/nb\/wp-json\/wp\/v2\/product"}],"about":[{"href":"https:\/\/pim.fuglebutikken.no\/nb\/wp-json\/wp\/v2\/types\/product"}],"replies":[{"embeddable":true,"href":"https:\/\/pim.fuglebutikken.no\/nb\/wp-json\/wp\/v2\/comments?post=3225"}],"wp:featuredmedia":[{"embeddable":true,"href":"https:\/\/pim.fuglebutikken.no\/nb\/wp-json\/wp\/v2\/media\/3257"}],"wp:attachment":[{"href":"https:\/\/pim.fuglebutikken.no\/nb\/wp-json\/wp\/v2\/media?parent=3225"}],"wp:term":[{"taxonomy":"pwb-brand","embeddable":true,"href":"https:\/\/pim.fuglebutikken.no\/nb\/wp-json\/wp\/v2\/pwb-brand?post=3225"},{"taxonomy":"product_brand","embeddable":true,"href":"https:\/\/pim.fuglebutikken.no\/nb\/wp-json\/wp\/v2\/product_brand?post=3225"},{"taxonomy":"product_cat","embeddable":true,"href":"https:\/\/pim.fuglebutikken.no\/nb\/wp-json\/wp\/v2\/product_cat?post=3225"},{"taxonomy":"product_tag","embeddable":true,"href":"https:\/\/pim.fuglebutikken.no\/nb\/wp-json\/wp\/v2\/product_tag?post=3225"}],"curies":[{"name":"wp","href":"https:\/\/api.w.org\/{rel}","templated":true}]}}