{"id":3169,"date":"2020-03-01T15:04:27","date_gmt":"2020-03-01T14:04:27","guid":{"rendered":"https:\/\/274105-www.web.tornado-node.net\/product\/import-placeholder-for-1556\/"},"modified":"2023-09-11T14:45:30","modified_gmt":"2023-09-11T12:45:30","slug":"eheim-universalpumpe","status":"publish","type":"product","link":"https:\/\/pim.fuglebutikken.no\/nb\/produkt\/eheim-universalpumpe\/","title":{"rendered":"Eheim universalpumpe"},"content":{"rendered":"<p>Eheim 300 (Eheim 1046) pumper 300 liter per time, maks pumpeh\u00f8yde 1,2m<br \/>\nEheim 600 (Eheim 1048) pumper 600 liter per time, maks pumpeh\u00f8yde 1,5m<br \/>\nEheim 1200 (Eheim 1250) pumper 1200 liter per time, maks pumpeh\u00f8yde 2m<br \/>\nEheim 2400 (Eheim 1260) pumper 2400 liter per time, maks pumpeh\u00f8yde 3,7m<br \/>\nEheim 3400 (Eheim 1262) pumper 3400 liter per time, maks pumpeh\u00f8yde 3,6m<\/p>\n<p>Pumpeh\u00f8yden angir maks h\u00f8yde man kan pumpe vannet med p\u00e5koblet slange.<\/p>\n<p>Eheim er et anerkjent merke fra Tyskland som har v\u00e6rt p\u00e5 markedet i mange \u00e5r.<br \/>\nDe leverer driftssikkert utstyr og anbefales til akvarister p\u00e5 alle niv\u00e5.<\/p>\n<p>Vi skaffer reservedeler til de fleste Eheim modeller.<br \/>\nKontakt oss dersom du trenger rotorer, pakninger, slanger, r\u00f8r eller andre deler til din Eheim pumpe.<\/p>","protected":false},"excerpt":{"rendered":"<p>Eheim universalpumpe for store akvarier, som ogs\u00e5 er godt egnet til sump i saltvannsakvarium eller ute dam.<\/p>\n<p>Pumpen plasseres under vann. Vanligvis setter man en slange p\u00e5 utstr\u00f8mmer r\u00f8ret.<br \/>\nMed p\u00e5koblet slange fungerer den nesten som en lensepumpe. Man kan p\u00e5 den m\u00e5ten pumpe vannet ut av akvariesumpen, opp i hovedakvariet og skape sirkulasjon i saltvanns akvariesystemer.<br \/>\nPumpen er ogs\u00e5 godt egnet til \u00e5 skape rennende vann eller bekk i ute dam og fontene.<\/p>","protected":false},"featured_media":3199,"comment_status":"open","ping_status":"closed","template":"","meta":{"_uf_show_specific_survey":0,"_uf_disable_surveys":false},"pwb-brand":[3858],"product_brand":[],"product_cat":[280],"product_tag":[],"class_list":{"0":"post-3169","1":"product","2":"type-product","3":"status-publish","4":"has-post-thumbnail","6":"pwb-brand-eheim","7":"product_cat-innvendig","9":"first","10":"instock","11":"taxable","12":"shipping-taxable","13":"purchasable","14":"product-type-variable","15":"has-default-attributes"},"exclude_global_add_ons":[],"addons":[],"brands":[{"id":3858,"name":"Eheim","slug":"eheim"}],"_links":{"self":[{"href":"https:\/\/pim.fuglebutikken.no\/nb\/wp-json\/wp\/v2\/product\/3169","targetHints":{"allow":["GET"]}}],"collection":[{"href":"https:\/\/pim.fuglebutikken.no\/nb\/wp-json\/wp\/v2\/product"}],"about":[{"href":"https:\/\/pim.fuglebutikken.no\/nb\/wp-json\/wp\/v2\/types\/product"}],"replies":[{"embeddable":true,"href":"https:\/\/pim.fuglebutikken.no\/nb\/wp-json\/wp\/v2\/comments?post=3169"}],"wp:featuredmedia":[{"embeddable":true,"href":"https:\/\/pim.fuglebutikken.no\/nb\/wp-json\/wp\/v2\/media\/3199"}],"wp:attachment":[{"href":"https:\/\/pim.fuglebutikken.no\/nb\/wp-json\/wp\/v2\/media?parent=3169"}],"wp:term":[{"taxonomy":"pwb-brand","embeddable":true,"href":"https:\/\/pim.fuglebutikken.no\/nb\/wp-json\/wp\/v2\/pwb-brand?post=3169"},{"taxonomy":"product_brand","embeddable":true,"href":"https:\/\/pim.fuglebutikken.no\/nb\/wp-json\/wp\/v2\/product_brand?post=3169"},{"taxonomy":"product_cat","embeddable":true,"href":"https:\/\/pim.fuglebutikken.no\/nb\/wp-json\/wp\/v2\/product_cat?post=3169"},{"taxonomy":"product_tag","embeddable":true,"href":"https:\/\/pim.fuglebutikken.no\/nb\/wp-json\/wp\/v2\/product_tag?post=3169"}],"curies":[{"name":"wp","href":"https:\/\/api.w.org\/{rel}","templated":true}]}}