{"id":3095,"date":"2020-03-01T15:04:13","date_gmt":"2020-03-01T14:04:13","guid":{"rendered":"https:\/\/274105-www.web.tornado-node.net\/product\/import-placeholder-for-1522\/"},"modified":"2024-09-03T16:02:49","modified_gmt":"2024-09-03T14:02:49","slug":"eheim-liberty","status":"publish","type":"product","link":"https:\/\/pim.fuglebutikken.no\/nb\/produkt\/eheim-liberty\/","title":{"rendered":"Eheim liberty"},"content":{"rendered":"<p><span style=\"color: #343434;font-family: Roboto, 'Helvetica Neue', Helvetica, Arial, sans-serif;font-size: 13px;font-style: normal;font-weight: 400;letter-spacing: normal;text-align: start;text-indent: 0px;text-transform: none;background-color: #ffffff;float: none\">De utvendige Liberty akvariepumper fra Eheim er meget lette \u00e5 montere og effektive i bruk.<\/span><br style=\"color: #343434;font-family: Roboto, 'Helvetica Neue', Helvetica, Arial, sans-serif;font-size: 13px;font-style: normal;font-weight: 400;letter-spacing: normal;text-align: start;text-indent: 0px;text-transform: none;background-color: #ffffff\" \/><br style=\"color: #343434;font-family: Roboto, 'Helvetica Neue', Helvetica, Arial, sans-serif;font-size: 13px;font-style: normal;font-weight: 400;letter-spacing: normal;text-align: start;text-indent: 0px;text-transform: none;background-color: #ffffff\" \/><span style=\"color: #343434;font-family: Roboto, 'Helvetica Neue', Helvetica, Arial, sans-serif;font-size: 13px;font-style: normal;font-weight: 400;letter-spacing: normal;text-align: start;text-indent: 0px;text-transform: none;background-color: #ffffff;float: none\">Det lydl\u00f8se inn- og utstr\u00f8mningssystemet sikrer at den lager minst mulig st\u00f8y, samtidig som at det store filtermediet sikrer en h\u00f8y biologisk effektivitet. Pumpens gjennomstr\u00f8mning kan justeres via den r\u00f8de output-control knapp.<\/span><\/p>\n<div class=\"h2 thin\" style=\"font-family: Roboto, 'Helvetica Neue', Helvetica, Arial, sans-serif;font-weight: 100;line-height: 1.1;color: #343434;margin-top: 1.42857rem;margin-bottom: 0.714286rem;font-size: 2.15rem;font-style: normal;letter-spacing: normal;text-align: start;text-indent: 0px;text-transform: none;background-color: #ffffff\">Spesifikasjoner<\/div>\n<table class=\"table table-striped\" style=\"border-collapse: collapse;border-spacing: 0px;background-color: #ffffff;width: 352.8px;max-width: 100%;margin-bottom: 1.42857rem;color: #343434;font-family: Roboto, 'Helvetica Neue', Helvetica, Arial, sans-serif;font-size: 13px;font-style: normal;font-weight: 400;letter-spacing: normal;text-align: start;text-indent: 0px;text-transform: none\">\n<tbody>\n<tr>\n<td class=\"text-pretty\">Produkt-id<\/td>\n<td class=\"text-pretty\">4011708201428<\/td>\n<\/tr>\n<tr>\n<td class=\"text-pretty\">Vekt<\/td>\n<td>600\u00a0g<\/td>\n<\/tr>\n<tr>\n<td>Merke<\/td>\n<td class=\"text-capitalize\"><a href=\"https:\/\/www.zoopermarked.no\/merker\/eheim\/\" target=\"_blank\" rel=\"noopener\">Eheim<\/a><\/td>\n<\/tr>\n<tr>\n<td>Dyregruppe<\/td>\n<td class=\"text-pretty\">Akvarie<\/td>\n<\/tr>\n<tr>\n<td>Ytelse<\/td>\n<td class=\"text-pretty\">201 &#8211; 400 l \/ t<\/td>\n<\/tr>\n<tr>\n<td>Funksjon<\/td>\n<td class=\"text-pretty\">Filtrering<\/td>\n<\/tr>\n<tr>\n<td>Akvariest\u00f8rrelse<\/td>\n<td class=\"text-pretty\">51 &#8211; 99 l<\/td>\n<\/tr>\n<tr>\n<td>Watt<\/td>\n<td class=\"text-pretty\">2 watt<\/td>\n<\/tr>\n<\/tbody>\n<\/table>","protected":false},"excerpt":{"rendered":"<p>Eheim liberty<\/p>\n<p>&nbsp;<\/p>","protected":false},"featured_media":3116,"comment_status":"open","ping_status":"closed","template":"","meta":{"_uf_show_specific_survey":0,"_uf_disable_surveys":false},"pwb-brand":[],"product_brand":[],"product_cat":[353,280,276],"product_tag":[1737,1749],"class_list":{"0":"post-3095","1":"product","2":"type-product","3":"status-publish","4":"has-post-thumbnail","6":"product_cat-akvarium-som-hobby","7":"product_cat-innvendig","8":"product_cat-pumper-sirkulasjon","9":"product_tag-akvariefilter","10":"product_tag-akvariepumpe","12":"first","13":"instock","14":"taxable","15":"shipping-taxable","16":"purchasable","17":"product-type-variable","18":"has-default-attributes"},"exclude_global_add_ons":[],"addons":[],"brands":[],"_links":{"self":[{"href":"https:\/\/pim.fuglebutikken.no\/nb\/wp-json\/wp\/v2\/product\/3095","targetHints":{"allow":["GET"]}}],"collection":[{"href":"https:\/\/pim.fuglebutikken.no\/nb\/wp-json\/wp\/v2\/product"}],"about":[{"href":"https:\/\/pim.fuglebutikken.no\/nb\/wp-json\/wp\/v2\/types\/product"}],"replies":[{"embeddable":true,"href":"https:\/\/pim.fuglebutikken.no\/nb\/wp-json\/wp\/v2\/comments?post=3095"}],"wp:featuredmedia":[{"embeddable":true,"href":"https:\/\/pim.fuglebutikken.no\/nb\/wp-json\/wp\/v2\/media\/3116"}],"wp:attachment":[{"href":"https:\/\/pim.fuglebutikken.no\/nb\/wp-json\/wp\/v2\/media?parent=3095"}],"wp:term":[{"taxonomy":"pwb-brand","embeddable":true,"href":"https:\/\/pim.fuglebutikken.no\/nb\/wp-json\/wp\/v2\/pwb-brand?post=3095"},{"taxonomy":"product_brand","embeddable":true,"href":"https:\/\/pim.fuglebutikken.no\/nb\/wp-json\/wp\/v2\/product_brand?post=3095"},{"taxonomy":"product_cat","embeddable":true,"href":"https:\/\/pim.fuglebutikken.no\/nb\/wp-json\/wp\/v2\/product_cat?post=3095"},{"taxonomy":"product_tag","embeddable":true,"href":"https:\/\/pim.fuglebutikken.no\/nb\/wp-json\/wp\/v2\/product_tag?post=3095"}],"curies":[{"name":"wp","href":"https:\/\/api.w.org\/{rel}","templated":true}]}}